{"id":3751,"date":"2023-11-25T16:07:29","date_gmt":"2023-11-25T15:07:29","guid":{"rendered":"https:\/\/sultanspices.es\/kurkure-green-chutney-75g\/"},"modified":"2026-04-05T10:13:41","modified_gmt":"2026-04-05T08:13:41","slug":"kurkure-green-chutney-75g","status":"publish","type":"product","link":"https:\/\/sultanspices.es\/es\/producto\/kurkure-verde-chutney-75g\/","title":{"rendered":"CHUTNEY VERDE KURKURE 75G"},"content":{"rendered":"<div class=\"flex-1 overflow-hidden\">\n<div class=\"react-scroll-to-bottom--css-wseun-79elbk h-full\">\n<div class=\"react-scroll-to-bottom--css-wseun-1n7m0yu\">\n<div class=\"flex flex-col text-sm pb-9\">\n<div class=\"w-full text-token-text-primary\" dir=\"auto\" data-testid=\"conversation-turn-661\">\n<div class=\"px-4 py-2 justify-center text-base md:gap-6 m-auto\">\n<div class=\"flex flex-1 text-base mx-auto gap-3 juice:gap-4 juice:md:gap-6 md:px-5 lg:px-1 xl:px-5 md:max-w-3xl lg:max-w-[40rem] xl:max-w-[48rem] group final-completion\">\n<div class=\"relative flex w-full flex-col agent-turn\">\n<div class=\"flex-col gap-1 md:gap-3\">\n<div class=\"flex flex-grow flex-col max-w-full\">\n<div class=\"min-h-[20px] text-message flex flex-col items-start gap-3 whitespace-pre-wrap break-words [.text-message+&amp;]:mt-5 overflow-x-auto\" dir=\"auto\" data-message-author-role=\"assistant\" data-message-id=\"171bb962-cbb6-4b91-818b-c22160ccc992\">\n<div class=\"markdown prose w-full break-words dark:prose-invert dark\">\n<p>Saboree el delicioso sabor de Kurkure Green Chutney 75g, ahora disponible en Sultan Spices &amp; Supermarket. Estos aperitivos crujientes y \u00e1cidas son perfectos para satisfacer sus antojos de un bocado sabroso.<\/p>\n<p>Kurkure Green Chutney se elabora con ingredientes de primera calidad y se impregna de los refrescantes sabores del chutney verde. Con cada bocado crujiente, experimentar\u00e1 una explosi\u00f3n de sabor \u00e1cido y picante que deleitar\u00e1 su paladar.<\/p>\n<p>Tanto si est\u00e1s disfrutando de una noche de cine en casa como si eres el anfitri\u00f3n de una reuni\u00f3n con amigos, Kurkure Green Chutney seguro que ser\u00e1 un \u00e9xito. Hazte con un paquete hoy mismo y mejora tus aperitivos con los deliciosos sabores del chutney verde. Ya disponible en Sultan Spices &amp; Supermarket.<\/p>\n<\/div>\n<\/div>\n<\/div>\n<\/div>\n<\/div>\n<\/div>\n<\/div>\n<\/div>\n<\/div>\n<\/div>\n<\/div>\n<\/div>","protected":false},"excerpt":{"rendered":"<p>Saboree el delicioso sabor de Kurkure Green Chutney 75g, ahora disponible en Sultan Spices &amp; Supermarket. Estos crujientes y sabrosos aperitivos son perfectos para satisfacer sus antojos. Kurkure Green Chutney est\u00e1 elaborado con ingredientes de primera calidad e impregnado de los refrescantes sabores del chutney verde. Con cada bocado crujiente, experimentar\u00e1 un...<\/p>","protected":false},"featured_media":4528,"comment_status":"open","ping_status":"closed","template":"","meta":{"_kad_blocks_custom_css":"","_kad_blocks_head_custom_js":"","_kad_blocks_body_custom_js":"","_kad_blocks_footer_custom_js":"","_kadence_starter_templates_imported_post":false,"_kad_post_transparent":"default","_kad_post_title":"","_kad_post_layout":"default","_kad_post_sidebar_id":"","_kad_post_content_style":"default","_kad_post_vertical_padding":"default","_kad_post_feature":"","_kad_post_feature_position":"","_kad_post_header":false,"_kad_post_footer":false,"_kad_post_classname":""},"product_brand":[],"product_cat":[56],"product_tag":[],"class_list":{"0":"post-3751","1":"product","2":"type-product","3":"status-publish","4":"has-post-thumbnail","6":"product_cat-indian-snacks","8":"first","9":"instock","10":"shipping-taxable","11":"purchasable","12":"product-type-simple","13":"entry","14":"content-bg","15":"loop-entry"},"taxonomy_info":{"product_cat":[{"value":56,"label":"Snacks"}]},"featured_image_src_large":["https:\/\/sultanspices.es\/wp-content\/uploads\/2023\/11\/ProductsPIX-69-1024x1024.png",1024,1024,true],"author_info":[],"comment_info":0,"jetpack_sharing_enabled":true,"_links":{"self":[{"href":"https:\/\/sultanspices.es\/es\/wp-json\/wp\/v2\/product\/3751","targetHints":{"allow":["GET"]}}],"collection":[{"href":"https:\/\/sultanspices.es\/es\/wp-json\/wp\/v2\/product"}],"about":[{"href":"https:\/\/sultanspices.es\/es\/wp-json\/wp\/v2\/types\/product"}],"replies":[{"embeddable":true,"href":"https:\/\/sultanspices.es\/es\/wp-json\/wp\/v2\/comments?post=3751"}],"wp:featuredmedia":[{"embeddable":true,"href":"https:\/\/sultanspices.es\/es\/wp-json\/wp\/v2\/media\/4528"}],"wp:attachment":[{"href":"https:\/\/sultanspices.es\/es\/wp-json\/wp\/v2\/media?parent=3751"}],"wp:term":[{"taxonomy":"product_brand","embeddable":true,"href":"https:\/\/sultanspices.es\/es\/wp-json\/wp\/v2\/product_brand?post=3751"},{"taxonomy":"product_cat","embeddable":true,"href":"https:\/\/sultanspices.es\/es\/wp-json\/wp\/v2\/product_cat?post=3751"},{"taxonomy":"product_tag","embeddable":true,"href":"https:\/\/sultanspices.es\/es\/wp-json\/wp\/v2\/product_tag?post=3751"}],"curies":[{"name":"wp","href":"https:\/\/api.w.org\/{rel}","templated":true}]}}