{"id":3750,"date":"2023-11-25T16:07:27","date_gmt":"2023-11-25T15:07:27","guid":{"rendered":"https:\/\/sultanspices.es\/kheer-mix-ahmed-pista-160g\/"},"modified":"2026-03-31T18:37:42","modified_gmt":"2026-03-31T16:37:42","slug":"kheer-mix-ahmed-pista-160g","status":"publish","type":"product","link":"https:\/\/sultanspices.es\/es\/producto\/kheer-mix-ahmed-pista-160g\/","title":{"rendered":"KHEER MIX AHMED PISTA 160G"},"content":{"rendered":"<div class=\"flex-1 overflow-hidden\">\n<div class=\"react-scroll-to-bottom--css-qbbne-79elbk h-full\">\n<div class=\"react-scroll-to-bottom--css-qbbne-1n7m0yu\">\n<div class=\"flex flex-col pb-9 text-sm\">\n<div class=\"w-full text-token-text-primary\" data-testid=\"conversation-turn-63\">\n<div class=\"px-4 py-2 justify-center text-base md:gap-6 m-auto\">\n<div class=\"flex flex-1 text-base mx-auto gap-3 md:px-5 lg:px-1 xl:px-5 md:max-w-3xl lg:max-w-[40rem] xl:max-w-[48rem] group final-completion\">\n<div class=\"relative flex w-full flex-col lg:w-[calc(100%-115px)] agent-turn\">\n<div class=\"flex-col gap-1 md:gap-3\">\n<div class=\"flex flex-grow flex-col max-w-full\">\n<div class=\"min-h-[20px] text-message flex flex-col items-start gap-3 whitespace-pre-wrap break-words [.text-message+&amp;]:mt-5 overflow-x-auto\" data-message-author-role=\"assistant\" data-message-id=\"57a5e315-f155-42d4-b9ea-4394fa0338b7\">\n<div class=\"markdown prose w-full break-words dark:prose-invert dark\">\n<p>Del\u00e9itese con el rico y cremoso sabor de Ahmed Pista Kheer Mix 160g, ahora disponible en Sultan Spices &amp; Supermarket. Esta mezcla para postres de primera calidad permite preparar c\u00f3modamente el tradicional kheer indio con el delicioso sabor de los pistachos.<\/p>\n<p>Ahmed Pista Kheer Mix est\u00e1 elaborado por expertos a partir de una mezcla de finos ingredientes, como arroz, s\u00f3lidos l\u00e1cteos y especias arom\u00e1ticas, que crean una textura aterciopelada y un aroma celestial. Realzada con la esencia de los pistachos, esta mezcla de kheer proporciona una experiencia de postre lujosa e indulgente.<\/p>\n<p>Preparar Ahmed Pista Kheer es r\u00e1pido y f\u00e1cil. S\u00f3lo tiene que seguir las instrucciones del envase, a\u00f1adir la cantidad de az\u00facar que desee y dejar que la mezcla cueza a fuego lento hasta alcanzar la perfecci\u00f3n. Tanto si se sirve caliente como fr\u00edo, este delicioso postre impresionar\u00e1 a su paladar.<\/p>\n<p>Experimente la riqueza de Ahmed Pista Kheer Mix 160g, ya disponible en Sultan Spices &amp; Supermarket, su fuente online de confianza para aut\u00e9nticas mezclas de postres indios en Espa\u00f1a. Disfrute usted y sus seres queridos de un sabor de lujo con cada cucharada de este delicioso kheer con sabor a pistacho.<\/p>\n<\/div>\n<\/div>\n<\/div>\n<\/div>\n<\/div>\n<\/div>\n<\/div>\n<\/div>\n<\/div>\n<\/div>\n<\/div>\n<\/div>","protected":false},"excerpt":{"rendered":"<p>Del\u00e9itese con el rico y cremoso sabor de Ahmed Pista Kheer Mix 160g, ahora disponible en Sultan Spices &amp; Supermarket. Esta mezcla para postres de primera calidad ofrece una forma c\u00f3moda de preparar el tradicional kheer indio con el delicioso sabor de los pistachos. Ahmed Pista Kheer Mix est\u00e1 elaborado por expertos a partir de una mezcla de...<\/p>","protected":false},"featured_media":4037,"comment_status":"open","ping_status":"closed","template":"","meta":{"_kad_blocks_custom_css":"","_kad_blocks_head_custom_js":"","_kad_blocks_body_custom_js":"","_kad_blocks_footer_custom_js":"","_kadence_starter_templates_imported_post":false,"_kad_post_transparent":"default","_kad_post_title":"","_kad_post_layout":"default","_kad_post_sidebar_id":"","_kad_post_content_style":"default","_kad_post_vertical_padding":"default","_kad_post_feature":"","_kad_post_feature_position":"","_kad_post_header":false,"_kad_post_footer":false,"_kad_post_classname":""},"product_brand":[],"product_cat":[48],"product_tag":[],"class_list":{"0":"post-3750","1":"product","2":"type-product","3":"status-publish","4":"has-post-thumbnail","6":"product_cat-dessert-mixes-for-indian-sweets","8":"first","9":"instock","10":"shipping-taxable","11":"purchasable","12":"product-type-simple","13":"entry","14":"content-bg","15":"loop-entry"},"taxonomy_info":{"product_cat":[{"value":48,"label":"Dessert Mixes for Indian Sweets"}]},"featured_image_src_large":["https:\/\/sultanspices.es\/wp-content\/uploads\/2023\/11\/ProductsPIX-28-1024x1024.png",1024,1024,true],"author_info":[],"comment_info":1,"jetpack_sharing_enabled":true,"_links":{"self":[{"href":"https:\/\/sultanspices.es\/es\/wp-json\/wp\/v2\/product\/3750","targetHints":{"allow":["GET"]}}],"collection":[{"href":"https:\/\/sultanspices.es\/es\/wp-json\/wp\/v2\/product"}],"about":[{"href":"https:\/\/sultanspices.es\/es\/wp-json\/wp\/v2\/types\/product"}],"replies":[{"embeddable":true,"href":"https:\/\/sultanspices.es\/es\/wp-json\/wp\/v2\/comments?post=3750"}],"wp:featuredmedia":[{"embeddable":true,"href":"https:\/\/sultanspices.es\/es\/wp-json\/wp\/v2\/media\/4037"}],"wp:attachment":[{"href":"https:\/\/sultanspices.es\/es\/wp-json\/wp\/v2\/media?parent=3750"}],"wp:term":[{"taxonomy":"product_brand","embeddable":true,"href":"https:\/\/sultanspices.es\/es\/wp-json\/wp\/v2\/product_brand?post=3750"},{"taxonomy":"product_cat","embeddable":true,"href":"https:\/\/sultanspices.es\/es\/wp-json\/wp\/v2\/product_cat?post=3750"},{"taxonomy":"product_tag","embeddable":true,"href":"https:\/\/sultanspices.es\/es\/wp-json\/wp\/v2\/product_tag?post=3750"}],"curies":[{"name":"wp","href":"https:\/\/api.w.org\/{rel}","templated":true}]}}