{"id":3749,"date":"2023-11-25T16:07:26","date_gmt":"2023-11-25T15:07:26","guid":{"rendered":"https:\/\/sultanspices.es\/javentrymace-ali-baba-50g\/"},"modified":"2025-07-19T11:00:04","modified_gmt":"2025-07-19T09:00:04","slug":"javentrymace-ali-baba-50g","status":"publish","type":"product","link":"https:\/\/sultanspices.es\/es\/producto\/javentrymace-ali-baba-50g\/","title":{"rendered":"JAVENTRY(MACIS) ALI BABA 50G"},"content":{"rendered":"<div class=\"flex-1 overflow-hidden\">\n<div class=\"react-scroll-to-bottom--css-wseun-79elbk h-full\">\n<div class=\"react-scroll-to-bottom--css-wseun-1n7m0yu\">\n<div class=\"flex flex-col text-sm pb-9\">\n<div class=\"w-full text-token-text-primary\" dir=\"auto\" data-testid=\"conversation-turn-663\">\n<div class=\"px-4 py-2 justify-center text-base md:gap-6 m-auto\">\n<div class=\"flex flex-1 text-base mx-auto gap-3 juice:gap-4 juice:md:gap-6 md:px-5 lg:px-1 xl:px-5 md:max-w-3xl lg:max-w-[40rem] xl:max-w-[48rem] group final-completion\">\n<div class=\"relative flex w-full flex-col agent-turn\">\n<div class=\"flex-col gap-1 md:gap-3\">\n<div class=\"flex flex-grow flex-col max-w-full\">\n<div class=\"min-h-[20px] text-message flex flex-col items-start gap-3 whitespace-pre-wrap break-words [.text-message+&amp;]:mt-5 overflow-x-auto\" dir=\"auto\" data-message-author-role=\"assistant\" data-message-id=\"89f00be3-528a-46f4-8e95-5faa58b343d4\">\n<div class=\"markdown prose w-full break-words dark:prose-invert dark\">\n<p>Realce sus creaciones culinarias con Javentry (Macis) Ali Baba 50g, ahora disponible en Sultan Spices &amp; Supermarket. Conocido por su perfil de sabor \u00fanico y sus cualidades arom\u00e1ticas, Javentry a\u00f1ade un toque distintivo tanto a platos dulces como salados.<\/p>\n<p>El Javentry de Ali Baba procede de macis de primera calidad, cuidadosamente seleccionados por su rico aroma y sabor. Tanto si prepara biryanis, currys o postres, una pizca de Javentry puede elevar su plato a nuevas cotas.<\/p>\n<p>Experimente el ex\u00f3tico sabor de Javentry de Ali Baba, meticulosamente elaborado para sacar lo mejor de sus recetas favoritas. Eleve sus aventuras culinarias con Javentry de Ali Baba, disponible ahora en Sultan Spices &amp; Supermarket.<\/p>\n<\/div>\n<\/div>\n<\/div>\n<\/div>\n<\/div>\n<\/div>\n<\/div>\n<\/div>\n<\/div>\n<\/div>\n<\/div>\n<\/div>","protected":false},"excerpt":{"rendered":"<p>Realce sus creaciones culinarias con Javentry (Macis) Ali Baba 50g, ahora disponible en Sultan Spices &amp; Supermarket. Conocido por su perfil de sabor \u00fanico y sus cualidades arom\u00e1ticas, el Javentry a\u00f1ade un toque distintivo tanto a los platos dulces como a los salados. El Javentry de Ali Baba procede de macis de primera calidad, cuidadosamente seleccionados por su rico aroma y sabor. Ya sea...<\/p>","protected":false},"featured_media":4531,"comment_status":"open","ping_status":"closed","template":"","meta":{"_kad_blocks_custom_css":"","_kad_blocks_head_custom_js":"","_kad_blocks_body_custom_js":"","_kad_blocks_footer_custom_js":"","_kadence_starter_templates_imported_post":false,"_kad_post_transparent":"default","_kad_post_title":"","_kad_post_layout":"default","_kad_post_sidebar_id":"","_kad_post_content_style":"default","_kad_post_vertical_padding":"default","_kad_post_feature":"","_kad_post_feature_position":"","_kad_post_header":false,"_kad_post_footer":false,"_kad_post_classname":""},"product_brand":[],"product_cat":[50],"product_tag":[],"class_list":{"0":"post-3749","1":"product","2":"type-product","3":"status-publish","4":"has-post-thumbnail","6":"product_cat-spices","8":"first","9":"instock","10":"shipping-taxable","11":"purchasable","12":"product-type-simple","13":"entry","14":"content-bg","15":"loop-entry"},"taxonomy_info":{"product_cat":[{"value":50,"label":"Spices"}]},"featured_image_src_large":["https:\/\/sultanspices.es\/wp-content\/uploads\/2023\/11\/ProductsPIX-70-1024x1024.png",1024,1024,true],"author_info":[],"comment_info":0,"jetpack_sharing_enabled":true,"_links":{"self":[{"href":"https:\/\/sultanspices.es\/es\/wp-json\/wp\/v2\/product\/3749","targetHints":{"allow":["GET"]}}],"collection":[{"href":"https:\/\/sultanspices.es\/es\/wp-json\/wp\/v2\/product"}],"about":[{"href":"https:\/\/sultanspices.es\/es\/wp-json\/wp\/v2\/types\/product"}],"replies":[{"embeddable":true,"href":"https:\/\/sultanspices.es\/es\/wp-json\/wp\/v2\/comments?post=3749"}],"wp:featuredmedia":[{"embeddable":true,"href":"https:\/\/sultanspices.es\/es\/wp-json\/wp\/v2\/media\/4531"}],"wp:attachment":[{"href":"https:\/\/sultanspices.es\/es\/wp-json\/wp\/v2\/media?parent=3749"}],"wp:term":[{"taxonomy":"product_brand","embeddable":true,"href":"https:\/\/sultanspices.es\/es\/wp-json\/wp\/v2\/product_brand?post=3749"},{"taxonomy":"product_cat","embeddable":true,"href":"https:\/\/sultanspices.es\/es\/wp-json\/wp\/v2\/product_cat?post=3749"},{"taxonomy":"product_tag","embeddable":true,"href":"https:\/\/sultanspices.es\/es\/wp-json\/wp\/v2\/product_tag?post=3749"}],"curies":[{"name":"wp","href":"https:\/\/api.w.org\/{rel}","templated":true}]}}