{"id":3747,"date":"2023-11-25T16:07:24","date_gmt":"2023-11-25T15:07:24","guid":{"rendered":"https:\/\/sultanspices.es\/harina-de-maiz-1kg\/"},"modified":"2025-07-19T11:00:04","modified_gmt":"2025-07-19T09:00:04","slug":"harina-de-maiz-1kg","status":"publish","type":"product","link":"https:\/\/sultanspices.es\/es\/producto\/harina-de-maiz-1kg-2\/","title":{"rendered":"Harina de ma\u00edz 1KG"},"content":{"rendered":"<div class=\"flex-1 overflow-hidden\">\n<div class=\"react-scroll-to-bottom--css-wseun-79elbk h-full\">\n<div class=\"react-scroll-to-bottom--css-wseun-1n7m0yu\">\n<div class=\"flex flex-col text-sm pb-9\">\n<div class=\"w-full text-token-text-primary\" dir=\"auto\" data-testid=\"conversation-turn-667\">\n<div class=\"px-4 py-2 justify-center text-base md:gap-6 m-auto\">\n<div class=\"flex flex-1 text-base mx-auto gap-3 juice:gap-4 juice:md:gap-6 md:px-5 lg:px-1 xl:px-5 md:max-w-3xl lg:max-w-[40rem] xl:max-w-[48rem] group final-completion\">\n<div class=\"relative flex w-full flex-col agent-turn\">\n<div class=\"flex-col gap-1 md:gap-3\">\n<div class=\"flex flex-grow flex-col max-w-full\">\n<div class=\"min-h-[20px] text-message flex flex-col items-start gap-3 whitespace-pre-wrap break-words [.text-message+&amp;]:mt-5 overflow-x-auto\" dir=\"auto\" data-message-author-role=\"assistant\" data-message-id=\"0aa16507-a6ed-472e-a9c2-ecc9f327db74\">\n<div class=\"markdown prose w-full break-words dark:prose-invert dark\">\n<p>Disfrute de la aut\u00e9ntica harina de ma\u00edz con este paquete de 1 kg, disponible en Sultan Spices &amp; Supermarket. Perfecta para preparar una gran variedad de platos tradicionales y deliciosos, esta harina de ma\u00edz es un ingrediente esencial en la cocina.<\/p>\n<p>La harina de ma\u00edz es vers\u00e1til y puede utilizarse para hacer tortillas, arepas, tamales y mucho m\u00e1s. Con su textura fina y sabor caracter\u00edstico, esta harina de ma\u00edz garantiza resultados sabrosos y aut\u00e9nticos en sus recetas favoritas.<\/p>\n<p>Tanto si cocina platos de la cocina latinoamericana, caribe\u00f1a o internacional, la harina de ma\u00edz de Sultan Spices &amp; Supermarket es la elecci\u00f3n perfecta para a\u00f1adir un toque de autenticidad y sabor a sus comidas.<\/p>\n<\/div>\n<\/div>\n<\/div>\n<\/div>\n<\/div>\n<\/div>\n<\/div>\n<\/div>\n<\/div>\n<\/div>\n<\/div>\n<\/div>","protected":false},"excerpt":{"rendered":"<p>Disfrute de la aut\u00e9ntica harina de ma\u00edz con este paquete de 1 kg, disponible en Sultan Spices &amp; Supermarket. Perfecta para preparar una gran variedad de platos tradicionales y deliciosos, esta harina de ma\u00edz es un ingrediente esencial en la cocina. La harina de ma\u00edz es vers\u00e1til y se puede utilizar para hacer tortillas, arepas, tamales y mucho m\u00e1s. Con su textura fina y...<\/p>","protected":false},"featured_media":4532,"comment_status":"open","ping_status":"closed","template":"","meta":{"_kad_blocks_custom_css":"","_kad_blocks_head_custom_js":"","_kad_blocks_body_custom_js":"","_kad_blocks_footer_custom_js":"","_kadence_starter_templates_imported_post":false,"_kad_post_transparent":"default","_kad_post_title":"","_kad_post_layout":"default","_kad_post_sidebar_id":"","_kad_post_content_style":"default","_kad_post_vertical_padding":"default","_kad_post_feature":"","_kad_post_feature_position":"","_kad_post_header":false,"_kad_post_footer":false,"_kad_post_classname":""},"product_brand":[],"product_cat":[52],"product_tag":[],"class_list":{"0":"post-3747","1":"product","2":"type-product","3":"status-publish","4":"has-post-thumbnail","6":"product_cat-flour","8":"first","9":"instock","10":"shipping-taxable","11":"purchasable","12":"product-type-simple","13":"entry","14":"content-bg","15":"loop-entry"},"taxonomy_info":{"product_cat":[{"value":52,"label":"Flour"}]},"featured_image_src_large":["https:\/\/sultanspices.es\/wp-content\/uploads\/2023\/11\/ProductsPIX-71-1024x1024.png",1024,1024,true],"author_info":[],"comment_info":0,"jetpack_sharing_enabled":true,"_links":{"self":[{"href":"https:\/\/sultanspices.es\/es\/wp-json\/wp\/v2\/product\/3747","targetHints":{"allow":["GET"]}}],"collection":[{"href":"https:\/\/sultanspices.es\/es\/wp-json\/wp\/v2\/product"}],"about":[{"href":"https:\/\/sultanspices.es\/es\/wp-json\/wp\/v2\/types\/product"}],"replies":[{"embeddable":true,"href":"https:\/\/sultanspices.es\/es\/wp-json\/wp\/v2\/comments?post=3747"}],"wp:featuredmedia":[{"embeddable":true,"href":"https:\/\/sultanspices.es\/es\/wp-json\/wp\/v2\/media\/4532"}],"wp:attachment":[{"href":"https:\/\/sultanspices.es\/es\/wp-json\/wp\/v2\/media?parent=3747"}],"wp:term":[{"taxonomy":"product_brand","embeddable":true,"href":"https:\/\/sultanspices.es\/es\/wp-json\/wp\/v2\/product_brand?post=3747"},{"taxonomy":"product_cat","embeddable":true,"href":"https:\/\/sultanspices.es\/es\/wp-json\/wp\/v2\/product_cat?post=3747"},{"taxonomy":"product_tag","embeddable":true,"href":"https:\/\/sultanspices.es\/es\/wp-json\/wp\/v2\/product_tag?post=3747"}],"curies":[{"name":"wp","href":"https:\/\/api.w.org\/{rel}","templated":true}]}}