{"id":3746,"date":"2023-11-25T16:07:23","date_gmt":"2023-11-25T15:07:23","guid":{"rendered":"https:\/\/sultanspices.es\/haldi-pwd-ali-baba-400g\/"},"modified":"2026-04-15T10:32:48","modified_gmt":"2026-04-15T08:32:48","slug":"haldi-pwd-ali-baba-400g","status":"publish","type":"product","link":"https:\/\/sultanspices.es\/es\/producto\/haldi-pwd-ali-baba-400g\/","title":{"rendered":"HALDI PWD ALI BABA 400G"},"content":{"rendered":"<div class=\"flex-1 overflow-hidden\">\n<div class=\"react-scroll-to-bottom--css-wseun-79elbk h-full\">\n<div class=\"react-scroll-to-bottom--css-wseun-1n7m0yu\">\n<div class=\"flex flex-col text-sm pb-9\">\n<div class=\"w-full text-token-text-primary\" dir=\"auto\" data-testid=\"conversation-turn-671\">\n<div class=\"px-4 py-2 justify-center text-base md:gap-6 m-auto\">\n<div class=\"flex flex-1 text-base mx-auto gap-3 juice:gap-4 juice:md:gap-6 md:px-5 lg:px-1 xl:px-5 md:max-w-3xl lg:max-w-[40rem] xl:max-w-[48rem] group final-completion\">\n<div class=\"relative flex w-full flex-col agent-turn\">\n<div class=\"flex-col gap-1 md:gap-3\">\n<div class=\"flex flex-grow flex-col max-w-full\">\n<div class=\"min-h-[20px] text-message flex flex-col items-start gap-3 whitespace-pre-wrap break-words [.text-message+&amp;]:mt-5 overflow-x-auto\" dir=\"auto\" data-message-author-role=\"assistant\" data-message-id=\"0552cde4-fc04-4a21-b8b7-836e97e16b5e\">\n<div class=\"markdown prose w-full break-words dark:prose-invert dark\">\n<p>Presentamos el polvo Haldi de Ali Baba en un pr\u00e1ctico envase de 400 g, ahora disponible en Sultan Spices &amp; Supermarket. Haldi, tambi\u00e9n conocida como c\u00farcuma, es una especia vers\u00e1til ampliamente utilizada en la cocina y la medicina tradicional.<\/p>\n<p>El polvo Haldi de Ali Baba se obtiene de ra\u00edces de c\u00farcuma de alta calidad y se muele a la perfecci\u00f3n, garantizando el m\u00e1ximo sabor y potencia. Conocida por su color vibrante y su aroma terroso, la c\u00farcuma aporta profundidad y riqueza a una amplia gama de platos, desde currys y guisos hasta sopas y adobos.<\/p>\n<p>Adem\u00e1s de sus usos culinarios, la c\u00farcuma es apreciada por sus numerosos beneficios para la salud. Contiene curcumina, un compuesto conocido por sus propiedades antiinflamatorias y antioxidantes, que pueden contribuir a la salud y el bienestar general.<\/p>\n<p>Mejore sus creaciones culinarias y aproveche los beneficios para la salud de la c\u00farcuma con el polvo Haldi de Ali Baba. Abast\u00e9cete de esta especia esencial en Sultan Spices &amp; Supermarket y eleva tus platos con su rico sabor y vibrante color.<\/p>\n<\/div>\n<\/div>\n<\/div>\n<\/div>\n<\/div>\n<\/div>\n<\/div>\n<\/div>\n<\/div>\n<\/div>\n<\/div>\n<\/div>","protected":false},"excerpt":{"rendered":"<p>Presentamos el polvo Haldi de Ali Baba en un pr\u00e1ctico envase de 400 g, ahora disponible en Sultan Spices &amp; Supermarket. Haldi, tambi\u00e9n conocida como c\u00farcuma, es una especia vers\u00e1til ampliamente utilizada en la cocina y la medicina tradicional. El polvo de haldi de Ali Baba se obtiene de ra\u00edces de c\u00farcuma de alta calidad y se muele a la perfecci\u00f3n, garantizando el m\u00e1ximo sabor y potencia. Conocida por su...<\/p>","protected":false},"featured_media":4534,"comment_status":"open","ping_status":"closed","template":"","meta":{"_kad_blocks_custom_css":"","_kad_blocks_head_custom_js":"","_kad_blocks_body_custom_js":"","_kad_blocks_footer_custom_js":"","_kadence_starter_templates_imported_post":false,"_kad_post_transparent":"default","_kad_post_title":"","_kad_post_layout":"default","_kad_post_sidebar_id":"","_kad_post_content_style":"default","_kad_post_vertical_padding":"default","_kad_post_feature":"","_kad_post_feature_position":"","_kad_post_header":false,"_kad_post_footer":false,"_kad_post_classname":""},"product_brand":[],"product_cat":[50],"product_tag":[],"class_list":{"0":"post-3746","1":"product","2":"type-product","3":"status-publish","4":"has-post-thumbnail","6":"product_cat-spices","8":"first","9":"instock","10":"shipping-taxable","11":"purchasable","12":"product-type-simple","13":"entry","14":"content-bg","15":"loop-entry"},"taxonomy_info":{"product_cat":[{"value":50,"label":"Spices"}]},"featured_image_src_large":["https:\/\/sultanspices.es\/wp-content\/uploads\/2023\/11\/ProductsPIX-73-1024x1024.png",1024,1024,true],"author_info":[],"comment_info":1,"jetpack_sharing_enabled":true,"_links":{"self":[{"href":"https:\/\/sultanspices.es\/es\/wp-json\/wp\/v2\/product\/3746","targetHints":{"allow":["GET"]}}],"collection":[{"href":"https:\/\/sultanspices.es\/es\/wp-json\/wp\/v2\/product"}],"about":[{"href":"https:\/\/sultanspices.es\/es\/wp-json\/wp\/v2\/types\/product"}],"replies":[{"embeddable":true,"href":"https:\/\/sultanspices.es\/es\/wp-json\/wp\/v2\/comments?post=3746"}],"wp:featuredmedia":[{"embeddable":true,"href":"https:\/\/sultanspices.es\/es\/wp-json\/wp\/v2\/media\/4534"}],"wp:attachment":[{"href":"https:\/\/sultanspices.es\/es\/wp-json\/wp\/v2\/media?parent=3746"}],"wp:term":[{"taxonomy":"product_brand","embeddable":true,"href":"https:\/\/sultanspices.es\/es\/wp-json\/wp\/v2\/product_brand?post=3746"},{"taxonomy":"product_cat","embeddable":true,"href":"https:\/\/sultanspices.es\/es\/wp-json\/wp\/v2\/product_cat?post=3746"},{"taxonomy":"product_tag","embeddable":true,"href":"https:\/\/sultanspices.es\/es\/wp-json\/wp\/v2\/product_tag?post=3746"}],"curies":[{"name":"wp","href":"https:\/\/api.w.org\/{rel}","templated":true}]}}