{"id":3745,"date":"2023-11-25T16:07:21","date_gmt":"2023-11-25T15:07:21","guid":{"rendered":"https:\/\/sultanspices.es\/gulkandrose-petal-pachranga-500g\/"},"modified":"2026-02-23T12:40:47","modified_gmt":"2026-02-23T11:40:47","slug":"gulkandrose-petal-pachranga-500g","status":"publish","type":"product","link":"https:\/\/sultanspices.es\/es\/producto\/gulkandrose-petal-pachranga-500g\/","title":{"rendered":"GULKAND(P\u00c9TALO DE ROSA) PACHRANGA 500G"},"content":{"rendered":"<div class=\"flex-1 overflow-hidden\">\n<div class=\"react-scroll-to-bottom--css-wseun-79elbk h-full\">\n<div class=\"react-scroll-to-bottom--css-wseun-1n7m0yu\">\n<div class=\"flex flex-col text-sm pb-9\">\n<div class=\"w-full text-token-text-primary\" dir=\"auto\" data-testid=\"conversation-turn-673\">\n<div class=\"px-4 py-2 justify-center text-base md:gap-6 m-auto\">\n<div class=\"flex flex-1 text-base mx-auto gap-3 juice:gap-4 juice:md:gap-6 md:px-5 lg:px-1 xl:px-5 md:max-w-3xl lg:max-w-[40rem] xl:max-w-[48rem] group final-completion\">\n<div class=\"relative flex w-full flex-col agent-turn\">\n<div class=\"flex-col gap-1 md:gap-3\">\n<div class=\"flex flex-grow flex-col max-w-full\">\n<div class=\"min-h-[20px] text-message flex flex-col items-start gap-3 whitespace-pre-wrap break-words [.text-message+&amp;]:mt-5 overflow-x-auto\" dir=\"auto\" data-message-author-role=\"assistant\" data-message-id=\"a9f492b9-0ac9-455e-a074-68d0e20d2548\">\n<div class=\"markdown prose w-full break-words dark:prose-invert dark\">\n<p>Del\u00e9itese con los sabores dulces y arom\u00e1ticos del Gulkand (p\u00e9talo de rosa) de Pachranga, ahora disponible en Sultan Spices &amp; Supermarket. Elaborado con p\u00e9talos de rosa cuidadosamente seleccionados, este exquisito manjar es una apreciada golosina con infinidad de usos.<\/p>\n<p>El Gulkand de Pachranga es conocido por su deliciosa mezcla de p\u00e9talos de rosa, az\u00facar y especias arom\u00e1ticas, que crean un sabor \u00fanico e irresistible, dulce y floral a la vez. Disfr\u00fatelo solo como un delicioso postre o util\u00edcelo como ingrediente vers\u00e1til en una gran variedad de recetas, como dulces, bebidas y postres.<\/p>\n<p>Rico en fragancia y sabor naturales, el Gulkand tambi\u00e9n es apreciado por sus posibles beneficios para la salud. Se cree que tiene propiedades refrescantes y se utiliza a menudo en la medicina ayurv\u00e9dica tradicional para promover la salud digestiva y mejorar el bienestar general.<\/p>\n<p>Experimente el incomparable sabor y versatilidad del Gulkand de Pachranga a\u00f1adi\u00e9ndolo hoy mismo a su despensa. Tanto si le apetece un capricho dulce como si busca elevar sus creaciones culinarias, este Gulkand de primera calidad deleitar\u00e1 sus sentidos. Consiga ya su paquete en Sultan Spices &amp; Supermarket y saboree la esencia de los p\u00e9talos de rosa en cada bocado.<\/p>\n<\/div>\n<\/div>\n<\/div>\n<\/div>\n<\/div>\n<\/div>\n<\/div>\n<\/div>\n<\/div>\n<\/div>\n<\/div>\n<\/div>","protected":false},"excerpt":{"rendered":"<p>Del\u00e9itese con los sabores dulces y arom\u00e1ticos del Gulkand (p\u00e9talo de rosa) de Pachranga, ahora disponible en Sultan Spices &amp; Supermarket. Elaborado a partir de p\u00e9talos de rosa cuidadosamente seleccionados, este exquisito manjar es una apreciada golosina con infinidad de usos. El Gulkand de Pachranga es conocido por su deliciosa mezcla de p\u00e9talos de rosa, az\u00facar y especias arom\u00e1ticas,...<\/p>","protected":false},"featured_media":4536,"comment_status":"open","ping_status":"closed","template":"","meta":{"_kad_blocks_custom_css":"","_kad_blocks_head_custom_js":"","_kad_blocks_body_custom_js":"","_kad_blocks_footer_custom_js":"","_kadence_starter_templates_imported_post":false,"_kad_post_transparent":"default","_kad_post_title":"","_kad_post_layout":"default","_kad_post_sidebar_id":"","_kad_post_content_style":"default","_kad_post_vertical_padding":"default","_kad_post_feature":"","_kad_post_feature_position":"","_kad_post_header":false,"_kad_post_footer":false,"_kad_post_classname":""},"product_brand":[],"product_cat":[55],"product_tag":[],"class_list":{"0":"post-3745","1":"product","2":"type-product","3":"status-publish","4":"has-post-thumbnail","6":"product_cat-pastes","8":"first","9":"instock","10":"shipping-taxable","11":"purchasable","12":"product-type-simple","13":"entry","14":"content-bg","15":"loop-entry"},"taxonomy_info":{"product_cat":[{"value":55,"label":"Pastes, Pickles &amp; Sauces"}]},"featured_image_src_large":["https:\/\/sultanspices.es\/wp-content\/uploads\/2023\/11\/ProductsPIX-74-1024x1024.png",1024,1024,true],"author_info":[],"comment_info":0,"jetpack_sharing_enabled":true,"_links":{"self":[{"href":"https:\/\/sultanspices.es\/es\/wp-json\/wp\/v2\/product\/3745","targetHints":{"allow":["GET"]}}],"collection":[{"href":"https:\/\/sultanspices.es\/es\/wp-json\/wp\/v2\/product"}],"about":[{"href":"https:\/\/sultanspices.es\/es\/wp-json\/wp\/v2\/types\/product"}],"replies":[{"embeddable":true,"href":"https:\/\/sultanspices.es\/es\/wp-json\/wp\/v2\/comments?post=3745"}],"wp:featuredmedia":[{"embeddable":true,"href":"https:\/\/sultanspices.es\/es\/wp-json\/wp\/v2\/media\/4536"}],"wp:attachment":[{"href":"https:\/\/sultanspices.es\/es\/wp-json\/wp\/v2\/media?parent=3745"}],"wp:term":[{"taxonomy":"product_brand","embeddable":true,"href":"https:\/\/sultanspices.es\/es\/wp-json\/wp\/v2\/product_brand?post=3745"},{"taxonomy":"product_cat","embeddable":true,"href":"https:\/\/sultanspices.es\/es\/wp-json\/wp\/v2\/product_cat?post=3745"},{"taxonomy":"product_tag","embeddable":true,"href":"https:\/\/sultanspices.es\/es\/wp-json\/wp\/v2\/product_tag?post=3745"}],"curies":[{"name":"wp","href":"https:\/\/api.w.org\/{rel}","templated":true}]}}