{"id":3743,"date":"2023-11-25T16:07:18","date_gmt":"2023-11-25T15:07:18","guid":{"rendered":"https:\/\/sultanspices.es\/dhania-pwd-ali-baba-400g\/"},"modified":"2026-03-28T09:36:59","modified_gmt":"2026-03-28T08:36:59","slug":"dhania-pwd-ali-baba-400g","status":"publish","type":"product","link":"https:\/\/sultanspices.es\/es\/producto\/dhania-pwd-ali-baba-400g\/","title":{"rendered":"DHANIA (CORIANDER)PWD ALI BABA 400G"},"content":{"rendered":"<div class=\"flex-1 overflow-hidden\">\n<div class=\"react-scroll-to-bottom--css-wseun-79elbk h-full\">\n<div class=\"react-scroll-to-bottom--css-wseun-1n7m0yu\">\n<div class=\"flex flex-col text-sm pb-9\">\n<div class=\"w-full text-token-text-primary\" dir=\"auto\" data-testid=\"conversation-turn-677\">\n<div class=\"px-4 py-2 justify-center text-base md:gap-6 m-auto\">\n<div class=\"flex flex-1 text-base mx-auto gap-3 juice:gap-4 juice:md:gap-6 md:px-5 lg:px-1 xl:px-5 md:max-w-3xl lg:max-w-[40rem] xl:max-w-[48rem] group final-completion\">\n<div class=\"relative flex w-full flex-col agent-turn\">\n<div class=\"flex-col gap-1 md:gap-3\">\n<div class=\"flex flex-grow flex-col max-w-full\">\n<div class=\"min-h-[20px] text-message flex flex-col items-start gap-3 whitespace-pre-wrap break-words [.text-message+&amp;]:mt-5 overflow-x-auto\" dir=\"auto\" data-message-author-role=\"assistant\" data-message-id=\"b25d0c88-2f22-4b61-a5af-243f09e83a7a\">\n<div class=\"markdown prose w-full break-words dark:prose-invert dark\">\n<p>Realce el sabor de sus platos con el polvo Dhanial de Ali Baba, ahora disponible en Sultan Spices &amp; Supermarket. Hecho de semillas de cilantro de alta calidad, este polvo finamente molido a\u00f1ade una explosi\u00f3n de frescura y aroma a su cocina.<\/p>\n<p>El polvo Dhanial de Ali Baba es vers\u00e1til y puede utilizarse en una gran variedad de platos, como currys, sopas, adobos y ali\u00f1os secos. Su rico sabor c\u00edtrico complementa platos vegetarianos y no vegetarianos, a\u00f1adiendo profundidad y complejidad a cada bocado.<\/p>\n<p>Con Ali Baba's Dhanial Powder, puede elevar sin esfuerzo el sabor de sus recetas favoritas e impresionar a su familia e invitados con los aut\u00e9nticos sabores de la cocina del sur de Asia. Experimente la calidad superior y la frescura de Ali Baba's Dhanial Powder, disponible ahora en Sultan Spices &amp; Supermarket.<\/p>\n<\/div>\n<\/div>\n<\/div>\n<\/div>\n<\/div>\n<\/div>\n<\/div>\n<\/div>\n<\/div>\n<\/div>\n<\/div>\n<\/div>","protected":false},"excerpt":{"rendered":"<p>Realce el sabor de sus platos con el polvo Dhanial de Ali Baba, ahora disponible en Sultan Spices &amp; Supermarket. Hecho de semillas de cilantro de alta calidad, este polvo finamente molido a\u00f1ade una explosi\u00f3n de frescura y aroma a su cocina. Ali Baba's Dhanial en polvo es vers\u00e1til y se puede utilizar en una variedad de platos, incluyendo curry, sopas,...<\/p>","protected":false},"featured_media":4539,"comment_status":"open","ping_status":"closed","template":"","meta":{"_kad_blocks_custom_css":"","_kad_blocks_head_custom_js":"","_kad_blocks_body_custom_js":"","_kad_blocks_footer_custom_js":"","_kadence_starter_templates_imported_post":false,"_kad_post_transparent":"default","_kad_post_title":"","_kad_post_layout":"default","_kad_post_sidebar_id":"","_kad_post_content_style":"default","_kad_post_vertical_padding":"default","_kad_post_feature":"","_kad_post_feature_position":"","_kad_post_header":false,"_kad_post_footer":false,"_kad_post_classname":""},"product_brand":[],"product_cat":[50],"product_tag":[],"class_list":{"0":"post-3743","1":"product","2":"type-product","3":"status-publish","4":"has-post-thumbnail","6":"product_cat-spices","8":"first","9":"instock","10":"shipping-taxable","11":"purchasable","12":"product-type-simple","13":"entry","14":"content-bg","15":"loop-entry"},"taxonomy_info":{"product_cat":[{"value":50,"label":"Spices"}]},"featured_image_src_large":["https:\/\/sultanspices.es\/wp-content\/uploads\/2023\/11\/ProductsPIX-76-1024x1024.png",1024,1024,true],"author_info":[],"comment_info":1,"jetpack_sharing_enabled":true,"_links":{"self":[{"href":"https:\/\/sultanspices.es\/es\/wp-json\/wp\/v2\/product\/3743","targetHints":{"allow":["GET"]}}],"collection":[{"href":"https:\/\/sultanspices.es\/es\/wp-json\/wp\/v2\/product"}],"about":[{"href":"https:\/\/sultanspices.es\/es\/wp-json\/wp\/v2\/types\/product"}],"replies":[{"embeddable":true,"href":"https:\/\/sultanspices.es\/es\/wp-json\/wp\/v2\/comments?post=3743"}],"wp:featuredmedia":[{"embeddable":true,"href":"https:\/\/sultanspices.es\/es\/wp-json\/wp\/v2\/media\/4539"}],"wp:attachment":[{"href":"https:\/\/sultanspices.es\/es\/wp-json\/wp\/v2\/media?parent=3743"}],"wp:term":[{"taxonomy":"product_brand","embeddable":true,"href":"https:\/\/sultanspices.es\/es\/wp-json\/wp\/v2\/product_brand?post=3743"},{"taxonomy":"product_cat","embeddable":true,"href":"https:\/\/sultanspices.es\/es\/wp-json\/wp\/v2\/product_cat?post=3743"},{"taxonomy":"product_tag","embeddable":true,"href":"https:\/\/sultanspices.es\/es\/wp-json\/wp\/v2\/product_tag?post=3743"}],"curies":[{"name":"wp","href":"https:\/\/api.w.org\/{rel}","templated":true}]}}