{"id":3742,"date":"2023-11-25T16:07:17","date_gmt":"2023-11-25T15:07:17","guid":{"rendered":"https:\/\/sultanspices.es\/dalchinicinnamon-pwd-ali-baba-100g\/"},"modified":"2026-04-15T10:32:46","modified_gmt":"2026-04-15T08:32:46","slug":"dalchinicinnamon-pwd-ali-baba-100g","status":"publish","type":"product","link":"https:\/\/sultanspices.es\/es\/producto\/dalchinicinnamon-pwd-ali-baba-100g\/","title":{"rendered":"DALCHINI(CANELA) PWD ALI BABA 100G"},"content":{"rendered":"<div class=\"flex-1 overflow-hidden\">\n<div class=\"react-scroll-to-bottom--css-wseun-79elbk h-full\">\n<div class=\"react-scroll-to-bottom--css-wseun-1n7m0yu\">\n<div class=\"flex flex-col text-sm pb-9\">\n<div class=\"w-full text-token-text-primary\" dir=\"auto\" data-testid=\"conversation-turn-679\">\n<div class=\"px-4 py-2 justify-center text-base md:gap-6 m-auto\">\n<div class=\"flex flex-1 text-base mx-auto gap-3 juice:gap-4 juice:md:gap-6 md:px-5 lg:px-1 xl:px-5 md:max-w-3xl lg:max-w-[40rem] xl:max-w-[48rem] group final-completion\">\n<div class=\"relative flex w-full flex-col agent-turn\">\n<div class=\"flex-col gap-1 md:gap-3\">\n<div class=\"flex flex-grow flex-col max-w-full\">\n<div class=\"min-h-[20px] text-message flex flex-col items-start gap-3 whitespace-pre-wrap break-words [.text-message+&amp;]:mt-5 overflow-x-auto\" dir=\"auto\" data-message-author-role=\"assistant\" data-message-id=\"b222a28f-6c35-4707-a44a-d98fb3c872d9\">\n<div class=\"markdown prose w-full break-words dark:prose-invert dark\">\n<p>Mejore sus creaciones culinarias con el polvo de canela Dalchini de Ali Baba, ahora disponible en Sultan Spices &amp; Supermarket. Elaborado a partir de corteza de canela de primera calidad, este polvo finamente molido a\u00f1ade un sabor c\u00e1lido y arom\u00e1tico a sus platos.<\/p>\n<p>El polvo de dalchini de Ali Baba es una especia vers\u00e1til que puede utilizarse tanto en recetas dulces como saladas. Tanto si prepara postres, bebidas o platos salados como currys y guisos, una pizca de este fragante polvo realzar\u00e1 el sabor y el aroma de sus creaciones.<\/p>\n<p>Experimente la rica y reconfortante esencia de la canela en cada plato con el polvo Dalchini de Ali Baba. A\u00f1ada profundidad y calidez a su cocina e impresione a su familia e invitados con los aut\u00e9nticos sabores de la cocina del sur de Asia. Consiga su paquete de Ali Baba's Dalchini Powder hoy mismo en Sultan Spices &amp; Supermarket.<\/p>\n<\/div>\n<\/div>\n<\/div>\n<\/div>\n<\/div>\n<\/div>\n<\/div>\n<\/div>\n<\/div>\n<\/div>\n<\/div>\n<\/div>","protected":false},"excerpt":{"rendered":"<p>Mejore sus creaciones culinarias con el polvo de canela Dalchini de Ali Baba, ahora disponible en Sultan Spices &amp; Supermarket. Elaborado a partir de corteza de canela de primera calidad, este polvo finamente molido a\u00f1ade un sabor c\u00e1lido y arom\u00e1tico a sus platos. Ali Baba's Dalchini en polvo es una especia vers\u00e1til que puede utilizarse tanto en recetas dulces como saladas. Ya sea...<\/p>","protected":false},"featured_media":4541,"comment_status":"open","ping_status":"closed","template":"","meta":{"_kad_blocks_custom_css":"","_kad_blocks_head_custom_js":"","_kad_blocks_body_custom_js":"","_kad_blocks_footer_custom_js":"","_kadence_starter_templates_imported_post":false,"_kad_post_transparent":"default","_kad_post_title":"","_kad_post_layout":"default","_kad_post_sidebar_id":"","_kad_post_content_style":"default","_kad_post_vertical_padding":"default","_kad_post_feature":"","_kad_post_feature_position":"","_kad_post_header":false,"_kad_post_footer":false,"_kad_post_classname":""},"product_brand":[],"product_cat":[50],"product_tag":[],"class_list":{"0":"post-3742","1":"product","2":"type-product","3":"status-publish","4":"has-post-thumbnail","6":"product_cat-spices","8":"first","9":"instock","10":"shipping-taxable","11":"purchasable","12":"product-type-simple","13":"entry","14":"content-bg","15":"loop-entry"},"taxonomy_info":{"product_cat":[{"value":50,"label":"Spices"}]},"featured_image_src_large":["https:\/\/sultanspices.es\/wp-content\/uploads\/2023\/11\/ProductsPIX-77-1024x1024.png",1024,1024,true],"author_info":[],"comment_info":0,"jetpack_sharing_enabled":true,"_links":{"self":[{"href":"https:\/\/sultanspices.es\/es\/wp-json\/wp\/v2\/product\/3742","targetHints":{"allow":["GET"]}}],"collection":[{"href":"https:\/\/sultanspices.es\/es\/wp-json\/wp\/v2\/product"}],"about":[{"href":"https:\/\/sultanspices.es\/es\/wp-json\/wp\/v2\/types\/product"}],"replies":[{"embeddable":true,"href":"https:\/\/sultanspices.es\/es\/wp-json\/wp\/v2\/comments?post=3742"}],"wp:featuredmedia":[{"embeddable":true,"href":"https:\/\/sultanspices.es\/es\/wp-json\/wp\/v2\/media\/4541"}],"wp:attachment":[{"href":"https:\/\/sultanspices.es\/es\/wp-json\/wp\/v2\/media?parent=3742"}],"wp:term":[{"taxonomy":"product_brand","embeddable":true,"href":"https:\/\/sultanspices.es\/es\/wp-json\/wp\/v2\/product_brand?post=3742"},{"taxonomy":"product_cat","embeddable":true,"href":"https:\/\/sultanspices.es\/es\/wp-json\/wp\/v2\/product_cat?post=3742"},{"taxonomy":"product_tag","embeddable":true,"href":"https:\/\/sultanspices.es\/es\/wp-json\/wp\/v2\/product_tag?post=3742"}],"curies":[{"name":"wp","href":"https:\/\/api.w.org\/{rel}","templated":true}]}}