{"id":3741,"date":"2023-11-25T16:07:16","date_gmt":"2023-11-25T15:07:16","guid":{"rendered":"https:\/\/sultanspices.es\/dalchini-whole-ali-baba-200g\/"},"modified":"2026-03-21T22:11:28","modified_gmt":"2026-03-21T21:11:28","slug":"dalchini-whole-ali-baba-200g","status":"publish","type":"product","link":"https:\/\/sultanspices.es\/es\/producto\/dalchini-entero-ali-baba-200g\/","title":{"rendered":"DALCHINI ENTERO ALI BABA 200G"},"content":{"rendered":"<div class=\"flex-1 overflow-hidden\">\n<div class=\"react-scroll-to-bottom--css-wseun-79elbk h-full\">\n<div class=\"react-scroll-to-bottom--css-wseun-1n7m0yu\">\n<div class=\"flex flex-col text-sm pb-9\">\n<div class=\"w-full text-token-text-primary\" dir=\"auto\" data-testid=\"conversation-turn-681\">\n<div class=\"px-4 py-2 justify-center text-base md:gap-6 m-auto\">\n<div class=\"flex flex-1 text-base mx-auto gap-3 juice:gap-4 juice:md:gap-6 md:px-5 lg:px-1 xl:px-5 md:max-w-3xl lg:max-w-[40rem] xl:max-w-[48rem] group final-completion\">\n<div class=\"relative flex w-full flex-col agent-turn\">\n<div class=\"flex-col gap-1 md:gap-3\">\n<div class=\"flex flex-grow flex-col max-w-full\">\n<div class=\"min-h-[20px] text-message flex flex-col items-start gap-3 whitespace-pre-wrap break-words [.text-message+&amp;]:mt-5 overflow-x-auto\" dir=\"auto\" data-message-author-role=\"assistant\" data-message-id=\"6a749331-6a2e-4899-a2de-2b952af789f7\">\n<div class=\"markdown prose w-full break-words dark:prose-invert dark\">\n<p>Mejore sus delicias culinarias con la canela entera Dalchini de Ali Baba, ahora disponible en Sultan Spices &amp; Supermarket. Elaboradas con ramas de canela cuidadosamente seleccionadas, estas arom\u00e1ticas especias enteras son perfectas para infundir a sus platos sabores ricos y c\u00e1lidos.<\/p>\n<p>La canela en rama entera Ali Baba es ideal para diversas aplicaciones culinarias. Tanto si prepara dulces como platos salados o bebidas, estas ramas de canela enteras aportar\u00e1n una fragancia y un sabor deliciosos a sus creaciones. Simplemente mu\u00e9lalas para utilizarlas en recetas o a\u00f1\u00e1dalas enteras para obtener una sutil infusi\u00f3n de sabor.<\/p>\n<p>Experimente la aut\u00e9ntica esencia de la canela con Ali Baba's Whole Dalchini. Mejore su cocina y del\u00e9itese con la riqueza arom\u00e1tica de esta vers\u00e1til especia. Consigue hoy mismo tu paquete de Ali Baba's Whole Dalchini y emb\u00e1rcate en un viaje culinario lleno de deliciosos sabores.<\/p>\n<\/div>\n<\/div>\n<\/div>\n<\/div>\n<\/div>\n<\/div>\n<\/div>\n<\/div>\n<\/div>\n<\/div>\n<\/div>\n<\/div>","protected":false},"excerpt":{"rendered":"<p>Mejore sus delicias culinarias con la canela entera Dalchini de Ali Baba, ahora disponible en Sultan Spices &amp; Supermarket. Elaboradas a partir de ramas de canela cuidadosamente seleccionadas, estas arom\u00e1ticas especias enteras son perfectas para infundir a sus platos sabores ricos y c\u00e1lidos. Ali Baba's Whole Dalchini es ideal para diversas aplicaciones culinarias. Si usted est\u00e1 preparando dulces, platos salados,...<\/p>","protected":false},"featured_media":4542,"comment_status":"open","ping_status":"closed","template":"","meta":{"_kad_blocks_custom_css":"","_kad_blocks_head_custom_js":"","_kad_blocks_body_custom_js":"","_kad_blocks_footer_custom_js":"","_kadence_starter_templates_imported_post":false,"_kad_post_transparent":"default","_kad_post_title":"","_kad_post_layout":"default","_kad_post_sidebar_id":"","_kad_post_content_style":"default","_kad_post_vertical_padding":"default","_kad_post_feature":"","_kad_post_feature_position":"","_kad_post_header":false,"_kad_post_footer":false,"_kad_post_classname":""},"product_brand":[],"product_cat":[50],"product_tag":[],"class_list":{"0":"post-3741","1":"product","2":"type-product","3":"status-publish","4":"has-post-thumbnail","6":"product_cat-spices","8":"first","9":"instock","10":"shipping-taxable","11":"purchasable","12":"product-type-simple","13":"entry","14":"content-bg","15":"loop-entry"},"taxonomy_info":{"product_cat":[{"value":50,"label":"Spices"}]},"featured_image_src_large":["https:\/\/sultanspices.es\/wp-content\/uploads\/2023\/11\/ProductsPIX-78-1024x1024.png",1024,1024,true],"author_info":[],"comment_info":0,"jetpack_sharing_enabled":true,"_links":{"self":[{"href":"https:\/\/sultanspices.es\/es\/wp-json\/wp\/v2\/product\/3741","targetHints":{"allow":["GET"]}}],"collection":[{"href":"https:\/\/sultanspices.es\/es\/wp-json\/wp\/v2\/product"}],"about":[{"href":"https:\/\/sultanspices.es\/es\/wp-json\/wp\/v2\/types\/product"}],"replies":[{"embeddable":true,"href":"https:\/\/sultanspices.es\/es\/wp-json\/wp\/v2\/comments?post=3741"}],"wp:featuredmedia":[{"embeddable":true,"href":"https:\/\/sultanspices.es\/es\/wp-json\/wp\/v2\/media\/4542"}],"wp:attachment":[{"href":"https:\/\/sultanspices.es\/es\/wp-json\/wp\/v2\/media?parent=3741"}],"wp:term":[{"taxonomy":"product_brand","embeddable":true,"href":"https:\/\/sultanspices.es\/es\/wp-json\/wp\/v2\/product_brand?post=3741"},{"taxonomy":"product_cat","embeddable":true,"href":"https:\/\/sultanspices.es\/es\/wp-json\/wp\/v2\/product_cat?post=3741"},{"taxonomy":"product_tag","embeddable":true,"href":"https:\/\/sultanspices.es\/es\/wp-json\/wp\/v2\/product_tag?post=3741"}],"curies":[{"name":"wp","href":"https:\/\/api.w.org\/{rel}","templated":true}]}}