{"id":3733,"date":"2023-11-25T16:07:07","date_gmt":"2023-11-25T15:07:07","guid":{"rendered":"https:\/\/sultanspices.es\/chilli-crushed-ali-baba-250g\/"},"modified":"2026-04-08T10:23:19","modified_gmt":"2026-04-08T08:23:19","slug":"chilli-crushed-ali-baba-250g","status":"publish","type":"product","link":"https:\/\/sultanspices.es\/es\/producto\/chili-crujiente-ali-baba-250g\/","title":{"rendered":"CHILE ALI BABA TRITURADO 250G"},"content":{"rendered":"<div class=\"flex-1 overflow-hidden\">\n<div class=\"react-scroll-to-bottom--css-wseun-79elbk h-full\">\n<div class=\"react-scroll-to-bottom--css-wseun-1n7m0yu\">\n<div class=\"flex flex-col text-sm pb-9\">\n<div class=\"w-full text-token-text-primary\" dir=\"auto\" data-testid=\"conversation-turn-691\">\n<div class=\"px-4 py-2 justify-center text-base md:gap-6 m-auto\">\n<div class=\"flex flex-1 text-base mx-auto gap-3 juice:gap-4 juice:md:gap-6 md:px-5 lg:px-1 xl:px-5 md:max-w-3xl lg:max-w-[40rem] xl:max-w-[48rem] group final-completion\">\n<div class=\"relative flex w-full flex-col agent-turn\">\n<div class=\"flex-col gap-1 md:gap-3\">\n<div class=\"flex flex-grow flex-col max-w-full\">\n<div class=\"min-h-[20px] text-message flex flex-col items-start gap-3 whitespace-pre-wrap break-words [.text-message+&amp;]:mt-5 overflow-x-auto\" dir=\"auto\" data-message-author-role=\"assistant\" data-message-id=\"7ec1905b-5aef-48f9-9667-d4509e71dc1a\">\n<div class=\"markdown prose w-full break-words dark:prose-invert dark\">\n<p>A\u00f1ada un toque picante a sus platos con el chile triturado de Ali Baba, ahora disponible en Sultan Spices &amp; Supermarket. Elaborada con chiles rojos secos de alta calidad, esta mezcla de chiles triturados es perfecta para a\u00f1adir picante y sabor a una gran variedad de platos.<\/p>\n<p>La guindilla triturada Ali Baba es una forma pr\u00e1ctica de condimentar tus platos favoritos, ya sea un salteado, una salsa para pasta o un adobo. Espolvor\u00e9alo sobre pizzas, tacos o carnes a la parrilla para darles un toque extra de sabor, o \u00fasalo para hacer aceite de chile casero o copos de chile.<\/p>\n<p>Seleccionada y procesada cuidadosamente para conservar su frescura y sabor, la guindilla triturada Ali Baba garantiza que cada plato estalle con un color vibrante y un picante intenso. Con sus usos vers\u00e1tiles y su sabor atrevido, es un ingrediente imprescindible en cualquier cocina.<\/p>\n<p>Experimente el atrevido sabor y el picante de la guindilla triturada Ali Baba, disponible en un pr\u00e1ctico envase de 250 g en Sultan Spices &amp; Supermarket. Mejore su cocina y a\u00f1ada un toque picante a sus platos con esta mezcla de chile triturado de primera calidad.<\/p>\n<\/div>\n<\/div>\n<\/div>\n<\/div>\n<\/div>\n<\/div>\n<\/div>\n<\/div>\n<\/div>\n<\/div>\n<\/div>\n<\/div>","protected":false},"excerpt":{"rendered":"<p>A\u00f1ada un toque picante a sus platos con el chile triturado de Ali Baba, ahora disponible en Sultan Spices &amp; Supermarket. Hecho de chiles rojos secos de alta calidad, esta mezcla de chile triturado es perfecto para a\u00f1adir calor y sabor a una variedad de cocinas. Ali Baba Crushed Chilli ofrece una manera conveniente de...<\/p>","protected":false},"featured_media":4552,"comment_status":"open","ping_status":"closed","template":"","meta":{"_kad_blocks_custom_css":"","_kad_blocks_head_custom_js":"","_kad_blocks_body_custom_js":"","_kad_blocks_footer_custom_js":"","_kadence_starter_templates_imported_post":false,"_kad_post_transparent":"default","_kad_post_title":"","_kad_post_layout":"default","_kad_post_sidebar_id":"","_kad_post_content_style":"default","_kad_post_vertical_padding":"default","_kad_post_feature":"","_kad_post_feature_position":"","_kad_post_header":false,"_kad_post_footer":false,"_kad_post_classname":""},"product_brand":[],"product_cat":[50],"product_tag":[],"class_list":{"0":"post-3733","1":"product","2":"type-product","3":"status-publish","4":"has-post-thumbnail","6":"product_cat-spices","8":"first","9":"instock","10":"shipping-taxable","11":"purchasable","12":"product-type-simple","13":"entry","14":"content-bg","15":"loop-entry"},"taxonomy_info":{"product_cat":[{"value":50,"label":"Spices"}]},"featured_image_src_large":["https:\/\/sultanspices.es\/wp-content\/uploads\/2023\/11\/ProductsPIX-83-1024x1024.png",1024,1024,true],"author_info":[],"comment_info":0,"jetpack_sharing_enabled":true,"_links":{"self":[{"href":"https:\/\/sultanspices.es\/es\/wp-json\/wp\/v2\/product\/3733","targetHints":{"allow":["GET"]}}],"collection":[{"href":"https:\/\/sultanspices.es\/es\/wp-json\/wp\/v2\/product"}],"about":[{"href":"https:\/\/sultanspices.es\/es\/wp-json\/wp\/v2\/types\/product"}],"replies":[{"embeddable":true,"href":"https:\/\/sultanspices.es\/es\/wp-json\/wp\/v2\/comments?post=3733"}],"wp:featuredmedia":[{"embeddable":true,"href":"https:\/\/sultanspices.es\/es\/wp-json\/wp\/v2\/media\/4552"}],"wp:attachment":[{"href":"https:\/\/sultanspices.es\/es\/wp-json\/wp\/v2\/media?parent=3733"}],"wp:term":[{"taxonomy":"product_brand","embeddable":true,"href":"https:\/\/sultanspices.es\/es\/wp-json\/wp\/v2\/product_brand?post=3733"},{"taxonomy":"product_cat","embeddable":true,"href":"https:\/\/sultanspices.es\/es\/wp-json\/wp\/v2\/product_cat?post=3733"},{"taxonomy":"product_tag","embeddable":true,"href":"https:\/\/sultanspices.es\/es\/wp-json\/wp\/v2\/product_tag?post=3733"}],"curies":[{"name":"wp","href":"https:\/\/api.w.org\/{rel}","templated":true}]}}