{"id":3732,"date":"2023-11-25T16:07:06","date_gmt":"2023-11-25T15:07:06","guid":{"rendered":"https:\/\/sultanspices.es\/chilli-crushed-ali-baba-100g\/"},"modified":"2026-04-01T23:00:07","modified_gmt":"2026-04-01T21:00:07","slug":"chilli-crushed-ali-baba-100g","status":"publish","type":"product","link":"https:\/\/sultanspices.es\/es\/producto\/chili-crujiente-ali-baba-100g\/","title":{"rendered":"CHILE ALI BABA TRITURADO 100G"},"content":{"rendered":"<div class=\"flex-1 overflow-hidden\">\n<div class=\"react-scroll-to-bottom--css-wseun-79elbk h-full\">\n<div class=\"react-scroll-to-bottom--css-wseun-1n7m0yu\">\n<div class=\"flex flex-col text-sm pb-9\">\n<div class=\"w-full text-token-text-primary\" dir=\"auto\" data-testid=\"conversation-turn-693\">\n<div class=\"px-4 py-2 justify-center text-base md:gap-6 m-auto\">\n<div class=\"flex flex-1 text-base mx-auto gap-3 juice:gap-4 juice:md:gap-6 md:px-5 lg:px-1 xl:px-5 md:max-w-3xl lg:max-w-[40rem] xl:max-w-[48rem] group final-completion\">\n<div class=\"relative flex w-full flex-col agent-turn\">\n<div class=\"flex-col gap-1 md:gap-3\">\n<div class=\"flex flex-grow flex-col max-w-full\">\n<div class=\"min-h-[20px] text-message flex flex-col items-start gap-3 whitespace-pre-wrap break-words [.text-message+&amp;]:mt-5 overflow-x-auto\" dir=\"auto\" data-message-author-role=\"assistant\" data-message-id=\"c16defd8-f821-4791-8f44-2814f24bdb5e\">\n<div class=\"markdown prose w-full break-words dark:prose-invert dark\">\n<p>Dale un toque picante a tus creaciones culinarias con Ali Baba Crushed Chilli, ahora en un pr\u00e1ctico envase de 100 g en Sultan Spices &amp; Supermarket. Hecho de chiles rojos secos de primera calidad, esta mezcla de chile triturado a\u00f1ade un toque de fuego y profundidad de sabor a sus platos favoritos.<\/p>\n<p>La guindilla triturada Ali Baba es perfecta para realzar el sabor de sopas, guisos, salsas, adobos y mucho m\u00e1s. Espolvor\u00e9elo sobre la pizza, la pasta o la carne a la parrilla para darle un toque extra de picante y aroma. Tambi\u00e9n puede utilizarlo para hacer aceite de chile casero, copos de chile o mezclas de especias para condimentar.<\/p>\n<p>Con su vibrante color y su atrevido sabor, la guindilla triturada Ali Baba es un ingrediente vers\u00e1til capaz de realzar cualquier receta. Experimente el rico sabor y el picante de esta mezcla de chile triturado de primera calidad, disponible ahora en un c\u00f3modo envase de 100 g en Sultan Spices &amp; Supermarket.<\/p>\n<\/div>\n<\/div>\n<\/div>\n<\/div>\n<\/div>\n<\/div>\n<\/div>\n<\/div>\n<\/div>\n<\/div>\n<\/div>\n<\/div>","protected":false},"excerpt":{"rendered":"<p>Dale un toque picante a tus creaciones culinarias con Ali Baba Crushed Chilli, ahora en un pr\u00e1ctico envase de 100 g en Sultan Spices &amp; Supermarket. Hecho de chiles rojos secos de primera calidad, esta mezcla de chile triturado a\u00f1ade un toque de fuego y profundidad de sabor a sus platos favoritos. Ali Baba Chili Triturado es perfecto para realzar el sabor de...<\/p>","protected":false},"featured_media":4554,"comment_status":"open","ping_status":"closed","template":"","meta":{"_kad_blocks_custom_css":"","_kad_blocks_head_custom_js":"","_kad_blocks_body_custom_js":"","_kad_blocks_footer_custom_js":"","_kadence_starter_templates_imported_post":false,"_kad_post_transparent":"default","_kad_post_title":"","_kad_post_layout":"default","_kad_post_sidebar_id":"","_kad_post_content_style":"default","_kad_post_vertical_padding":"default","_kad_post_feature":"","_kad_post_feature_position":"","_kad_post_header":false,"_kad_post_footer":false,"_kad_post_classname":""},"product_brand":[],"product_cat":[50],"product_tag":[],"class_list":{"0":"post-3732","1":"product","2":"type-product","3":"status-publish","4":"has-post-thumbnail","6":"product_cat-spices","8":"first","9":"instock","10":"shipping-taxable","11":"purchasable","12":"product-type-simple","13":"entry","14":"content-bg","15":"loop-entry"},"taxonomy_info":{"product_cat":[{"value":50,"label":"Spices"}]},"featured_image_src_large":["https:\/\/sultanspices.es\/wp-content\/uploads\/2023\/11\/ProductsPIX-84-1024x1024.png",1024,1024,true],"author_info":[],"comment_info":1,"jetpack_sharing_enabled":true,"_links":{"self":[{"href":"https:\/\/sultanspices.es\/es\/wp-json\/wp\/v2\/product\/3732","targetHints":{"allow":["GET"]}}],"collection":[{"href":"https:\/\/sultanspices.es\/es\/wp-json\/wp\/v2\/product"}],"about":[{"href":"https:\/\/sultanspices.es\/es\/wp-json\/wp\/v2\/types\/product"}],"replies":[{"embeddable":true,"href":"https:\/\/sultanspices.es\/es\/wp-json\/wp\/v2\/comments?post=3732"}],"wp:featuredmedia":[{"embeddable":true,"href":"https:\/\/sultanspices.es\/es\/wp-json\/wp\/v2\/media\/4554"}],"wp:attachment":[{"href":"https:\/\/sultanspices.es\/es\/wp-json\/wp\/v2\/media?parent=3732"}],"wp:term":[{"taxonomy":"product_brand","embeddable":true,"href":"https:\/\/sultanspices.es\/es\/wp-json\/wp\/v2\/product_brand?post=3732"},{"taxonomy":"product_cat","embeddable":true,"href":"https:\/\/sultanspices.es\/es\/wp-json\/wp\/v2\/product_cat?post=3732"},{"taxonomy":"product_tag","embeddable":true,"href":"https:\/\/sultanspices.es\/es\/wp-json\/wp\/v2\/product_tag?post=3732"}],"curies":[{"name":"wp","href":"https:\/\/api.w.org\/{rel}","templated":true}]}}