{"id":3731,"date":"2023-11-25T16:07:05","date_gmt":"2023-11-25T15:07:05","guid":{"rendered":"https:\/\/sultanspices.es\/chana-roasted-ali-baba-750g\/"},"modified":"2026-03-21T22:11:27","modified_gmt":"2026-03-21T21:11:27","slug":"chana-roasted-ali-baba-750g","status":"publish","type":"product","link":"https:\/\/sultanspices.es\/es\/producto\/chana-asada-ali-baba-750g\/","title":{"rendered":"CHANA TOSTADA ALI BABA 750G"},"content":{"rendered":"<div class=\"flex-1 overflow-hidden\">\n<div class=\"react-scroll-to-bottom--css-wseun-79elbk h-full\">\n<div class=\"react-scroll-to-bottom--css-wseun-1n7m0yu\">\n<div class=\"flex flex-col text-sm pb-9\">\n<div class=\"w-full text-token-text-primary\" dir=\"auto\" data-testid=\"conversation-turn-695\">\n<div class=\"px-4 py-2 justify-center text-base md:gap-6 m-auto\">\n<div class=\"flex flex-1 text-base mx-auto gap-3 juice:gap-4 juice:md:gap-6 md:px-5 lg:px-1 xl:px-5 md:max-w-3xl lg:max-w-[40rem] xl:max-w-[48rem] group final-completion\">\n<div class=\"relative flex w-full flex-col agent-turn\">\n<div class=\"flex-col gap-1 md:gap-3\">\n<div class=\"flex flex-grow flex-col max-w-full\">\n<div class=\"min-h-[20px] text-message flex flex-col items-start gap-3 whitespace-pre-wrap break-words [.text-message+&amp;]:mt-5 overflow-x-auto\" dir=\"auto\" data-message-author-role=\"assistant\" data-message-id=\"6f5c5250-cdf1-4bf1-93f8-7bfa01ff13fd\">\n<div class=\"markdown prose w-full break-words dark:prose-invert dark\">\n<p>Del\u00e9itese con el delicioso crujiente de Ali Baba Roasted Chana, ahora disponible en un generoso paquete de 750 g en Sultan Spices &amp; Supermarket. Estos garbanzos tostados est\u00e1n perfectamente sazonados y tostados a la perfecci\u00f3n, ofreciendo una opci\u00f3n de aperitivo sabrosa y nutritiva para cualquier momento del d\u00eda.<\/p>\n<p>Ali Baba Chana tostada es una gran fuente de prote\u00ednas vegetales y fibra, por lo que es una opci\u00f3n ideal para un tentempi\u00e9 saludable sobre la marcha. Disfr\u00fatelos directamente del envase o util\u00edcelos como aderezo para ensaladas, sopas o cuencos de yogur. Tambi\u00e9n son un buen complemento para mezclas de frutos secos y aperitivos caseros.<\/p>\n<p>Con su irresistible sabor y textura crujiente, Ali Baba Roasted Chana se convertir\u00e1 en un alimento b\u00e1sico en su despensa. Hazte con un paquete hoy mismo y eleva tu experiencia de picoteo con esta delicia sana y deliciosa de Sultan Spices &amp; Supermarket.<\/p>\n<\/div>\n<\/div>\n<\/div>\n<\/div>\n<\/div>\n<\/div>\n<\/div>\n<\/div>\n<\/div>\n<\/div>\n<\/div>\n<\/div>","protected":false},"excerpt":{"rendered":"<p>Del\u00e9itese con el delicioso crujiente de Ali Baba Roasted Chana, ahora disponible en un generoso paquete de 750 g en Sultan Spices &amp; Supermarket. Estos garbanzos tostados est\u00e1n perfectamente sazonados y tostados a la perfecci\u00f3n, ofreciendo una opci\u00f3n de aperitivo sabrosa y nutritiva para cualquier momento del d\u00eda. Ali Baba Roasted Chana es una gran fuente de...<\/p>","protected":false},"featured_media":4557,"comment_status":"open","ping_status":"closed","template":"","meta":{"_kad_blocks_custom_css":"","_kad_blocks_head_custom_js":"","_kad_blocks_body_custom_js":"","_kad_blocks_footer_custom_js":"","_kadence_starter_templates_imported_post":false,"_kad_post_transparent":"default","_kad_post_title":"","_kad_post_layout":"default","_kad_post_sidebar_id":"","_kad_post_content_style":"default","_kad_post_vertical_padding":"default","_kad_post_feature":"","_kad_post_feature_position":"","_kad_post_header":false,"_kad_post_footer":false,"_kad_post_classname":""},"product_brand":[],"product_cat":[56,47],"product_tag":[],"class_list":{"0":"post-3731","1":"product","2":"type-product","3":"status-publish","4":"has-post-thumbnail","6":"product_cat-indian-snacks","7":"product_cat-lentils","9":"first","10":"instock","11":"shipping-taxable","12":"purchasable","13":"product-type-simple","14":"entry","15":"content-bg","16":"loop-entry"},"taxonomy_info":{"product_cat":[{"value":56,"label":"Snacks"},{"value":47,"label":"Lentils"}]},"featured_image_src_large":["https:\/\/sultanspices.es\/wp-content\/uploads\/2023\/11\/ProductsPIX-85-1024x1024.png",1024,1024,true],"author_info":[],"comment_info":0,"jetpack_sharing_enabled":true,"_links":{"self":[{"href":"https:\/\/sultanspices.es\/es\/wp-json\/wp\/v2\/product\/3731","targetHints":{"allow":["GET"]}}],"collection":[{"href":"https:\/\/sultanspices.es\/es\/wp-json\/wp\/v2\/product"}],"about":[{"href":"https:\/\/sultanspices.es\/es\/wp-json\/wp\/v2\/types\/product"}],"replies":[{"embeddable":true,"href":"https:\/\/sultanspices.es\/es\/wp-json\/wp\/v2\/comments?post=3731"}],"wp:featuredmedia":[{"embeddable":true,"href":"https:\/\/sultanspices.es\/es\/wp-json\/wp\/v2\/media\/4557"}],"wp:attachment":[{"href":"https:\/\/sultanspices.es\/es\/wp-json\/wp\/v2\/media?parent=3731"}],"wp:term":[{"taxonomy":"product_brand","embeddable":true,"href":"https:\/\/sultanspices.es\/es\/wp-json\/wp\/v2\/product_brand?post=3731"},{"taxonomy":"product_cat","embeddable":true,"href":"https:\/\/sultanspices.es\/es\/wp-json\/wp\/v2\/product_cat?post=3731"},{"taxonomy":"product_tag","embeddable":true,"href":"https:\/\/sultanspices.es\/es\/wp-json\/wp\/v2\/product_tag?post=3731"}],"curies":[{"name":"wp","href":"https:\/\/api.w.org\/{rel}","templated":true}]}}