{"id":3730,"date":"2023-11-25T16:07:04","date_gmt":"2023-11-25T15:07:04","guid":{"rendered":"https:\/\/sultanspices.es\/castor-oil-ali-baba-250ml\/"},"modified":"2026-02-23T12:40:36","modified_gmt":"2026-02-23T11:40:36","slug":"castor-oil-ali-baba-250ml","status":"publish","type":"product","link":"https:\/\/sultanspices.es\/es\/producto\/aceite-de-ricino-ali-baba-250ml\/","title":{"rendered":"ACEITE DE RICINO ALI BABA 250ML"},"content":{"rendered":"<div class=\"flex-1 overflow-hidden\">\n<div class=\"react-scroll-to-bottom--css-wseun-79elbk h-full\">\n<div class=\"react-scroll-to-bottom--css-wseun-1n7m0yu\">\n<div>\n<div class=\"flex flex-col text-sm pb-9\">\n<div class=\"w-full text-token-text-primary\" dir=\"auto\" data-testid=\"conversation-turn-697\">\n<div class=\"px-4 py-2 justify-center text-base md:gap-6 m-auto\">\n<div class=\"flex flex-1 text-base mx-auto gap-3 juice:gap-4 juice:md:gap-6 md:px-5 lg:px-1 xl:px-5 md:max-w-3xl lg:max-w-[40rem] xl:max-w-[48rem] group final-completion\">\n<div class=\"relative flex w-full flex-col agent-turn\">\n<div class=\"flex-col gap-1 md:gap-3\">\n<div class=\"flex flex-grow flex-col max-w-full\">\n<div class=\"min-h-[20px] text-message flex flex-col items-start gap-3 whitespace-pre-wrap break-words [.text-message+&amp;]:mt-5 overflow-x-auto\" dir=\"auto\" data-message-author-role=\"assistant\" data-message-id=\"137edd55-eaaf-40db-a0e9-ac859bf90da4\">\n<div class=\"markdown prose w-full break-words dark:prose-invert dark\">\n<p>Experimente los numerosos beneficios del aceite de ricino Ali Baba, ahora disponible en una pr\u00e1ctica botella de 250 ml en Sultan Spices &amp; Supermarket. Este aceite multiusos se extrae de las semillas del ricino y es famoso por sus propiedades hidratantes y nutritivas.<\/p>\n<p>El aceite de ricino Ali Baba es rico en \u00e1cidos grasos y vitaminas, lo que lo convierte en una excelente opci\u00f3n para promover la salud de la piel y el cabello. Hidrata la piel en profundidad y ayuda a aliviar la sequedad y la irritaci\u00f3n, al tiempo que contribuye al tratamiento de diversas afecciones cut\u00e1neas como el acn\u00e9, el eccema y la psoriasis.<\/p>\n<p>Cuando se utiliza en el cabello, el aceite de ricino Ali Baba ayuda a nutrir el cuero cabelludo, fortalecer los fol\u00edculos pilosos y promover el crecimiento sano del cabello. Tambi\u00e9n puede utilizarse como tratamiento acondicionador para devolver la hidrataci\u00f3n y el brillo al cabello seco y da\u00f1ado.<\/p>\n<p>Adem\u00e1s de sus beneficios para la piel y el cabello, el aceite de ricino Ali Baba tambi\u00e9n se utiliza para masajes y aromaterapia. Su suave aroma y textura lo hacen ideal para aceites de masaje y mezclas.<\/p>\n<p>A\u00f1ada hoy mismo el aceite de ricino Ali Baba a su rutina de belleza y bienestar y experimente las bondades naturales de este vers\u00e1til aceite. Disponible ahora en Sultan Spices &amp; Supermarket.<\/p>\n<\/div>\n<\/div>\n<\/div>\n<\/div>\n<\/div>\n<\/div>\n<\/div>\n<\/div>\n<\/div>\n<\/div>\n<\/div>\n<\/div>\n<\/div>","protected":false},"excerpt":{"rendered":"<p>Experimente los numerosos beneficios del aceite de ricino Ali Baba, ahora disponible en una pr\u00e1ctica botella de 250 ml en Sultan Spices &amp; Supermarket. Este aceite multiusos se extrae de las semillas de la planta de ricino y es conocido por sus propiedades hidratantes y nutritivas. El aceite de ricino Ali Baba es rico en \u00e1cidos grasos y...<\/p>","protected":false},"featured_media":4559,"comment_status":"open","ping_status":"closed","template":"","meta":{"_kad_blocks_custom_css":"","_kad_blocks_head_custom_js":"","_kad_blocks_body_custom_js":"","_kad_blocks_footer_custom_js":"","_kadence_starter_templates_imported_post":false,"_kad_post_transparent":"default","_kad_post_title":"","_kad_post_layout":"default","_kad_post_sidebar_id":"","_kad_post_content_style":"default","_kad_post_vertical_padding":"default","_kad_post_feature":"","_kad_post_feature_position":"","_kad_post_header":false,"_kad_post_footer":false,"_kad_post_classname":""},"product_brand":[],"product_cat":[62],"product_tag":[],"class_list":{"0":"post-3730","1":"product","2":"type-product","3":"status-publish","4":"has-post-thumbnail","6":"product_cat-oils","8":"first","9":"instock","10":"sale","11":"shipping-taxable","12":"purchasable","13":"product-type-simple","14":"entry","15":"content-bg","16":"loop-entry"},"taxonomy_info":{"product_cat":[{"value":62,"label":"Oils"}]},"featured_image_src_large":["https:\/\/sultanspices.es\/wp-content\/uploads\/2023\/11\/ProductsPIX-86-1024x1024.png",1024,1024,true],"author_info":[],"comment_info":0,"jetpack_sharing_enabled":true,"_links":{"self":[{"href":"https:\/\/sultanspices.es\/es\/wp-json\/wp\/v2\/product\/3730","targetHints":{"allow":["GET"]}}],"collection":[{"href":"https:\/\/sultanspices.es\/es\/wp-json\/wp\/v2\/product"}],"about":[{"href":"https:\/\/sultanspices.es\/es\/wp-json\/wp\/v2\/types\/product"}],"replies":[{"embeddable":true,"href":"https:\/\/sultanspices.es\/es\/wp-json\/wp\/v2\/comments?post=3730"}],"wp:featuredmedia":[{"embeddable":true,"href":"https:\/\/sultanspices.es\/es\/wp-json\/wp\/v2\/media\/4559"}],"wp:attachment":[{"href":"https:\/\/sultanspices.es\/es\/wp-json\/wp\/v2\/media?parent=3730"}],"wp:term":[{"taxonomy":"product_brand","embeddable":true,"href":"https:\/\/sultanspices.es\/es\/wp-json\/wp\/v2\/product_brand?post=3730"},{"taxonomy":"product_cat","embeddable":true,"href":"https:\/\/sultanspices.es\/es\/wp-json\/wp\/v2\/product_cat?post=3730"},{"taxonomy":"product_tag","embeddable":true,"href":"https:\/\/sultanspices.es\/es\/wp-json\/wp\/v2\/product_tag?post=3730"}],"curies":[{"name":"wp","href":"https:\/\/api.w.org\/{rel}","templated":true}]}}