{"id":3727,"date":"2023-11-25T16:07:01","date_gmt":"2023-11-25T15:07:01","guid":{"rendered":"https:\/\/sultanspices.es\/carbone-shisha-rotondo-800g-pz-20\/"},"modified":"2026-03-21T22:11:28","modified_gmt":"2026-03-21T21:11:28","slug":"carbone-shisha-rotondo-800g-pz-20","status":"publish","type":"product","link":"https:\/\/sultanspices.es\/es\/producto\/carbone-shisha-rotondo-800g-pz-20\/","title":{"rendered":"CARBONE SHISHA ROTONDO 800G PZ 20"},"content":{"rendered":"<div class=\"flex-1 overflow-hidden\">\n<div class=\"react-scroll-to-bottom--css-wseun-79elbk h-full\">\n<div class=\"react-scroll-to-bottom--css-wseun-1n7m0yu\">\n<div>\n<div class=\"flex flex-col text-sm pb-9\">\n<div class=\"w-full text-token-text-primary\" dir=\"auto\" data-testid=\"conversation-turn-701\">\n<div class=\"px-4 py-2 justify-center text-base md:gap-6 m-auto\">\n<div class=\"flex flex-1 text-base mx-auto gap-3 juice:gap-4 juice:md:gap-6 md:px-5 lg:px-1 xl:px-5 md:max-w-3xl lg:max-w-[40rem] xl:max-w-[48rem] group final-completion\">\n<div class=\"relative flex w-full flex-col agent-turn\">\n<div class=\"flex-col gap-1 md:gap-3\">\n<div class=\"flex flex-grow flex-col max-w-full\">\n<div class=\"min-h-[20px] text-message flex flex-col items-start gap-3 whitespace-pre-wrap break-words [.text-message+&amp;]:mt-5 overflow-x-auto\" dir=\"auto\" data-message-author-role=\"assistant\" data-message-id=\"6c463fc4-c1ec-49fd-b8e3-9025d1ca7b6b\">\n<div class=\"markdown prose w-full break-words dark:prose-invert dark\">\n<p>Experimente la mejor sesi\u00f3n de narguile con Carbone Round Charcoal, ahora disponible en un pr\u00e1ctico paquete de 20 piezas, cada una de 800 g. Fabricadas para un rendimiento excepcional, estas briquetas de carb\u00f3n redondas garantizan una combusti\u00f3n duradera y consistente, permiti\u00e9ndote disfrutar de horas de sabrosa shisha.<\/p>\n<p>El Carb\u00f3n Redondo Carbone est\u00e1 especialmente dise\u00f1ado para encenderse r\u00e1pida y uniformemente, produciendo un calor constante que realza el sabor de tus mezclas de shisha favoritas. Su forma y tama\u00f1o uniformes hacen que sea f\u00e1cil de manejar y mantener, proporcionando una experiencia de fumar sin problemas en todo momento.<\/p>\n<p>Tanto si es un entusiasta de la narguile como un fumador ocasional, Carbone Round Charcoal le ofrece el equilibrio perfecto entre comodidad y calidad. Eleve sus sesiones de shisha con estas briquetas de carb\u00f3n de primera calidad y saboree los ricos sabores y el humo suave que ofrecen.<\/p>\n<\/div>\n<\/div>\n<\/div>\n<\/div>\n<\/div>\n<\/div>\n<\/div>\n<\/div>\n<\/div>\n<\/div>\n<\/div>\n<\/div>\n<\/div>","protected":false},"excerpt":{"rendered":"<p>Disfrute de la mejor sesi\u00f3n de narguile con Carbone Round Charcoal, ahora disponible en un pr\u00e1ctico paquete de 20 piezas, cada una de 800 g. Fabricadas para un rendimiento excepcional, estas briquetas de carb\u00f3n redondas garantizan una combusti\u00f3n duradera y consistente, permiti\u00e9ndole disfrutar de horas de sabrosa shisha. Carbone Round Charcoal est\u00e1 especialmente dise\u00f1ado para encenderse r\u00e1pida y uniformemente,...<\/p>","protected":false},"featured_media":4562,"comment_status":"open","ping_status":"closed","template":"","meta":{"_kad_blocks_custom_css":"","_kad_blocks_head_custom_js":"","_kad_blocks_body_custom_js":"","_kad_blocks_footer_custom_js":"","_kadence_starter_templates_imported_post":false,"_kad_post_transparent":"default","_kad_post_title":"","_kad_post_layout":"default","_kad_post_sidebar_id":"","_kad_post_content_style":"default","_kad_post_vertical_padding":"default","_kad_post_feature":"","_kad_post_feature_position":"","_kad_post_header":false,"_kad_post_footer":false,"_kad_post_classname":""},"product_brand":[],"product_cat":[15],"product_tag":[],"class_list":{"0":"post-3727","1":"product","2":"type-product","3":"status-publish","4":"has-post-thumbnail","6":"product_cat-indian-items","8":"first","9":"instock","10":"shipping-taxable","11":"purchasable","12":"product-type-simple","13":"entry","14":"content-bg","15":"loop-entry"},"taxonomy_info":{"product_cat":[{"value":15,"label":"Other Indian Items"}]},"featured_image_src_large":["https:\/\/sultanspices.es\/wp-content\/uploads\/2023\/11\/ProductsPIX-88-1024x1024.png",1024,1024,true],"author_info":[],"comment_info":0,"jetpack_sharing_enabled":true,"_links":{"self":[{"href":"https:\/\/sultanspices.es\/es\/wp-json\/wp\/v2\/product\/3727","targetHints":{"allow":["GET"]}}],"collection":[{"href":"https:\/\/sultanspices.es\/es\/wp-json\/wp\/v2\/product"}],"about":[{"href":"https:\/\/sultanspices.es\/es\/wp-json\/wp\/v2\/types\/product"}],"replies":[{"embeddable":true,"href":"https:\/\/sultanspices.es\/es\/wp-json\/wp\/v2\/comments?post=3727"}],"wp:featuredmedia":[{"embeddable":true,"href":"https:\/\/sultanspices.es\/es\/wp-json\/wp\/v2\/media\/4562"}],"wp:attachment":[{"href":"https:\/\/sultanspices.es\/es\/wp-json\/wp\/v2\/media?parent=3727"}],"wp:term":[{"taxonomy":"product_brand","embeddable":true,"href":"https:\/\/sultanspices.es\/es\/wp-json\/wp\/v2\/product_brand?post=3727"},{"taxonomy":"product_cat","embeddable":true,"href":"https:\/\/sultanspices.es\/es\/wp-json\/wp\/v2\/product_cat?post=3727"},{"taxonomy":"product_tag","embeddable":true,"href":"https:\/\/sultanspices.es\/es\/wp-json\/wp\/v2\/product_tag?post=3727"}],"curies":[{"name":"wp","href":"https:\/\/api.w.org\/{rel}","templated":true}]}}