{"id":3724,"date":"2023-11-25T16:06:57","date_gmt":"2023-11-25T15:06:57","guid":{"rendered":"https:\/\/sultanspices.es\/butter-ghee-khanum-1kg\/"},"modified":"2026-02-23T12:40:34","modified_gmt":"2026-02-23T11:40:34","slug":"butter-ghee-khanum-1kg","status":"publish","type":"product","link":"https:\/\/sultanspices.es\/es\/producto\/mantequilla-ghee-khanum-1kg\/","title":{"rendered":"MANTEQUILLA GHEE KHANUM 1KG"},"content":{"rendered":"<div class=\"flex-1 overflow-hidden\">\n<div class=\"react-scroll-to-bottom--css-wseun-79elbk h-full\">\n<div class=\"react-scroll-to-bottom--css-wseun-1n7m0yu\">\n<div>\n<div class=\"flex flex-col text-sm pb-9\">\n<div class=\"w-full text-token-text-primary\" dir=\"auto\" data-testid=\"conversation-turn-707\">\n<div class=\"px-4 py-2 justify-center text-base md:gap-6 m-auto\">\n<div class=\"flex flex-1 text-base mx-auto gap-3 juice:gap-4 juice:md:gap-6 md:px-5 lg:px-1 xl:px-5 md:max-w-3xl lg:max-w-[40rem] xl:max-w-[48rem] group final-completion\">\n<div class=\"relative flex w-full flex-col agent-turn\">\n<div class=\"flex-col gap-1 md:gap-3\">\n<div class=\"flex flex-grow flex-col max-w-full\">\n<div class=\"min-h-[20px] text-message flex flex-col items-start gap-3 whitespace-pre-wrap break-words [.text-message+&amp;]:mt-5 overflow-x-auto\" dir=\"auto\" data-message-author-role=\"assistant\" data-message-id=\"cab29c43-301f-4983-a8ee-223530a3fb37\">\n<div class=\"markdown prose w-full break-words dark:prose-invert dark\">\n<p>Del\u00e9itese con el rico y arom\u00e1tico sabor del Ghee de mantequilla Khanum, ahora disponible en un pr\u00e1ctico envase de 1 kg. Elaborado con mantequilla pura y de primera calidad, este ghee es perfecto para a\u00f1adir un toque de riqueza a sus platos favoritos.<\/p>\n<p>El Ghee de mantequilla Khanum se elabora cuidadosamente para garantizar una textura suave y un sabor delicioso, por lo que resulta ideal para cocinar, fre\u00edr o simplemente untar en tostadas. Tanto si prepara delicias tradicionales indias como si experimenta con recetas internacionales, este ghee a\u00f1ade un sabor distintivo y lujoso a cualquier plato.<\/p>\n<p>Experimente la versatilidad culinaria y la calidad superior del Ghee de Mantequilla Khanum, ahora disponible en Sultan Spices &amp; Supermarket. Mejore su cocina con este ingrediente de primera calidad y disfrute del aut\u00e9ntico sabor del ghee casero en cada bocado.<\/p>\n<\/div>\n<\/div>\n<\/div>\n<\/div>\n<\/div>\n<\/div>\n<\/div>\n<\/div>\n<\/div>\n<\/div>\n<\/div>\n<\/div>\n<\/div>","protected":false},"excerpt":{"rendered":"<p>Del\u00e9itese con el rico y arom\u00e1tico sabor del Ghee de mantequilla Khanum, ahora disponible en un c\u00f3modo envase de 1 kg. Elaborado con mantequilla pura y de primera calidad, este ghee es perfecto para a\u00f1adir un toque de riqueza a sus platos favoritos. El Ghee de mantequilla Khanum se elabora cuidadosamente para garantizar una textura suave y un sabor delicioso,...<\/p>","protected":false},"featured_media":4566,"comment_status":"open","ping_status":"closed","template":"","meta":{"_kad_blocks_custom_css":"","_kad_blocks_head_custom_js":"","_kad_blocks_body_custom_js":"","_kad_blocks_footer_custom_js":"","_kadence_starter_templates_imported_post":false,"_kad_post_transparent":"default","_kad_post_title":"","_kad_post_layout":"default","_kad_post_sidebar_id":"","_kad_post_content_style":"default","_kad_post_vertical_padding":"default","_kad_post_feature":"","_kad_post_feature_position":"","_kad_post_header":false,"_kad_post_footer":false,"_kad_post_classname":""},"product_brand":[],"product_cat":[61],"product_tag":[],"class_list":{"0":"post-3724","1":"product","2":"type-product","3":"status-publish","4":"has-post-thumbnail","6":"product_cat-dairy-productsghee","8":"first","9":"outofstock","10":"shipping-taxable","11":"purchasable","12":"product-type-simple","13":"entry","14":"content-bg","15":"loop-entry"},"taxonomy_info":{"product_cat":[{"value":61,"label":"Dairy Products(ghee)"}]},"featured_image_src_large":["https:\/\/sultanspices.es\/wp-content\/uploads\/2023\/11\/ProductsPIX-91-1024x1024.png",1024,1024,true],"author_info":[],"comment_info":2,"jetpack_sharing_enabled":true,"_links":{"self":[{"href":"https:\/\/sultanspices.es\/es\/wp-json\/wp\/v2\/product\/3724","targetHints":{"allow":["GET"]}}],"collection":[{"href":"https:\/\/sultanspices.es\/es\/wp-json\/wp\/v2\/product"}],"about":[{"href":"https:\/\/sultanspices.es\/es\/wp-json\/wp\/v2\/types\/product"}],"replies":[{"embeddable":true,"href":"https:\/\/sultanspices.es\/es\/wp-json\/wp\/v2\/comments?post=3724"}],"wp:featuredmedia":[{"embeddable":true,"href":"https:\/\/sultanspices.es\/es\/wp-json\/wp\/v2\/media\/4566"}],"wp:attachment":[{"href":"https:\/\/sultanspices.es\/es\/wp-json\/wp\/v2\/media?parent=3724"}],"wp:term":[{"taxonomy":"product_brand","embeddable":true,"href":"https:\/\/sultanspices.es\/es\/wp-json\/wp\/v2\/product_brand?post=3724"},{"taxonomy":"product_cat","embeddable":true,"href":"https:\/\/sultanspices.es\/es\/wp-json\/wp\/v2\/product_cat?post=3724"},{"taxonomy":"product_tag","embeddable":true,"href":"https:\/\/sultanspices.es\/es\/wp-json\/wp\/v2\/product_tag?post=3724"}],"curies":[{"name":"wp","href":"https:\/\/api.w.org\/{rel}","templated":true}]}}