{"id":3722,"date":"2023-11-25T16:06:55","date_gmt":"2023-11-25T15:06:55","guid":{"rendered":"https:\/\/sultanspices.es\/black-eye-beans-ali-baba-1kg\/"},"modified":"2026-02-23T12:40:33","modified_gmt":"2026-02-23T11:40:33","slug":"black-eye-beans-ali-baba-1kg","status":"publish","type":"product","link":"https:\/\/sultanspices.es\/es\/producto\/frijoles-de-ojo-negro-ali-baba-1kg\/","title":{"rendered":"ALI BABA FRIJOLES DE OJO NEGRO 1KG"},"content":{"rendered":"<div class=\"flex-1 overflow-hidden\">\n<div class=\"react-scroll-to-bottom--css-wseun-79elbk h-full\">\n<div class=\"react-scroll-to-bottom--css-wseun-1n7m0yu\">\n<div>\n<div class=\"flex flex-col text-sm pb-9\">\n<div class=\"w-full text-token-text-primary\" dir=\"auto\" data-testid=\"conversation-turn-711\">\n<div class=\"px-4 py-2 justify-center text-base md:gap-6 m-auto\">\n<div class=\"flex flex-1 text-base mx-auto gap-3 juice:gap-4 juice:md:gap-6 md:px-5 lg:px-1 xl:px-5 md:max-w-3xl lg:max-w-[40rem] xl:max-w-[48rem] group final-completion\">\n<div class=\"relative flex w-full flex-col agent-turn\">\n<div class=\"flex-col gap-1 md:gap-3\">\n<div class=\"flex flex-grow flex-col max-w-full\">\n<div class=\"min-h-[20px] text-message flex flex-col items-start gap-3 whitespace-pre-wrap break-words [.text-message+&amp;]:mt-5 overflow-x-auto\" dir=\"auto\" data-message-author-role=\"assistant\" data-message-id=\"72def2a1-5824-457d-9cee-66ada5399091\">\n<div class=\"markdown prose w-full break-words dark:prose-invert dark\">\n<p>Descubra los beneficios de las jud\u00edas negras Ali Baba, ahora disponibles en un pr\u00e1ctico envase de 1 kg. Estas nutritivas legumbres son un complemento vers\u00e1til para tu despensa, perfectas para crear sustanciosas sopas, guisos, ensaladas y guarniciones.<\/p>\n<p>Las alubias negras Ali Baba son apreciadas por su textura cremosa y su sabor a frutos secos, que las convierten en el ingrediente favorito de una gran variedad de cocinas de todo el mundo. Repletas de prote\u00ednas, fibra y nutrientes esenciales, no s\u00f3lo son deliciosas, sino que tambi\u00e9n aportan un impulso saludable a su dieta.<\/p>\n<p>Tanto si quieres a\u00f1adir prote\u00ednas vegetales a tus comidas como si simplemente quieres explorar nuevas posibilidades culinarias, las Alubias Negras Ali Baba son una excelente opci\u00f3n. Abast\u00e9zcase de este alimento b\u00e1sico y d\u00e9 rienda suelta a su creatividad en la cocina. Ya disponibles en Sultan Spices &amp; Supermarket.<\/p>\n<\/div>\n<\/div>\n<\/div>\n<div class=\"mt-1 flex gap-3 empty:hidden\">\n<div class=\"text-gray-400 flex self-end lg:self-center items-center justify-center lg:justify-start mt-0 -ml-1 h-7 gap-[2px] visible\"><\/div>\n<\/div>\n<\/div>\n<\/div>\n<\/div>\n<\/div>\n<\/div>\n<\/div>\n<\/div>\n<\/div>\n<\/div>\n<\/div>","protected":false},"excerpt":{"rendered":"<p>Descubra los beneficios de las jud\u00edas negras Ali Baba, ahora disponibles en un pr\u00e1ctico envase de 1 kg. Estas legumbres nutritivas son una adici\u00f3n vers\u00e1til a su despensa, perfecta para crear sopas sustanciosas, guisos, ensaladas y guarniciones. Las Alubias Negras Ali Baba son apreciadas por su textura cremosa y sabor a nuez, lo que las convierte en...<\/p>","protected":false},"featured_media":4568,"comment_status":"open","ping_status":"closed","template":"","meta":{"_kad_blocks_custom_css":"","_kad_blocks_head_custom_js":"","_kad_blocks_body_custom_js":"","_kad_blocks_footer_custom_js":"","_kadence_starter_templates_imported_post":false,"_kad_post_transparent":"default","_kad_post_title":"","_kad_post_layout":"default","_kad_post_sidebar_id":"","_kad_post_content_style":"default","_kad_post_vertical_padding":"default","_kad_post_feature":"","_kad_post_feature_position":"","_kad_post_header":false,"_kad_post_footer":false,"_kad_post_classname":""},"product_brand":[],"product_cat":[47],"product_tag":[],"class_list":{"0":"post-3722","1":"product","2":"type-product","3":"status-publish","4":"has-post-thumbnail","6":"product_cat-lentils","8":"first","9":"instock","10":"shipping-taxable","11":"purchasable","12":"product-type-simple","13":"entry","14":"content-bg","15":"loop-entry"},"taxonomy_info":{"product_cat":[{"value":47,"label":"Lentils"}]},"featured_image_src_large":["https:\/\/sultanspices.es\/wp-content\/uploads\/2023\/11\/ProductsPIX-93-1024x1024.png",1024,1024,true],"author_info":[],"comment_info":0,"jetpack_sharing_enabled":true,"_links":{"self":[{"href":"https:\/\/sultanspices.es\/es\/wp-json\/wp\/v2\/product\/3722","targetHints":{"allow":["GET"]}}],"collection":[{"href":"https:\/\/sultanspices.es\/es\/wp-json\/wp\/v2\/product"}],"about":[{"href":"https:\/\/sultanspices.es\/es\/wp-json\/wp\/v2\/types\/product"}],"replies":[{"embeddable":true,"href":"https:\/\/sultanspices.es\/es\/wp-json\/wp\/v2\/comments?post=3722"}],"wp:featuredmedia":[{"embeddable":true,"href":"https:\/\/sultanspices.es\/es\/wp-json\/wp\/v2\/media\/4568"}],"wp:attachment":[{"href":"https:\/\/sultanspices.es\/es\/wp-json\/wp\/v2\/media?parent=3722"}],"wp:term":[{"taxonomy":"product_brand","embeddable":true,"href":"https:\/\/sultanspices.es\/es\/wp-json\/wp\/v2\/product_brand?post=3722"},{"taxonomy":"product_cat","embeddable":true,"href":"https:\/\/sultanspices.es\/es\/wp-json\/wp\/v2\/product_cat?post=3722"},{"taxonomy":"product_tag","embeddable":true,"href":"https:\/\/sultanspices.es\/es\/wp-json\/wp\/v2\/product_tag?post=3722"}],"curies":[{"name":"wp","href":"https:\/\/api.w.org\/{rel}","templated":true}]}}