{"id":3721,"date":"2023-11-25T16:06:53","date_gmt":"2023-11-25T15:06:53","guid":{"rendered":"https:\/\/sultanspices.es\/basmati-kainaat-1121-riso-1kg\/"},"modified":"2026-02-23T12:40:33","modified_gmt":"2026-02-23T11:40:33","slug":"basmati-kainaat-1121-rice-1kg","status":"publish","type":"product","link":"https:\/\/sultanspices.es\/es\/producto\/basmati-kainaat-1121-rice-1kg\/","title":{"rendered":"BASMATI KAINAAT 1121 RISO 1KG"},"content":{"rendered":"<div class=\"flex-1 overflow-hidden\">\n<div class=\"react-scroll-to-bottom--css-wseun-79elbk h-full\">\n<div class=\"react-scroll-to-bottom--css-wseun-1n7m0yu\">\n<div>\n<div class=\"flex flex-col text-sm pb-9\">\n<div class=\"w-full text-token-text-primary\" dir=\"auto\" data-testid=\"conversation-turn-713\">\n<div class=\"px-4 py-2 justify-center text-base md:gap-6 m-auto\">\n<div class=\"flex flex-1 text-base mx-auto gap-3 juice:gap-4 juice:md:gap-6 md:px-5 lg:px-1 xl:px-5 md:max-w-3xl lg:max-w-[40rem] xl:max-w-[48rem] group final-completion\">\n<div class=\"relative flex w-full flex-col agent-turn\">\n<div class=\"flex-col gap-1 md:gap-3\">\n<div class=\"flex flex-grow flex-col max-w-full\">\n<div class=\"min-h-[20px] text-message flex flex-col items-start gap-3 whitespace-pre-wrap break-words [.text-message+&amp;]:mt-5 overflow-x-auto\" dir=\"auto\" data-message-author-role=\"assistant\" data-message-id=\"11b654ed-e6cc-4ab8-a92f-62bca7f7c67f\">\n<div class=\"markdown prose w-full break-words dark:prose-invert dark\">\n<p>Experimente la calidad superior del arroz Kainaat Basmati 1121, ahora disponible en un c\u00f3modo envase de 1 kg. Procedente de los mejores campos, esta variedad de arroz de grano largo es conocida por su excepcional aroma, su textura esponjosa y su exquisito sabor.<\/p>\n<p>El arroz Basmati 1121 de Kainaat es famoso por sus granos alargados, que permanecen separados y esponjosos al cocinarse, lo que lo convierte en la elecci\u00f3n perfecta para biryanis, pulao y otros platos a base de arroz. Con su delicado sabor y sus excelentes propiedades culinarias, esta variedad de arroz convertir\u00e1 cualquier comida en una experiencia gourmet.<\/p>\n<p>Tanto si est\u00e1 preparando un banquete especial para sus seres queridos como si simplemente desea disfrutar de una comida deliciosa y nutritiva, el Arroz Basmati 1121 Kainaat es la elecci\u00f3n ideal. A\u00f1\u00e1dalo hoy mismo a su despensa y del\u00e9itese con el exquisito sabor del aut\u00e9ntico arroz basmati. Ya disponible en Sultan Spices &amp; Supermarket.<\/p>\n<\/div>\n<\/div>\n<\/div>\n<div class=\"mt-1 flex gap-3 empty:hidden\">\n<div class=\"text-gray-400 flex self-end lg:self-center items-center justify-center lg:justify-start mt-0 -ml-1 h-7 gap-[2px] visible\"><\/div>\n<\/div>\n<\/div>\n<\/div>\n<\/div>\n<\/div>\n<\/div>\n<\/div>\n<\/div>\n<\/div>\n<\/div>\n<\/div>","protected":false},"excerpt":{"rendered":"<p>Experimente la calidad superior del arroz Kainaat Basmati 1121, ahora disponible en un c\u00f3modo envase de 1 kg. Procedente de los mejores campos, esta variedad de arroz de grano largo es conocida por su excepcional aroma, su textura esponjosa y su exquisito sabor. El Arroz Kainaat Basmati 1121 es famoso por sus granos alargados, que permanecen separados y esponjosos al cocinarlo,...<\/p>","protected":false},"featured_media":4569,"comment_status":"open","ping_status":"closed","template":"","meta":{"_kad_blocks_custom_css":"","_kad_blocks_head_custom_js":"","_kad_blocks_body_custom_js":"","_kad_blocks_footer_custom_js":"","_kadence_starter_templates_imported_post":false,"_kad_post_transparent":"default","_kad_post_title":"","_kad_post_layout":"default","_kad_post_sidebar_id":"","_kad_post_content_style":"default","_kad_post_vertical_padding":"default","_kad_post_feature":"","_kad_post_feature_position":"","_kad_post_header":false,"_kad_post_footer":false,"_kad_post_classname":""},"product_brand":[],"product_cat":[53],"product_tag":[],"class_list":{"0":"post-3721","1":"product","2":"type-product","3":"status-publish","4":"has-post-thumbnail","6":"product_cat-rice","8":"first","9":"instock","10":"shipping-taxable","11":"purchasable","12":"product-type-simple","13":"entry","14":"content-bg","15":"loop-entry"},"taxonomy_info":{"product_cat":[{"value":53,"label":"Rice"}]},"featured_image_src_large":["https:\/\/sultanspices.es\/wp-content\/uploads\/2023\/11\/ProductsPIX-94-1024x1024.png",1024,1024,true],"author_info":[],"comment_info":0,"jetpack_sharing_enabled":true,"_links":{"self":[{"href":"https:\/\/sultanspices.es\/es\/wp-json\/wp\/v2\/product\/3721","targetHints":{"allow":["GET"]}}],"collection":[{"href":"https:\/\/sultanspices.es\/es\/wp-json\/wp\/v2\/product"}],"about":[{"href":"https:\/\/sultanspices.es\/es\/wp-json\/wp\/v2\/types\/product"}],"replies":[{"embeddable":true,"href":"https:\/\/sultanspices.es\/es\/wp-json\/wp\/v2\/comments?post=3721"}],"wp:featuredmedia":[{"embeddable":true,"href":"https:\/\/sultanspices.es\/es\/wp-json\/wp\/v2\/media\/4569"}],"wp:attachment":[{"href":"https:\/\/sultanspices.es\/es\/wp-json\/wp\/v2\/media?parent=3721"}],"wp:term":[{"taxonomy":"product_brand","embeddable":true,"href":"https:\/\/sultanspices.es\/es\/wp-json\/wp\/v2\/product_brand?post=3721"},{"taxonomy":"product_cat","embeddable":true,"href":"https:\/\/sultanspices.es\/es\/wp-json\/wp\/v2\/product_cat?post=3721"},{"taxonomy":"product_tag","embeddable":true,"href":"https:\/\/sultanspices.es\/es\/wp-json\/wp\/v2\/product_tag?post=3721"}],"curies":[{"name":"wp","href":"https:\/\/api.w.org\/{rel}","templated":true}]}}