{"id":3719,"date":"2023-11-25T16:06:51","date_gmt":"2023-11-25T15:06:51","guid":{"rendered":"https:\/\/sultanspices.es\/baking-pwd-ali-baba-100g\/"},"modified":"2026-02-23T12:40:31","modified_gmt":"2026-02-23T11:40:31","slug":"baking-pwd-ali-baba-100g","status":"publish","type":"product","link":"https:\/\/sultanspices.es\/es\/producto\/baking-pwd-ali-baba-100g\/","title":{"rendered":"BICARBONATO DE SODIO ALI BABA 100G"},"content":{"rendered":"<div class=\"flex-1 overflow-hidden\">\n<div class=\"react-scroll-to-bottom--css-wseun-79elbk h-full\">\n<div class=\"react-scroll-to-bottom--css-wseun-1n7m0yu\">\n<div>\n<div class=\"flex flex-col text-sm pb-9\">\n<div class=\"w-full text-token-text-primary\" dir=\"auto\" data-testid=\"conversation-turn-717\">\n<div class=\"px-4 py-2 justify-center text-base md:gap-6 m-auto\">\n<div class=\"flex flex-1 text-base mx-auto gap-3 juice:gap-4 juice:md:gap-6 md:px-5 lg:px-1 xl:px-5 md:max-w-3xl lg:max-w-[40rem] xl:max-w-[48rem] group final-completion\">\n<div class=\"relative flex w-full flex-col agent-turn\">\n<div class=\"flex-col gap-1 md:gap-3\">\n<div class=\"flex flex-grow flex-col max-w-full\">\n<div class=\"min-h-[20px] text-message flex flex-col items-start gap-3 whitespace-pre-wrap break-words [.text-message+&amp;]:mt-5 overflow-x-auto\" dir=\"auto\" data-message-author-role=\"assistant\" data-message-id=\"ed0fa99e-ca4c-4930-91b4-5f60cf505df4\">\n<div class=\"markdown prose w-full break-words dark:prose-invert dark\">\n<p>Descubra el compa\u00f1ero perfecto para hornear con la levadura en polvo Ali Baba, ahora disponible en un pr\u00e1ctico envase de 100 g. Tanto si est\u00e1s preparando pasteles, galletas, pan o boller\u00eda, Ali Baba Baking Powder garantiza resultados ligeros y esponjosos en todo momento.<\/p>\n<p>Formulado con ingredientes de alta calidad, el polvo de hornear Ali Baba ayuda a que los productos horneados suban a la perfecci\u00f3n, d\u00e1ndoles la textura y la miga perfectas. Su naturaleza vers\u00e1til lo hace adecuado para una amplia gama de recetas, por lo que es imprescindible en todas las cocinas.<\/p>\n<p>Mejore su reposter\u00eda con la levadura en polvo Ali Baba. A\u00f1\u00e1delo hoy mismo a tu despensa y descubre un sinf\u00edn de posibilidades en el mundo de la reposter\u00eda. Ya disponible en Sultan Spices &amp; Supermarket.<\/p>\n<\/div>\n<\/div>\n<\/div>\n<div class=\"mt-1 flex gap-3 empty:hidden\">\n<div class=\"text-gray-400 flex self-end lg:self-center items-center justify-center lg:justify-start mt-0 -ml-1 h-7 gap-[2px] visible\"><\/div>\n<\/div>\n<\/div>\n<\/div>\n<\/div>\n<\/div>\n<\/div>\n<\/div>\n<\/div>\n<\/div>\n<\/div>\n<\/div>","protected":false},"excerpt":{"rendered":"<p>Descubra el compa\u00f1ero perfecto para hornear con la levadura en polvo Ali Baba, ahora disponible en un pr\u00e1ctico envase de 100 g. Tanto si est\u00e1s preparando pasteles, galletas, pan o boller\u00eda, Ali Baba Polvo de Hornear garantiza resultados ligeros y esponjosos en todo momento. Formulado con ingredientes de alta calidad, Ali Baba Baking Powder ayuda a que sus productos horneados...<\/p>","protected":false},"featured_media":4572,"comment_status":"open","ping_status":"closed","template":"","meta":{"_kad_blocks_custom_css":"","_kad_blocks_head_custom_js":"","_kad_blocks_body_custom_js":"","_kad_blocks_footer_custom_js":"","_kadence_starter_templates_imported_post":false,"_kad_post_transparent":"default","_kad_post_title":"","_kad_post_layout":"default","_kad_post_sidebar_id":"","_kad_post_content_style":"default","_kad_post_vertical_padding":"default","_kad_post_feature":"","_kad_post_feature_position":"","_kad_post_header":false,"_kad_post_footer":false,"_kad_post_classname":""},"product_brand":[],"product_cat":[15],"product_tag":[],"class_list":{"0":"post-3719","1":"product","2":"type-product","3":"status-publish","4":"has-post-thumbnail","6":"product_cat-indian-items","8":"first","9":"instock","10":"shipping-taxable","11":"purchasable","12":"product-type-simple","13":"entry","14":"content-bg","15":"loop-entry"},"taxonomy_info":{"product_cat":[{"value":15,"label":"Other Indian Items"}]},"featured_image_src_large":["https:\/\/sultanspices.es\/wp-content\/uploads\/2023\/11\/ProductsPIX-96-1024x1024.png",1024,1024,true],"author_info":[],"comment_info":1,"jetpack_sharing_enabled":true,"_links":{"self":[{"href":"https:\/\/sultanspices.es\/es\/wp-json\/wp\/v2\/product\/3719","targetHints":{"allow":["GET"]}}],"collection":[{"href":"https:\/\/sultanspices.es\/es\/wp-json\/wp\/v2\/product"}],"about":[{"href":"https:\/\/sultanspices.es\/es\/wp-json\/wp\/v2\/types\/product"}],"replies":[{"embeddable":true,"href":"https:\/\/sultanspices.es\/es\/wp-json\/wp\/v2\/comments?post=3719"}],"wp:featuredmedia":[{"embeddable":true,"href":"https:\/\/sultanspices.es\/es\/wp-json\/wp\/v2\/media\/4572"}],"wp:attachment":[{"href":"https:\/\/sultanspices.es\/es\/wp-json\/wp\/v2\/media?parent=3719"}],"wp:term":[{"taxonomy":"product_brand","embeddable":true,"href":"https:\/\/sultanspices.es\/es\/wp-json\/wp\/v2\/product_brand?post=3719"},{"taxonomy":"product_cat","embeddable":true,"href":"https:\/\/sultanspices.es\/es\/wp-json\/wp\/v2\/product_cat?post=3719"},{"taxonomy":"product_tag","embeddable":true,"href":"https:\/\/sultanspices.es\/es\/wp-json\/wp\/v2\/product_tag?post=3719"}],"curies":[{"name":"wp","href":"https:\/\/api.w.org\/{rel}","templated":true}]}}