{"id":3718,"date":"2023-11-25T16:06:50","date_gmt":"2023-11-25T15:06:50","guid":{"rendered":"https:\/\/sultanspices.es\/almond-oil-ali-baba-250ml\/"},"modified":"2026-02-23T12:40:31","modified_gmt":"2026-02-23T11:40:31","slug":"almond-oil-ali-baba-250ml","status":"publish","type":"product","link":"https:\/\/sultanspices.es\/es\/producto\/aceite-de-almendras-ali-baba-250ml\/","title":{"rendered":"ACEITE DE ALMENDRAS ALI BABA 250ML"},"content":{"rendered":"<div class=\"flex-1 overflow-hidden\">\n<div class=\"react-scroll-to-bottom--css-wseun-79elbk h-full\">\n<div class=\"react-scroll-to-bottom--css-wseun-1n7m0yu\">\n<div>\n<div class=\"flex flex-col text-sm pb-9\">\n<div class=\"w-full text-token-text-primary\" dir=\"auto\" data-testid=\"conversation-turn-719\">\n<div class=\"px-4 py-2 justify-center text-base md:gap-6 m-auto\">\n<div class=\"flex flex-1 text-base mx-auto gap-3 juice:gap-4 juice:md:gap-6 md:px-5 lg:px-1 xl:px-5 md:max-w-3xl lg:max-w-[40rem] xl:max-w-[48rem] group final-completion\">\n<div class=\"relative flex w-full flex-col agent-turn\">\n<div class=\"flex-col gap-1 md:gap-3\">\n<div class=\"flex flex-grow flex-col max-w-full\">\n<div class=\"min-h-[20px] text-message flex flex-col items-start gap-3 whitespace-pre-wrap break-words [.text-message+&amp;]:mt-5 overflow-x-auto\" dir=\"auto\" data-message-author-role=\"assistant\" data-message-id=\"09fef345-6e52-4068-b384-6b25070f56a3\">\n<div class=\"markdown prose w-full break-words dark:prose-invert dark\">\n<p>Del\u00e9itese con las lujosas propiedades del Aceite de Almendras Ali Baba, ahora disponible en un pr\u00e1ctico envase de 250 ml. Extra\u00eddo de almendras de primera calidad, este aceite est\u00e1 repleto de propiedades nutritivas que benefician a la piel, el cabello y el bienestar general.<\/p>\n<p>El aceite de almendras Ali Baba es rico en vitaminas, minerales y antioxidantes, lo que lo convierte en una opci\u00f3n ideal para hidratar y rejuvenecer la piel. Su f\u00f3rmula ligera y no grasa lo hace adecuado para todo tipo de pieles, dej\u00e1ndola suave, tersa e hidratada.<\/p>\n<p>Adem\u00e1s de sus beneficios para el cuidado de la piel, el Aceite de Almendras Ali Baba tambi\u00e9n es excelente para nutrir y acondicionar el cabello. Ya sea como mascarilla capilar, tratamiento para el cuero cabelludo o acondicionador sin aclarado, ayuda a conseguir un cabello m\u00e1s fuerte y sano con un brillo natural.<\/p>\n<p>Experimente la versatilidad y el lujoso tacto del aceite de almendras Ali Baba. Mejore su rutina de cuidado de la piel y el cabello con este aceite de primera calidad, ya disponible en Sultan Spices &amp; Supermarket.<\/p>\n<\/div>\n<\/div>\n<\/div>\n<div class=\"mt-1 flex gap-3 empty:hidden\">\n<div class=\"text-gray-400 flex self-end lg:self-center items-center justify-center lg:justify-start mt-0 -ml-1 h-7 gap-[2px] visible\"><\/div>\n<\/div>\n<\/div>\n<\/div>\n<\/div>\n<\/div>\n<\/div>\n<\/div>\n<\/div>\n<\/div>\n<\/div>\n<\/div>","protected":false},"excerpt":{"rendered":"<p>Del\u00e9itese con las lujosas propiedades del Aceite de Almendras Ali Baba, ahora disponible en un pr\u00e1ctico envase de 250 ml. Extra\u00eddo de almendras de primera calidad, este aceite est\u00e1 repleto de propiedades nutritivas que benefician a su piel, cabello y bienestar general. El Aceite de Almendras Ali Baba es rico en vitaminas, minerales y antioxidantes, por lo que es una opci\u00f3n ideal para hidratar...<\/p>","protected":false},"featured_media":4574,"comment_status":"open","ping_status":"closed","template":"","meta":{"_kad_blocks_custom_css":"","_kad_blocks_head_custom_js":"","_kad_blocks_body_custom_js":"","_kad_blocks_footer_custom_js":"","_kadence_starter_templates_imported_post":false,"_kad_post_transparent":"default","_kad_post_title":"","_kad_post_layout":"default","_kad_post_sidebar_id":"","_kad_post_content_style":"default","_kad_post_vertical_padding":"default","_kad_post_feature":"","_kad_post_feature_position":"","_kad_post_header":false,"_kad_post_footer":false,"_kad_post_classname":""},"product_brand":[],"product_cat":[62],"product_tag":[],"class_list":{"0":"post-3718","1":"product","2":"type-product","3":"status-publish","4":"has-post-thumbnail","6":"product_cat-oils","8":"first","9":"instock","10":"sale","11":"shipping-taxable","12":"purchasable","13":"product-type-simple","14":"entry","15":"content-bg","16":"loop-entry"},"taxonomy_info":{"product_cat":[{"value":62,"label":"Oils"}]},"featured_image_src_large":["https:\/\/sultanspices.es\/wp-content\/uploads\/2023\/11\/ProductsPIX-97-1024x1024.png",1024,1024,true],"author_info":[],"comment_info":0,"jetpack_sharing_enabled":true,"_links":{"self":[{"href":"https:\/\/sultanspices.es\/es\/wp-json\/wp\/v2\/product\/3718","targetHints":{"allow":["GET"]}}],"collection":[{"href":"https:\/\/sultanspices.es\/es\/wp-json\/wp\/v2\/product"}],"about":[{"href":"https:\/\/sultanspices.es\/es\/wp-json\/wp\/v2\/types\/product"}],"replies":[{"embeddable":true,"href":"https:\/\/sultanspices.es\/es\/wp-json\/wp\/v2\/comments?post=3718"}],"wp:featuredmedia":[{"embeddable":true,"href":"https:\/\/sultanspices.es\/es\/wp-json\/wp\/v2\/media\/4574"}],"wp:attachment":[{"href":"https:\/\/sultanspices.es\/es\/wp-json\/wp\/v2\/media?parent=3718"}],"wp:term":[{"taxonomy":"product_brand","embeddable":true,"href":"https:\/\/sultanspices.es\/es\/wp-json\/wp\/v2\/product_brand?post=3718"},{"taxonomy":"product_cat","embeddable":true,"href":"https:\/\/sultanspices.es\/es\/wp-json\/wp\/v2\/product_cat?post=3718"},{"taxonomy":"product_tag","embeddable":true,"href":"https:\/\/sultanspices.es\/es\/wp-json\/wp\/v2\/product_tag?post=3718"}],"curies":[{"name":"wp","href":"https:\/\/api.w.org\/{rel}","templated":true}]}}