{"id":3717,"date":"2023-11-25T16:06:46","date_gmt":"2023-11-25T15:06:46","guid":{"rendered":"https:\/\/sultanspices.es\/3878-regal-lahori-mix-375g\/"},"modified":"2026-02-08T12:50:50","modified_gmt":"2026-02-08T11:50:50","slug":"regal-lahori-mix-375g","status":"publish","type":"product","link":"https:\/\/sultanspices.es\/es\/producto\/regal-lahori-mix-375g\/","title":{"rendered":"3878 REGAL LAHORI MIX 375G"},"content":{"rendered":"<div class=\"flex-1 overflow-hidden\">\n<div class=\"react-scroll-to-bottom--css-wseun-79elbk h-full\">\n<div class=\"react-scroll-to-bottom--css-wseun-1n7m0yu\">\n<div>\n<div class=\"flex flex-col text-sm pb-9\">\n<div class=\"w-full text-token-text-primary\" dir=\"auto\" data-testid=\"conversation-turn-721\">\n<div class=\"px-4 py-2 justify-center text-base md:gap-6 m-auto\">\n<div class=\"flex flex-1 text-base mx-auto gap-3 juice:gap-4 juice:md:gap-6 md:px-5 lg:px-1 xl:px-5 md:max-w-3xl lg:max-w-[40rem] xl:max-w-[48rem] group final-completion\">\n<div class=\"relative flex w-full flex-col agent-turn\">\n<div class=\"flex-col gap-1 md:gap-3\">\n<div class=\"flex flex-grow flex-col max-w-full\">\n<div class=\"min-h-[20px] text-message flex flex-col items-start gap-3 whitespace-pre-wrap break-words [.text-message+&amp;]:mt-5 overflow-x-auto\" dir=\"auto\" data-message-author-role=\"assistant\" data-message-id=\"35727d73-386f-4ab9-8d13-884e03933a84\">\n<div class=\"markdown prose w-full break-words dark:prose-invert dark\">\n<p>Del\u00e9itese con el rico y sabroso sabor de Regal Lahori Mix, una deliciosa mezcla de crujientes y sabrosos aperitivos perfectos para cualquier ocasi\u00f3n. Ahora disponible en un pr\u00e1ctico envase de 375 g en Sultan Spices &amp; Supermarket.<\/p>\n<p>Regal Lahori Mix presenta una tentadora combinaci\u00f3n de aperitivos tradicionales del sur de Asia, como crujientes palitos de lentejas, cacahuetes picantes, crujientes fideos de garbanzos y mucho m\u00e1s. Cada bocado rebosa de sabores y texturas aut\u00e9nticos que dejar\u00e1n a tus papilas gustativas con ganas de m\u00e1s.<\/p>\n<p>Regal Lahori Mix es la elecci\u00f3n perfecta para recibir invitados, disfrutar de una noche de cine en casa o simplemente buscar un sabroso tentempi\u00e9 para satisfacer sus antojos. Hazte con un paquete hoy mismo y experimenta el irresistible sabor de la comida callejera de Lahori en la comodidad de tu propia casa.<\/p>\n<\/div>\n<\/div>\n<\/div>\n<div class=\"mt-1 flex gap-3 empty:hidden\">\n<div class=\"text-gray-400 flex self-end lg:self-center items-center justify-center lg:justify-start mt-0 -ml-1 h-7 gap-[2px] visible\"><\/div>\n<\/div>\n<\/div>\n<\/div>\n<\/div>\n<\/div>\n<\/div>\n<\/div>\n<\/div>\n<\/div>\n<\/div>\n<\/div>","protected":false},"excerpt":{"rendered":"<p>Del\u00e9itese con el rico y sabroso sabor de Regal Lahori Mix, una deliciosa mezcla de crujientes y sabrosos aperitivos perfectos para cualquier ocasi\u00f3n. Ahora disponible en un pr\u00e1ctico envase de 375 g en Sultan Spices &amp; Supermarket. Regal Lahori Mix presenta una tentadora combinaci\u00f3n de aperitivos tradicionales del sur de Asia, como palitos crujientes de lentejas, cacahuetes picantes,...<\/p>","protected":false},"featured_media":4576,"comment_status":"open","ping_status":"closed","template":"","meta":{"_kad_blocks_custom_css":"","_kad_blocks_head_custom_js":"","_kad_blocks_body_custom_js":"","_kad_blocks_footer_custom_js":"","_kadence_starter_templates_imported_post":false,"_kad_post_transparent":"default","_kad_post_title":"","_kad_post_layout":"default","_kad_post_sidebar_id":"","_kad_post_content_style":"default","_kad_post_vertical_padding":"default","_kad_post_feature":"","_kad_post_feature_position":"","_kad_post_header":false,"_kad_post_footer":false,"_kad_post_classname":""},"product_brand":[],"product_cat":[56],"product_tag":[],"class_list":{"0":"post-3717","1":"product","2":"type-product","3":"status-publish","4":"has-post-thumbnail","6":"product_cat-indian-snacks","8":"first","9":"outofstock","10":"shipping-taxable","11":"purchasable","12":"product-type-simple","13":"entry","14":"content-bg","15":"loop-entry"},"taxonomy_info":{"product_cat":[{"value":56,"label":"Snacks"}]},"featured_image_src_large":["https:\/\/sultanspices.es\/wp-content\/uploads\/2023\/11\/ProductsPIX-98-1024x1024.png",1024,1024,true],"author_info":[],"comment_info":0,"jetpack_sharing_enabled":true,"_links":{"self":[{"href":"https:\/\/sultanspices.es\/es\/wp-json\/wp\/v2\/product\/3717","targetHints":{"allow":["GET"]}}],"collection":[{"href":"https:\/\/sultanspices.es\/es\/wp-json\/wp\/v2\/product"}],"about":[{"href":"https:\/\/sultanspices.es\/es\/wp-json\/wp\/v2\/types\/product"}],"replies":[{"embeddable":true,"href":"https:\/\/sultanspices.es\/es\/wp-json\/wp\/v2\/comments?post=3717"}],"wp:featuredmedia":[{"embeddable":true,"href":"https:\/\/sultanspices.es\/es\/wp-json\/wp\/v2\/media\/4576"}],"wp:attachment":[{"href":"https:\/\/sultanspices.es\/es\/wp-json\/wp\/v2\/media?parent=3717"}],"wp:term":[{"taxonomy":"product_brand","embeddable":true,"href":"https:\/\/sultanspices.es\/es\/wp-json\/wp\/v2\/product_brand?post=3717"},{"taxonomy":"product_cat","embeddable":true,"href":"https:\/\/sultanspices.es\/es\/wp-json\/wp\/v2\/product_cat?post=3717"},{"taxonomy":"product_tag","embeddable":true,"href":"https:\/\/sultanspices.es\/es\/wp-json\/wp\/v2\/product_tag?post=3717"}],"curies":[{"name":"wp","href":"https:\/\/api.w.org\/{rel}","templated":true}]}}