{"id":3691,"date":"2023-11-07T21:53:58","date_gmt":"2023-11-07T20:53:58","guid":{"rendered":"https:\/\/sultanspices.es\/succo-ali-baba-lychee-21l\/"},"modified":"2026-02-23T12:41:19","modified_gmt":"2026-02-23T11:41:19","slug":"juice-ali-baba-lychee-21l","status":"publish","type":"product","link":"https:\/\/sultanspices.es\/es\/producto\/zumo-ali-baba-lychee-21l\/","title":{"rendered":"SUCCO ALI BABA LICHI 2,1L"},"content":{"rendered":"<div class=\"flex-1 overflow-hidden\">\n<div class=\"react-scroll-to-bottom--css-wseun-79elbk h-full\">\n<div class=\"react-scroll-to-bottom--css-wseun-1n7m0yu\">\n<div>\n<div class=\"flex flex-col text-sm pb-9\">\n<div class=\"w-full text-token-text-primary\" dir=\"auto\" data-testid=\"conversation-turn-725\">\n<div class=\"px-4 py-2 justify-center text-base md:gap-6 m-auto\">\n<div class=\"flex flex-1 text-base mx-auto gap-3 juice:gap-4 juice:md:gap-6 md:px-5 lg:px-1 xl:px-5 md:max-w-3xl lg:max-w-[40rem] xl:max-w-[48rem] group final-completion\">\n<div class=\"relative flex w-full flex-col agent-turn\">\n<div class=\"flex-col gap-1 md:gap-3\">\n<div class=\"flex flex-grow flex-col max-w-full\">\n<div class=\"min-h-[20px] text-message flex flex-col items-start gap-3 whitespace-pre-wrap break-words [.text-message+&amp;]:mt-5 overflow-x-auto\" dir=\"auto\" data-message-author-role=\"assistant\" data-message-id=\"e529e7fb-8954-4194-8fd2-25902b887ec5\">\n<div class=\"markdown prose w-full break-words dark:prose-invert dark\">\n<p>Sacia tu sed con el refrescante sabor de Ali Baba Lychee Juice 2.1L, ya disponible en Sultan Spices &amp; Supermarket.<\/p>\n<p>Elaborado a partir de los mejores lichis, este zumo ofrece una deliciosa combinaci\u00f3n de dulzor y acidez que sin duda deleitar\u00e1 su paladar. Cada sorbo est\u00e1 repleto de la bondad natural de los lichis, por lo que es la bebida perfecta para disfrutar en un d\u00eda caluroso o para complementar cualquier comida.<\/p>\n<p>Tanto si es el anfitri\u00f3n de una reuni\u00f3n como si simplemente se relaja en casa, el zumo de lichi Ali Baba es una opci\u00f3n vers\u00e1til y deliciosa para todas las ocasiones. Abast\u00e9cete de esta sabrosa bebida y del\u00e9itate con el ex\u00f3tico sabor de los lichis en cada sorbo.<\/p>\n<\/div>\n<\/div>\n<\/div>\n<div class=\"mt-1 flex gap-3 empty:hidden\">\n<div class=\"text-gray-400 flex self-end lg:self-center items-center justify-center lg:justify-start mt-0 -ml-1 h-7 gap-[2px] visible\"><\/div>\n<\/div>\n<\/div>\n<\/div>\n<\/div>\n<\/div>\n<\/div>\n<\/div>\n<\/div>\n<\/div>\n<\/div>\n<\/div>","protected":false},"excerpt":{"rendered":"<p>Sacia tu sed con el refrescante sabor del zumo de lichi Ali Baba 2,1 l, ya disponible en Sultan Spices &amp; Supermarket. Elaborado a partir de los mejores lichis, este zumo ofrece una deliciosa combinaci\u00f3n de dulzor y acidez que deleitar\u00e1 su paladar. Cada sorbo est\u00e1 repleto de la bondad natural de los lichis,...<\/p>","protected":false},"featured_media":4580,"comment_status":"open","ping_status":"closed","template":"","meta":{"_kad_blocks_custom_css":"","_kad_blocks_head_custom_js":"","_kad_blocks_body_custom_js":"","_kad_blocks_footer_custom_js":"","_kadence_starter_templates_imported_post":false,"_kad_post_transparent":"default","_kad_post_title":"","_kad_post_layout":"default","_kad_post_sidebar_id":"","_kad_post_content_style":"default","_kad_post_vertical_padding":"default","_kad_post_feature":"","_kad_post_feature_position":"","_kad_post_header":false,"_kad_post_footer":false,"_kad_post_classname":""},"product_brand":[],"product_cat":[58],"product_tag":[],"class_list":{"0":"post-3691","1":"product","2":"type-product","3":"status-publish","4":"has-post-thumbnail","6":"product_cat-beverages","8":"first","9":"outofstock","10":"shipping-taxable","11":"purchasable","12":"product-type-simple","13":"entry","14":"content-bg","15":"loop-entry"},"taxonomy_info":{"product_cat":[{"value":58,"label":"Beverages"}]},"featured_image_src_large":["https:\/\/sultanspices.es\/wp-content\/uploads\/2023\/11\/ProductsPIX-100-1024x1024.png",1024,1024,true],"author_info":[],"comment_info":0,"jetpack_sharing_enabled":true,"_links":{"self":[{"href":"https:\/\/sultanspices.es\/es\/wp-json\/wp\/v2\/product\/3691","targetHints":{"allow":["GET"]}}],"collection":[{"href":"https:\/\/sultanspices.es\/es\/wp-json\/wp\/v2\/product"}],"about":[{"href":"https:\/\/sultanspices.es\/es\/wp-json\/wp\/v2\/types\/product"}],"replies":[{"embeddable":true,"href":"https:\/\/sultanspices.es\/es\/wp-json\/wp\/v2\/comments?post=3691"}],"wp:featuredmedia":[{"embeddable":true,"href":"https:\/\/sultanspices.es\/es\/wp-json\/wp\/v2\/media\/4580"}],"wp:attachment":[{"href":"https:\/\/sultanspices.es\/es\/wp-json\/wp\/v2\/media?parent=3691"}],"wp:term":[{"taxonomy":"product_brand","embeddable":true,"href":"https:\/\/sultanspices.es\/es\/wp-json\/wp\/v2\/product_brand?post=3691"},{"taxonomy":"product_cat","embeddable":true,"href":"https:\/\/sultanspices.es\/es\/wp-json\/wp\/v2\/product_cat?post=3691"},{"taxonomy":"product_tag","embeddable":true,"href":"https:\/\/sultanspices.es\/es\/wp-json\/wp\/v2\/product_tag?post=3691"}],"curies":[{"name":"wp","href":"https:\/\/api.w.org\/{rel}","templated":true}]}}