{"id":3688,"date":"2023-11-07T21:53:56","date_gmt":"2023-11-07T20:53:56","guid":{"rendered":"https:\/\/sultanspices.es\/mdh-madras-curry-masala-100g\/"},"modified":"2026-04-08T10:23:20","modified_gmt":"2026-04-08T08:23:20","slug":"mdh-madras-curry-masala-100g","status":"publish","type":"product","link":"https:\/\/sultanspices.es\/es\/producto\/mdh-madras-curry-masala-100g\/","title":{"rendered":"MDH MADRAS CURRY MASALA 100G"},"content":{"rendered":"<div class=\"flex-1 overflow-hidden\">\n<div class=\"react-scroll-to-bottom--css-wseun-79elbk h-full\">\n<div class=\"react-scroll-to-bottom--css-wseun-1n7m0yu\">\n<div>\n<div class=\"flex flex-col text-sm pb-9\">\n<div class=\"w-full text-token-text-primary\" dir=\"auto\" data-testid=\"conversation-turn-727\">\n<div class=\"px-4 py-2 justify-center text-base md:gap-6 m-auto\">\n<div class=\"flex flex-1 text-base mx-auto gap-3 juice:gap-4 juice:md:gap-6 md:px-5 lg:px-1 xl:px-5 md:max-w-3xl lg:max-w-[40rem] xl:max-w-[48rem] group final-completion\">\n<div class=\"relative flex w-full flex-col agent-turn\">\n<div class=\"flex-col gap-1 md:gap-3\">\n<div class=\"flex flex-grow flex-col max-w-full\">\n<div class=\"min-h-[20px] text-message flex flex-col items-start gap-3 whitespace-pre-wrap break-words [.text-message+&amp;]:mt-5 overflow-x-auto\" dir=\"auto\" data-message-author-role=\"assistant\" data-message-id=\"b8232869-2983-4cb2-914a-f10c431f790b\">\n<div class=\"markdown prose w-full break-words dark:prose-invert dark\">\n<p>Mejore su curry con MDH Madras Curry Masala 100g, ahora disponible en Sultan Spices &amp; Supermarket.<\/p>\n<p>Elaborada a partir de una mezcla de especias de primera calidad, esta aut\u00e9ntica mezcla masala lleva los ricos y arom\u00e1ticos sabores del curry de Madr\u00e1s directamente a su cocina. MDH Madras Curry Masala est\u00e1 elaborado por expertos para garantizar el equilibrio perfecto de especias, dando a su curry una profundidad de sabor que es seguro para impresionar.<\/p>\n<p>Con la mezcla justa de hierbas arom\u00e1ticas y especias, como cilantro, comino, c\u00farcuma y otras, este masala elimina las conjeturas sobre el condimento, permiti\u00e9ndole crear un curry de Madr\u00e1s de calidad de restaurante en la comodidad de su propia casa.<\/p>\n<p>Experimente la comodidad y el sabor de MDH Madras Curry Masala 100g, ya disponible en Sultan Spices &amp; Supermarket. Mejore su curry y disfrute del aut\u00e9ntico sabor de la cocina del sur de la India en cada bocado.<\/p>\n<\/div>\n<\/div>\n<\/div>\n<div class=\"mt-1 flex gap-3 empty:hidden\">\n<div class=\"text-gray-400 flex self-end lg:self-center items-center justify-center lg:justify-start mt-0 -ml-1 h-7 gap-[2px] visible\"><\/div>\n<\/div>\n<\/div>\n<\/div>\n<\/div>\n<\/div>\n<\/div>\n<\/div>\n<\/div>\n<\/div>\n<\/div>\n<\/div>","protected":false},"excerpt":{"rendered":"<p>Mejore su curry con MDH Madras Curry Masala 100g, ahora disponible en Sultan Spices &amp; Supermarket. Elaborada a partir de una mezcla de especias de primera calidad, esta aut\u00e9ntica mezcla de masala lleva los ricos y arom\u00e1ticos sabores del curry de Madr\u00e1s directamente a su cocina. MDH Madras Curry Masala est\u00e1 elaborada por expertos para garantizar el equilibrio perfecto de especias,...<\/p>","protected":false},"featured_media":4582,"comment_status":"open","ping_status":"closed","template":"","meta":{"_kad_blocks_custom_css":"","_kad_blocks_head_custom_js":"","_kad_blocks_body_custom_js":"","_kad_blocks_footer_custom_js":"","_kadence_starter_templates_imported_post":false,"_kad_post_transparent":"default","_kad_post_title":"","_kad_post_layout":"default","_kad_post_sidebar_id":"","_kad_post_content_style":"default","_kad_post_vertical_padding":"default","_kad_post_feature":"","_kad_post_feature_position":"","_kad_post_header":false,"_kad_post_footer":false,"_kad_post_classname":""},"product_brand":[],"product_cat":[49],"product_tag":[],"class_list":{"0":"post-3688","1":"product","2":"type-product","3":"status-publish","4":"has-post-thumbnail","6":"product_cat-mix-spices-seasoning","8":"first","9":"instock","10":"shipping-taxable","11":"purchasable","12":"product-type-simple","13":"entry","14":"content-bg","15":"loop-entry"},"taxonomy_info":{"product_cat":[{"value":49,"label":"Mix Spices &amp; Seasoning"}]},"featured_image_src_large":["https:\/\/sultanspices.es\/wp-content\/uploads\/2023\/11\/ProductsPIX-2024-04-14T115724.603-1024x1024.png",1024,1024,true],"author_info":[],"comment_info":0,"jetpack_sharing_enabled":true,"_links":{"self":[{"href":"https:\/\/sultanspices.es\/es\/wp-json\/wp\/v2\/product\/3688","targetHints":{"allow":["GET"]}}],"collection":[{"href":"https:\/\/sultanspices.es\/es\/wp-json\/wp\/v2\/product"}],"about":[{"href":"https:\/\/sultanspices.es\/es\/wp-json\/wp\/v2\/types\/product"}],"replies":[{"embeddable":true,"href":"https:\/\/sultanspices.es\/es\/wp-json\/wp\/v2\/comments?post=3688"}],"wp:featuredmedia":[{"embeddable":true,"href":"https:\/\/sultanspices.es\/es\/wp-json\/wp\/v2\/media\/4582"}],"wp:attachment":[{"href":"https:\/\/sultanspices.es\/es\/wp-json\/wp\/v2\/media?parent=3688"}],"wp:term":[{"taxonomy":"product_brand","embeddable":true,"href":"https:\/\/sultanspices.es\/es\/wp-json\/wp\/v2\/product_brand?post=3688"},{"taxonomy":"product_cat","embeddable":true,"href":"https:\/\/sultanspices.es\/es\/wp-json\/wp\/v2\/product_cat?post=3688"},{"taxonomy":"product_tag","embeddable":true,"href":"https:\/\/sultanspices.es\/es\/wp-json\/wp\/v2\/product_tag?post=3688"}],"curies":[{"name":"wp","href":"https:\/\/api.w.org\/{rel}","templated":true}]}}