{"id":3687,"date":"2023-11-07T21:53:56","date_gmt":"2023-11-07T20:53:56","guid":{"rendered":"https:\/\/sultanspices.es\/kheer-mix-ahmed-standardplain-160g\/"},"modified":"2026-03-31T18:37:42","modified_gmt":"2026-03-31T16:37:42","slug":"kheer-mix-ahmed-standardplain-160g","status":"publish","type":"product","link":"https:\/\/sultanspices.es\/es\/producto\/kheer-mix-ahmed-standardplain-160g\/","title":{"rendered":"KHEER MIX AHMED STANDARD(NATURAL) 160G"},"content":{"rendered":"<div class=\"flex-1 overflow-hidden\">\n<div class=\"react-scroll-to-bottom--css-qbbne-79elbk h-full\">\n<div class=\"react-scroll-to-bottom--css-qbbne-1n7m0yu\">\n<div class=\"flex flex-col pb-9 text-sm\">\n<div class=\"w-full text-token-text-primary\" data-testid=\"conversation-turn-65\">\n<div class=\"px-4 py-2 justify-center text-base md:gap-6 m-auto\">\n<div class=\"flex flex-1 text-base mx-auto gap-3 md:px-5 lg:px-1 xl:px-5 md:max-w-3xl lg:max-w-[40rem] xl:max-w-[48rem] group final-completion\">\n<div class=\"relative flex w-full flex-col lg:w-[calc(100%-115px)] agent-turn\">\n<div class=\"flex-col gap-1 md:gap-3\">\n<div class=\"flex flex-grow flex-col max-w-full\">\n<div class=\"min-h-[20px] text-message flex flex-col items-start gap-3 whitespace-pre-wrap break-words [.text-message+&amp;]:mt-5 overflow-x-auto\" data-message-author-role=\"assistant\" data-message-id=\"164acbdc-a39d-4b17-a794-eb3e7c4c8b8e\">\n<div class=\"markdown prose w-full break-words dark:prose-invert dark\">\n<p>Deleite sus sentidos con el reconfortante sabor de Ahmed Standard (Plain) Kheer Mix 160g, ahora disponible en Sultan Spices &amp; Supermarket. Esta mezcla cl\u00e1sica para postres es la base perfecta para elaborar el tradicional kheer indio, que le permitir\u00e1 disfrutar en casa de un postre rico y cremoso con facilidad.<\/p>\n<p>Ahmed Standard (Plain) Kheer Mix est\u00e1 expertamente mezclado con ingredientes de primera calidad, como arroz, s\u00f3lidos l\u00e1cteos y un toque de especias arom\u00e1ticas. Su suave textura y delicado sabor crean una aut\u00e9ntica experiencia kheer que recuerda a las delicias caseras.<\/p>\n<p>Preparar Ahmed Standard (normal) Kheer es facil\u00edsimo. S\u00f3lo hay que seguir las sencillas instrucciones del envase, a\u00f1adir az\u00facar al gusto y dejar que la mezcla cueza a fuego lento hasta que est\u00e9 espesa y cremosa. Tanto si se sirve caliente como fr\u00edo, este postre atemporal evocar\u00e1 sentimientos de nostalgia y calidez.<\/p>\n<p>Experimente la esencia de la tradici\u00f3n culinaria india con Ahmed Standard (Plain) Kheer Mix 160g, ya disponible en Sultan Spices &amp; Supermarket. Disfrute usted y sus seres queridos de un sabor dulce y tradicional con cada cucharada de este delicioso kheer.<\/p>\n<\/div>\n<\/div>\n<\/div>\n<\/div>\n<\/div>\n<\/div>\n<\/div>\n<\/div>\n<\/div>\n<\/div>\n<\/div>\n<\/div>","protected":false},"excerpt":{"rendered":"<p>Deleite sus sentidos con el reconfortante sabor de Ahmed Standard (Plain) Kheer Mix 160g, ahora disponible en Sultan Spices &amp; Supermarket. Esta mezcla cl\u00e1sica para postres proporciona la base perfecta para elaborar el tradicional kheer indio, permiti\u00e9ndole disfrutar en casa de una delicia rica y cremosa con facilidad. Ahmed Standard (Plain) Kheer Mix est\u00e1 expertamente...<\/p>","protected":false},"featured_media":4038,"comment_status":"open","ping_status":"closed","template":"","meta":{"_kad_blocks_custom_css":"","_kad_blocks_head_custom_js":"","_kad_blocks_body_custom_js":"","_kad_blocks_footer_custom_js":"","_kadence_starter_templates_imported_post":false,"_kad_post_transparent":"default","_kad_post_title":"","_kad_post_layout":"default","_kad_post_sidebar_id":"","_kad_post_content_style":"default","_kad_post_vertical_padding":"default","_kad_post_feature":"","_kad_post_feature_position":"","_kad_post_header":false,"_kad_post_footer":false,"_kad_post_classname":""},"product_brand":[],"product_cat":[48],"product_tag":[],"class_list":{"0":"post-3687","1":"product","2":"type-product","3":"status-publish","4":"has-post-thumbnail","6":"product_cat-dessert-mixes-for-indian-sweets","8":"first","9":"instock","10":"shipping-taxable","11":"purchasable","12":"product-type-simple","13":"entry","14":"content-bg","15":"loop-entry"},"taxonomy_info":{"product_cat":[{"value":48,"label":"Dessert Mixes for Indian Sweets"}]},"featured_image_src_large":["https:\/\/sultanspices.es\/wp-content\/uploads\/2023\/11\/ProductsPIX-29-1024x1024.png",1024,1024,true],"author_info":[],"comment_info":0,"jetpack_sharing_enabled":true,"_links":{"self":[{"href":"https:\/\/sultanspices.es\/es\/wp-json\/wp\/v2\/product\/3687","targetHints":{"allow":["GET"]}}],"collection":[{"href":"https:\/\/sultanspices.es\/es\/wp-json\/wp\/v2\/product"}],"about":[{"href":"https:\/\/sultanspices.es\/es\/wp-json\/wp\/v2\/types\/product"}],"replies":[{"embeddable":true,"href":"https:\/\/sultanspices.es\/es\/wp-json\/wp\/v2\/comments?post=3687"}],"wp:featuredmedia":[{"embeddable":true,"href":"https:\/\/sultanspices.es\/es\/wp-json\/wp\/v2\/media\/4038"}],"wp:attachment":[{"href":"https:\/\/sultanspices.es\/es\/wp-json\/wp\/v2\/media?parent=3687"}],"wp:term":[{"taxonomy":"product_brand","embeddable":true,"href":"https:\/\/sultanspices.es\/es\/wp-json\/wp\/v2\/product_brand?post=3687"},{"taxonomy":"product_cat","embeddable":true,"href":"https:\/\/sultanspices.es\/es\/wp-json\/wp\/v2\/product_cat?post=3687"},{"taxonomy":"product_tag","embeddable":true,"href":"https:\/\/sultanspices.es\/es\/wp-json\/wp\/v2\/product_tag?post=3687"}],"curies":[{"name":"wp","href":"https:\/\/api.w.org\/{rel}","templated":true}]}}