{"id":3683,"date":"2023-11-07T21:53:54","date_gmt":"2023-11-07T20:53:54","guid":{"rendered":"https:\/\/sultanspices.es\/farina-pillsbury-chakki-10kg\/"},"modified":"2026-02-23T12:41:12","modified_gmt":"2026-02-23T11:41:12","slug":"harina-pillsbury-chakki-10kg","status":"publish","type":"product","link":"https:\/\/sultanspices.es\/es\/producto\/harina-pillsbury-chakki-10kg\/","title":{"rendered":"PILLSBURY CHAKKI FLOUR 10KG"},"content":{"rendered":"<div class=\"flex-1 overflow-hidden\">\n<div class=\"react-scroll-to-bottom--css-wseun-79elbk h-full\">\n<div class=\"react-scroll-to-bottom--css-wseun-1n7m0yu\">\n<div>\n<div class=\"flex flex-col text-sm pb-9\">\n<div class=\"w-full text-token-text-primary\" dir=\"auto\" data-testid=\"conversation-turn-731\">\n<div class=\"px-4 py-2 justify-center text-base md:gap-6 m-auto\">\n<div class=\"flex flex-1 text-base mx-auto gap-3 juice:gap-4 juice:md:gap-6 md:px-5 lg:px-1 xl:px-5 md:max-w-3xl lg:max-w-[40rem] xl:max-w-[48rem] group final-completion\">\n<div class=\"relative flex w-full flex-col agent-turn\">\n<div class=\"flex-col gap-1 md:gap-3\">\n<div class=\"flex flex-grow flex-col max-w-full\">\n<div class=\"min-h-[20px] text-message flex flex-col items-start gap-3 whitespace-pre-wrap break-words [.text-message+&amp;]:mt-5 overflow-x-auto\" dir=\"auto\" data-message-author-role=\"assistant\" data-message-id=\"849d0fcb-f2b2-4ffd-a356-c41dae34682c\">\n<div class=\"markdown prose w-full break-words dark:prose-invert dark\">\n<p>Experimente la harina de mejor calidad con Pillsbury Chakki Atta 10kg, ahora disponible en Sultan Spices &amp; Supermarket. Elaborada con granos de trigo integral cuidadosamente seleccionados, esta harina de primera calidad conserva todas las bondades naturales, por lo que es perfecta para preparar rotis, chapatis y otras variedades de pan indio suaves y esponjosos.<\/p>\n<p>Pillsbury Chakki Atta se somete a un proceso tradicional de molido a la piedra, que preserva los nutrientes y el sabor del trigo, garantizando que cada comida sea sana y deliciosa. Con su calidad y consistencia superiores, Pillsbury Chakki Atta es un producto b\u00e1sico en las cocinas de todo el mundo.<\/p>\n<p>Hazte con Pillsbury Chakki Atta 10 kg y disfruta cada d\u00eda del aut\u00e9ntico sabor de los rotis y chapatis reci\u00e9n preparados.<\/p>\n<\/div>\n<\/div>\n<\/div>\n<\/div>\n<\/div>\n<\/div>\n<\/div>\n<\/div>\n<p><button class=\"cursor-pointer absolute z-10 rounded-full bg-clip-padding border text-token-text-secondary border-token-border-light right-1\/2 bg-token-main-surface-primary bottom-5\"><\/button><\/div>\n<\/div>\n<\/div>\n<\/div>\n<\/div>","protected":false},"excerpt":{"rendered":"<p>Experimente la harina de mejor calidad con Pillsbury Chakki Atta 10kg, ahora disponible en Sultan Spices &amp; Supermarket. Elaborada con granos de trigo integral cuidadosamente seleccionados, esta harina de primera calidad conserva todas las bondades naturales, por lo que es perfecta para preparar rotis, chapatis y otras variedades de pan indio suaves y esponjosos. Pillsbury Chakki Atta se somete a una molienda tradicional a la piedra...<\/p>","protected":false},"featured_media":4479,"comment_status":"open","ping_status":"closed","template":"","meta":{"_kad_blocks_custom_css":"","_kad_blocks_head_custom_js":"","_kad_blocks_body_custom_js":"","_kad_blocks_footer_custom_js":"","_kadence_starter_templates_imported_post":false,"_kad_post_transparent":"default","_kad_post_title":"","_kad_post_layout":"default","_kad_post_sidebar_id":"","_kad_post_content_style":"default","_kad_post_vertical_padding":"default","_kad_post_feature":"","_kad_post_feature_position":"","_kad_post_header":false,"_kad_post_footer":false,"_kad_post_classname":""},"product_brand":[],"product_cat":[52],"product_tag":[],"class_list":{"0":"post-3683","1":"product","2":"type-product","3":"status-publish","4":"has-post-thumbnail","6":"product_cat-flour","8":"first","9":"instock","10":"shipping-taxable","11":"purchasable","12":"product-type-simple","13":"entry","14":"content-bg","15":"loop-entry"},"taxonomy_info":{"product_cat":[{"value":52,"label":"Flour"}]},"featured_image_src_large":["https:\/\/sultanspices.es\/wp-content\/uploads\/2024\/04\/ProductsPIX-39-1024x1024.png",1024,1024,true],"author_info":[],"comment_info":0,"jetpack_sharing_enabled":true,"_links":{"self":[{"href":"https:\/\/sultanspices.es\/es\/wp-json\/wp\/v2\/product\/3683","targetHints":{"allow":["GET"]}}],"collection":[{"href":"https:\/\/sultanspices.es\/es\/wp-json\/wp\/v2\/product"}],"about":[{"href":"https:\/\/sultanspices.es\/es\/wp-json\/wp\/v2\/types\/product"}],"replies":[{"embeddable":true,"href":"https:\/\/sultanspices.es\/es\/wp-json\/wp\/v2\/comments?post=3683"}],"wp:featuredmedia":[{"embeddable":true,"href":"https:\/\/sultanspices.es\/es\/wp-json\/wp\/v2\/media\/4479"}],"wp:attachment":[{"href":"https:\/\/sultanspices.es\/es\/wp-json\/wp\/v2\/media?parent=3683"}],"wp:term":[{"taxonomy":"product_brand","embeddable":true,"href":"https:\/\/sultanspices.es\/es\/wp-json\/wp\/v2\/product_brand?post=3683"},{"taxonomy":"product_cat","embeddable":true,"href":"https:\/\/sultanspices.es\/es\/wp-json\/wp\/v2\/product_cat?post=3683"},{"taxonomy":"product_tag","embeddable":true,"href":"https:\/\/sultanspices.es\/es\/wp-json\/wp\/v2\/product_tag?post=3683"}],"curies":[{"name":"wp","href":"https:\/\/api.w.org\/{rel}","templated":true}]}}