{"id":3682,"date":"2023-11-07T21:53:54","date_gmt":"2023-11-07T20:53:54","guid":{"rendered":"https:\/\/sultanspices.es\/farina-ali-baba-light-medium-10kg-ita\/"},"modified":"2026-02-23T12:40:44","modified_gmt":"2026-02-23T11:40:44","slug":"harina-ali-baba-light-medium-10kg-ita","status":"publish","type":"product","link":"https:\/\/sultanspices.es\/es\/producto\/harina-ali-baba-ligero-medio-10kg-ita\/","title":{"rendered":"FARINA ALI BABA LIGHT MEDIUM 10KG ITA"},"content":{"rendered":"<div class=\"flex-1 overflow-hidden\">\n<div class=\"react-scroll-to-bottom--css-pgoyk-79elbk h-full\">\n<div class=\"react-scroll-to-bottom--css-pgoyk-1n7m0yu\">\n<div class=\"flex flex-col pb-9 text-sm\">\n<div class=\"w-full text-token-text-primary\" data-testid=\"conversation-turn-129\">\n<div class=\"px-4 py-2 justify-center text-base md:gap-6 m-auto\">\n<div class=\"flex flex-1 text-base mx-auto gap-3 md:px-5 lg:px-1 xl:px-5 md:max-w-3xl lg:max-w-[40rem] xl:max-w-[48rem] group final-completion\">\n<div class=\"relative flex w-full flex-col agent-turn\">\n<div class=\"flex-col gap-1 md:gap-3\">\n<div class=\"flex flex-grow flex-col max-w-full\">\n<div class=\"min-h-[20px] text-message flex flex-col items-start gap-3 whitespace-pre-wrap break-words [.text-message+&amp;]:mt-5 overflow-x-auto\" data-message-author-role=\"assistant\" data-message-id=\"84338648-907b-4593-8314-79ad54c27781\">\n<div class=\"markdown prose w-full break-words dark:prose-invert dark\">\n<p>Mejore sus creaciones culinarias de inspiraci\u00f3n italiana con Ali Baba Light Medium Flour 10 kg, ahora disponible en Sultan Spices &amp; Supermarket. Esta harina de primera calidad se muele finamente a la perfecci\u00f3n, ofreciendo un ingrediente vers\u00e1til para una amplia gama de deliciosos platos.<\/p>\n<p>La harina Ali Baba Light Medium est\u00e1 elaborada por expertos para conseguir la textura y consistencia ideales, lo que la hace adecuada para diversas delicias italianas como pasta, masa de pizza, pan y reposter\u00eda. Tanto si es un chef profesional como un cocinero casero, esta harina es perfecta para llevar los aut\u00e9nticos sabores italianos a su cocina.<\/p>\n<p>Con su pr\u00e1ctico envase de 10 kg, Ali Baba Light Medium Flour le garantiza un amplio suministro para todas sus necesidades de reposter\u00eda y cocina. Experimente la calidad superior y la versatilidad de esta harina y eleve su cocina italiana a nuevas cotas.<\/p>\n<p>Experimente la excelencia culinaria de Ali Baba Light Medium Flour 10kg, ya disponible en Sultan Spices &amp; Supermarket. Lleve los sabores de Italia a su mesa e impresione a su familia y amigos con deliciosos platos italianos caseros elaborados con harina de primera calidad.<\/p>\n<\/div>\n<\/div>\n<\/div>\n<\/div>\n<\/div>\n<\/div>\n<\/div>\n<\/div>\n<\/div>\n<\/div>\n<\/div>\n<\/div>","protected":false},"excerpt":{"rendered":"<p>Mejore sus creaciones culinarias de inspiraci\u00f3n italiana con Ali Baba Light Medium Flour 10 kg, ahora disponible en Sultan Spices &amp; Supermarket. Esta harina de primera calidad se muele finamente a la perfecci\u00f3n, ofreciendo un ingrediente vers\u00e1til para una amplia gama de deliciosos platos. Ali Baba Light Medium Flour est\u00e1 elaborada por expertos para conseguir la textura y consistencia ideales,...<\/p>","protected":false},"featured_media":4100,"comment_status":"open","ping_status":"closed","template":"","meta":{"_kad_blocks_custom_css":"","_kad_blocks_head_custom_js":"","_kad_blocks_body_custom_js":"","_kad_blocks_footer_custom_js":"","_kadence_starter_templates_imported_post":false,"_kad_post_transparent":"default","_kad_post_title":"","_kad_post_layout":"default","_kad_post_sidebar_id":"","_kad_post_content_style":"default","_kad_post_vertical_padding":"default","_kad_post_feature":"","_kad_post_feature_position":"","_kad_post_header":false,"_kad_post_footer":false,"_kad_post_classname":""},"product_brand":[],"product_cat":[52],"product_tag":[],"class_list":{"0":"post-3682","1":"product","2":"type-product","3":"status-publish","4":"has-post-thumbnail","6":"product_cat-flour","8":"first","9":"outofstock","10":"shipping-taxable","11":"purchasable","12":"product-type-simple","13":"entry","14":"content-bg","15":"loop-entry"},"taxonomy_info":{"product_cat":[{"value":52,"label":"Flour"}]},"featured_image_src_large":["https:\/\/sultanspices.es\/wp-content\/uploads\/2023\/11\/ProductsPIX-61-1024x1024.png",1024,1024,true],"author_info":[],"comment_info":0,"jetpack_sharing_enabled":true,"_links":{"self":[{"href":"https:\/\/sultanspices.es\/es\/wp-json\/wp\/v2\/product\/3682","targetHints":{"allow":["GET"]}}],"collection":[{"href":"https:\/\/sultanspices.es\/es\/wp-json\/wp\/v2\/product"}],"about":[{"href":"https:\/\/sultanspices.es\/es\/wp-json\/wp\/v2\/types\/product"}],"replies":[{"embeddable":true,"href":"https:\/\/sultanspices.es\/es\/wp-json\/wp\/v2\/comments?post=3682"}],"wp:featuredmedia":[{"embeddable":true,"href":"https:\/\/sultanspices.es\/es\/wp-json\/wp\/v2\/media\/4100"}],"wp:attachment":[{"href":"https:\/\/sultanspices.es\/es\/wp-json\/wp\/v2\/media?parent=3682"}],"wp:term":[{"taxonomy":"product_brand","embeddable":true,"href":"https:\/\/sultanspices.es\/es\/wp-json\/wp\/v2\/product_brand?post=3682"},{"taxonomy":"product_cat","embeddable":true,"href":"https:\/\/sultanspices.es\/es\/wp-json\/wp\/v2\/product_cat?post=3682"},{"taxonomy":"product_tag","embeddable":true,"href":"https:\/\/sultanspices.es\/es\/wp-json\/wp\/v2\/product_tag?post=3682"}],"curies":[{"name":"wp","href":"https:\/\/api.w.org\/{rel}","templated":true}]}}