{"id":3675,"date":"2023-11-07T21:53:52","date_gmt":"2023-11-07T20:53:52","guid":{"rendered":"https:\/\/sultanspices.es\/parboiled-royal-golden-riso-4x5kg\/"},"modified":"2026-02-23T12:40:28","modified_gmt":"2026-02-23T11:40:28","slug":"parboiled-royal-golden-rice-5kg","status":"publish","type":"product","link":"https:\/\/sultanspices.es\/es\/producto\/parboiled-royal-golden-riso-4x5kg\/","title":{"rendered":"RISO REAL DORADO SANCOCHADO 5KG"},"content":{"rendered":"<div class=\"flex-1 overflow-hidden\">\n<div class=\"react-scroll-to-bottom--css-wseun-79elbk h-full\">\n<div class=\"react-scroll-to-bottom--css-wseun-1n7m0yu\">\n<div>\n<div class=\"flex flex-col text-sm pb-9\">\n<div class=\"w-full text-token-text-primary\" dir=\"auto\" data-testid=\"conversation-turn-733\">\n<div class=\"px-4 py-2 justify-center text-base md:gap-6 m-auto\">\n<div class=\"flex flex-1 text-base mx-auto gap-3 juice:gap-4 juice:md:gap-6 md:px-5 lg:px-1 xl:px-5 md:max-w-3xl lg:max-w-[40rem] xl:max-w-[48rem] group final-completion\">\n<div class=\"relative flex w-full flex-col agent-turn\">\n<div class=\"flex-col gap-1 md:gap-3\">\n<div class=\"flex flex-grow flex-col max-w-full\">\n<div class=\"min-h-[20px] text-message flex flex-col items-start gap-3 whitespace-pre-wrap break-words [.text-message+&amp;]:mt-5 overflow-x-auto\" dir=\"auto\" data-message-author-role=\"assistant\" data-message-id=\"07f438a3-6a64-46a4-89c2-9ff42d1f578c\">\n<div class=\"markdown prose w-full break-words dark:prose-invert dark\">\n<p>Eleve su experiencia culinaria con el Arroz Basmati Royal Golden Sella 5kg, ahora disponible en Sultan Spices &amp; Supermarket. Procedente de granos basmati de la mejor calidad, este arroz vaporizado se somete a un m\u00e9todo de procesamiento \u00fanico que realza su aroma, sabor y textura, dando como resultado granos largos y delgados que son esponjosos y no pegajosos cuando se cocinan.<\/p>\n<p>El arroz basmati Royal Golden Sella es conocido por su inconfundible aroma a frutos secos y su exquisito sabor, que lo convierten en la elecci\u00f3n perfecta para biryanis, pilafs y otros platos a base de arroz. Al estar vaporizado, conserva m\u00e1s nutrientes que el arroz blanco normal, lo que lo convierte en una opci\u00f3n m\u00e1s saludable para usted y su familia.<\/p>\n<p>Experimente el lujo del arroz basmati Royal Golden Sella de 5 kg y del\u00e9itese con los ricos sabores de la aut\u00e9ntica cocina india. Tanto si organiza una cena especial como si prepara comidas cotidianas, este arroz de primera calidad le impresionar\u00e1 por su calidad y sabor superiores.<\/p>\n<\/div>\n<\/div>\n<\/div>\n<\/div>\n<\/div>\n<\/div>\n<\/div>\n<\/div>\n<\/div>\n<\/div>\n<\/div>\n<\/div>\n<\/div>","protected":false},"excerpt":{"rendered":"<p>Eleve su experiencia culinaria con el Arroz Basmati Royal Golden Sella 5kg, ahora disponible en Sultan Spices &amp; Supermarket. Procedente de granos basmati de la mejor calidad, este arroz vaporizado se somete a un m\u00e9todo de procesamiento \u00fanico que realza su aroma, sabor y textura, dando como resultado granos largos y delgados que son esponjosos y no pegajosos cuando se cocinan. Royal Golden Sella...<\/p>","protected":false},"featured_media":4587,"comment_status":"open","ping_status":"closed","template":"","meta":{"_kad_blocks_custom_css":"","_kad_blocks_head_custom_js":"","_kad_blocks_body_custom_js":"","_kad_blocks_footer_custom_js":"","_kadence_starter_templates_imported_post":false,"_kad_post_transparent":"default","_kad_post_title":"","_kad_post_layout":"default","_kad_post_sidebar_id":"","_kad_post_content_style":"default","_kad_post_vertical_padding":"default","_kad_post_feature":"","_kad_post_feature_position":"","_kad_post_header":false,"_kad_post_footer":false,"_kad_post_classname":""},"product_brand":[],"product_cat":[53],"product_tag":[],"class_list":{"0":"post-3675","1":"product","2":"type-product","3":"status-publish","4":"has-post-thumbnail","6":"product_cat-rice","8":"first","9":"instock","10":"shipping-taxable","11":"purchasable","12":"product-type-simple","13":"entry","14":"content-bg","15":"loop-entry"},"taxonomy_info":{"product_cat":[{"value":53,"label":"Rice"}]},"featured_image_src_large":["https:\/\/sultanspices.es\/wp-content\/uploads\/2023\/11\/ProductsPIX-2024-04-14T120239.260-1024x1024.png",1024,1024,true],"author_info":[],"comment_info":1,"jetpack_sharing_enabled":true,"_links":{"self":[{"href":"https:\/\/sultanspices.es\/es\/wp-json\/wp\/v2\/product\/3675","targetHints":{"allow":["GET"]}}],"collection":[{"href":"https:\/\/sultanspices.es\/es\/wp-json\/wp\/v2\/product"}],"about":[{"href":"https:\/\/sultanspices.es\/es\/wp-json\/wp\/v2\/types\/product"}],"replies":[{"embeddable":true,"href":"https:\/\/sultanspices.es\/es\/wp-json\/wp\/v2\/comments?post=3675"}],"wp:featuredmedia":[{"embeddable":true,"href":"https:\/\/sultanspices.es\/es\/wp-json\/wp\/v2\/media\/4587"}],"wp:attachment":[{"href":"https:\/\/sultanspices.es\/es\/wp-json\/wp\/v2\/media?parent=3675"}],"wp:term":[{"taxonomy":"product_brand","embeddable":true,"href":"https:\/\/sultanspices.es\/es\/wp-json\/wp\/v2\/product_brand?post=3675"},{"taxonomy":"product_cat","embeddable":true,"href":"https:\/\/sultanspices.es\/es\/wp-json\/wp\/v2\/product_cat?post=3675"},{"taxonomy":"product_tag","embeddable":true,"href":"https:\/\/sultanspices.es\/es\/wp-json\/wp\/v2\/product_tag?post=3675"}],"curies":[{"name":"wp","href":"https:\/\/api.w.org\/{rel}","templated":true}]}}