{"id":3671,"date":"2023-11-07T21:53:52","date_gmt":"2023-11-07T20:53:52","guid":{"rendered":"https:\/\/sultanspices.es\/chick-peas-ali-baba-2kg\/"},"modified":"2026-04-08T00:00:20","modified_gmt":"2026-04-07T22:00:20","slug":"chick-peas-ali-baba-2kg","status":"publish","type":"product","link":"https:\/\/sultanspices.es\/es\/producto\/garbanzos-ali-baba-2kg\/","title":{"rendered":"GARBANZOS ALI BABA 2KG"},"content":{"rendered":"<div class=\"flex-1 overflow-hidden\">\n<div class=\"react-scroll-to-bottom--css-vlzlj-79elbk h-full\">\n<div class=\"react-scroll-to-bottom--css-vlzlj-1n7m0yu\">\n<div>\n<div class=\"flex flex-col text-sm pb-9\">\n<div class=\"w-full text-token-text-primary\" dir=\"auto\" data-testid=\"conversation-turn-741\">\n<div class=\"px-4 py-2 justify-center text-base md:gap-6 m-auto\">\n<div class=\"flex flex-1 text-base mx-auto gap-3 juice:gap-4 juice:md:gap-6 md:px-5 lg:px-1 xl:px-5 md:max-w-3xl lg:max-w-[40rem] xl:max-w-[48rem] group final-completion\">\n<div class=\"relative flex w-full flex-col agent-turn\">\n<div class=\"flex-col gap-1 md:gap-3\">\n<div class=\"flex flex-grow flex-col max-w-full\">\n<div class=\"min-h-[20px] text-message flex flex-col items-start gap-3 whitespace-pre-wrap break-words [.text-message+&amp;]:mt-5 overflow-x-auto\" dir=\"auto\" data-message-author-role=\"assistant\" data-message-id=\"8fe25f32-a8f4-4c33-9709-4c52725cd8b1\">\n<div class=\"markdown prose w-full break-words dark:prose-invert dark\">\n<p>Mejore su despensa con los sustanciosos y nutritivos garbanzos de Ali Baba, disponibles en un c\u00f3modo envase de 2 kg en Sultan Spices &amp; Supermarket. Estos garbanzos de primera calidad est\u00e1n repletos de prote\u00ednas, fibra y nutrientes esenciales, lo que los convierte en un ingrediente vers\u00e1til para una gran variedad de creaciones culinarias.<\/p>\n<p>Tanto si preparas platos tradicionales como chana masala o hummus, como si experimentas con nuevas recetas, los garbanzos Ali Baba te ayudar\u00e1n a mejorar tu cocina. Con su textura tierna y rico sabor a nuez, son perfectos para sopas, guisos, ensaladas y mucho m\u00e1s.<\/p>\n<p>Hazte con el paquete de garbanzos Ali Baba de 2 kg y disfruta de la comodidad de tener a mano esta vers\u00e1til legumbre para todas tus necesidades culinarias. Ya disponible en Sultan Spices &amp; Supermarket.<\/p>\n<\/div>\n<\/div>\n<\/div>\n<\/div>\n<\/div>\n<\/div>\n<\/div>\n<\/div>\n<\/div>\n<\/div>\n<\/div>\n<\/div>\n<\/div>","protected":false},"excerpt":{"rendered":"<p>Mejore su despensa con los sustanciosos y nutritivos garbanzos de Ali Baba, disponibles en un c\u00f3modo envase de 2 kg en Sultan Spices &amp; Supermarket. Estos garbanzos de primera calidad est\u00e1n repletos de prote\u00ednas, fibra y nutrientes esenciales, lo que los convierte en un ingrediente vers\u00e1til para una gran variedad de creaciones culinarias. Tanto si prepara platos tradicionales como chana masala o hummus,...<\/p>","protected":false},"featured_media":4594,"comment_status":"open","ping_status":"closed","template":"","meta":{"_kad_blocks_custom_css":"","_kad_blocks_head_custom_js":"","_kad_blocks_body_custom_js":"","_kad_blocks_footer_custom_js":"","_kadence_starter_templates_imported_post":false,"_kad_post_transparent":"default","_kad_post_title":"","_kad_post_layout":"default","_kad_post_sidebar_id":"","_kad_post_content_style":"default","_kad_post_vertical_padding":"default","_kad_post_feature":"","_kad_post_feature_position":"","_kad_post_header":false,"_kad_post_footer":false,"_kad_post_classname":""},"product_brand":[],"product_cat":[47],"product_tag":[],"class_list":{"0":"post-3671","1":"product","2":"type-product","3":"status-publish","4":"has-post-thumbnail","6":"product_cat-lentils","8":"first","9":"instock","10":"shipping-taxable","11":"purchasable","12":"product-type-simple","13":"entry","14":"content-bg","15":"loop-entry"},"taxonomy_info":{"product_cat":[{"value":47,"label":"Lentils"}]},"featured_image_src_large":["https:\/\/sultanspices.es\/wp-content\/uploads\/2023\/11\/ProductsPIX-2024-04-14T120833.842-1024x1024.png",1024,1024,true],"author_info":[],"comment_info":0,"jetpack_sharing_enabled":true,"_links":{"self":[{"href":"https:\/\/sultanspices.es\/es\/wp-json\/wp\/v2\/product\/3671","targetHints":{"allow":["GET"]}}],"collection":[{"href":"https:\/\/sultanspices.es\/es\/wp-json\/wp\/v2\/product"}],"about":[{"href":"https:\/\/sultanspices.es\/es\/wp-json\/wp\/v2\/types\/product"}],"replies":[{"embeddable":true,"href":"https:\/\/sultanspices.es\/es\/wp-json\/wp\/v2\/comments?post=3671"}],"wp:featuredmedia":[{"embeddable":true,"href":"https:\/\/sultanspices.es\/es\/wp-json\/wp\/v2\/media\/4594"}],"wp:attachment":[{"href":"https:\/\/sultanspices.es\/es\/wp-json\/wp\/v2\/media?parent=3671"}],"wp:term":[{"taxonomy":"product_brand","embeddable":true,"href":"https:\/\/sultanspices.es\/es\/wp-json\/wp\/v2\/product_brand?post=3671"},{"taxonomy":"product_cat","embeddable":true,"href":"https:\/\/sultanspices.es\/es\/wp-json\/wp\/v2\/product_cat?post=3671"},{"taxonomy":"product_tag","embeddable":true,"href":"https:\/\/sultanspices.es\/es\/wp-json\/wp\/v2\/product_tag?post=3671"}],"curies":[{"name":"wp","href":"https:\/\/api.w.org\/{rel}","templated":true}]}}