{"id":3256,"date":"2023-09-22T21:37:54","date_gmt":"2023-09-22T19:37:54","guid":{"rendered":"https:\/\/sultanspices.es\/?post_type=product&#038;p=3256"},"modified":"2026-03-16T18:08:24","modified_gmt":"2026-03-16T17:08:24","slug":"ali-baba-besan-gram-flour-1-kg","status":"publish","type":"product","link":"https:\/\/sultanspices.es\/es\/producto\/ali-baba-besan-gramo-harina-1-kg\/","title":{"rendered":"HARINA DE GRAMO ALI BABA 1KG (BESAN)"},"content":{"rendered":"<div class=\"group w-full text-token-text-primary border-b border-black\/10 dark:border-gray-900\/50 bg-gray-50 dark:bg-[#444654]\">\n<div class=\"flex p-4 gap-4 text-base md:gap-6 md:max-w-2xl lg:max-w-[38rem] xl:max-w-3xl md:py-6 lg:px-0 m-auto\">\n<div class=\"relative flex w-[calc(100%-50px)] flex-col gap-1 md:gap-3 lg:w-[calc(100%-115px)]\">\n<div class=\"flex flex-grow flex-col gap-3\">\n<div class=\"min-h-[20px] flex flex-col items-start gap-3 overflow-x-auto whitespace-pre-wrap break-words\">\n<div class=\"markdown prose w-full break-words dark:prose-invert light\">\n<p>Mejore su cocina con la vers\u00e1til harina de gramo Ali Baba Besan. Este paquete de 1 kg ofrece besan de alta calidad, tambi\u00e9n conocido como harina de gramo, conocido por su sabor a nuez y textura fina. Ali Baba Besan Gram Flour se obtiene y envasa cuidadosamente para garantizar una calidad y frescura \u00f3ptimas. Esta harina se elabora a partir de garbanzos molidos y es un ingrediente b\u00e1sico en diversas cocinas, especialmente la india y la de Oriente Medio. Se utiliza para crear una amplia gama de platos, desde aperitivos salados como pakoras y bu\u00f1uelos hasta dulces tradicionales como besan ladoo. Con su sabor \u00fanico y su consistencia suave, la harina de gramo Ali Baba Besan a\u00f1ade profundidad y riqueza a sus creaciones culinarias. Tanto si cocina en casa como si es un chef profesional, Ali Baba Besan Gram Flour es un ingrediente imprescindible en su cocina. Experimente los sabores aut\u00e9nticos y la versatilidad de esta harina esencial y lleve sus platos a nuevas cotas de sabor y textura.<\/p>\n<\/div>\n<\/div>\n<\/div>\n<\/div>\n<\/div>\n<\/div>","protected":false},"excerpt":{"rendered":"<p>Mejore su cocina con la vers\u00e1til harina de gramo Ali Baba Besan. Este paquete de 1 kg ofrece besan de alta calidad, tambi\u00e9n conocido como harina de gramo, conocido por su sabor a nuez y textura fina. Ali Baba Besan Gram Flour se obtiene y envasa cuidadosamente para garantizar una calidad y frescura \u00f3ptimas. Esta harina se elabora a partir de garbanzos molidos y...<\/p>","protected":false},"featured_media":2450,"comment_status":"open","ping_status":"closed","template":"","meta":{"_kad_blocks_custom_css":"","_kad_blocks_head_custom_js":"","_kad_blocks_body_custom_js":"","_kad_blocks_footer_custom_js":"","_kadence_starter_templates_imported_post":false,"_kad_post_transparent":"","_kad_post_title":"","_kad_post_layout":"","_kad_post_sidebar_id":"","_kad_post_content_style":"","_kad_post_vertical_padding":"","_kad_post_feature":"","_kad_post_feature_position":"","_kad_post_header":false,"_kad_post_footer":false,"_kad_post_classname":""},"product_brand":[],"product_cat":[52],"product_tag":[],"class_list":{"0":"post-3256","1":"product","2":"type-product","3":"status-publish","4":"has-post-thumbnail","6":"product_cat-flour","8":"first","9":"instock","10":"shipping-taxable","11":"purchasable","12":"product-type-simple","13":"entry","14":"content-bg","15":"loop-entry"},"taxonomy_info":{"product_cat":[{"value":52,"label":"Flour"}]},"featured_image_src_large":["https:\/\/sultanspices.es\/wp-content\/uploads\/2023\/08\/GramFlour1kg.jpg",600,600,false],"author_info":[],"comment_info":1,"jetpack_sharing_enabled":true,"_links":{"self":[{"href":"https:\/\/sultanspices.es\/es\/wp-json\/wp\/v2\/product\/3256","targetHints":{"allow":["GET"]}}],"collection":[{"href":"https:\/\/sultanspices.es\/es\/wp-json\/wp\/v2\/product"}],"about":[{"href":"https:\/\/sultanspices.es\/es\/wp-json\/wp\/v2\/types\/product"}],"replies":[{"embeddable":true,"href":"https:\/\/sultanspices.es\/es\/wp-json\/wp\/v2\/comments?post=3256"}],"wp:featuredmedia":[{"embeddable":true,"href":"https:\/\/sultanspices.es\/es\/wp-json\/wp\/v2\/media\/2450"}],"wp:attachment":[{"href":"https:\/\/sultanspices.es\/es\/wp-json\/wp\/v2\/media?parent=3256"}],"wp:term":[{"taxonomy":"product_brand","embeddable":true,"href":"https:\/\/sultanspices.es\/es\/wp-json\/wp\/v2\/product_brand?post=3256"},{"taxonomy":"product_cat","embeddable":true,"href":"https:\/\/sultanspices.es\/es\/wp-json\/wp\/v2\/product_cat?post=3256"},{"taxonomy":"product_tag","embeddable":true,"href":"https:\/\/sultanspices.es\/es\/wp-json\/wp\/v2\/product_tag?post=3256"}],"curies":[{"name":"wp","href":"https:\/\/api.w.org\/{rel}","templated":true}]}}