{"id":3255,"date":"2023-09-22T21:37:54","date_gmt":"2023-09-22T19:37:54","guid":{"rendered":"https:\/\/sultanspices.es\/?post_type=product&#038;p=3255"},"modified":"2025-07-19T10:59:53","modified_gmt":"2025-07-19T08:59:53","slug":"ali-baba-butter-ghee-800-g","status":"publish","type":"product","link":"https:\/\/sultanspices.es\/es\/producto\/ali-baba-butter-ghee-800-g\/","title":{"rendered":"GHEE DE MANTEQUILLA AL BADIA 800 G"},"content":{"rendered":"<div class=\"group w-full text-token-text-primary border-b border-black\/10 dark:border-gray-900\/50 bg-gray-50 dark:bg-[#444654]\">\n<div class=\"flex p-4 gap-4 text-base md:gap-6 md:max-w-2xl lg:max-w-[38rem] xl:max-w-3xl md:py-6 lg:px-0 m-auto\">\n<div class=\"relative flex w-[calc(100%-50px)] flex-col gap-1 md:gap-3 lg:w-[calc(100%-115px)]\">\n<div class=\"flex flex-grow flex-col gap-3\">\n<div class=\"min-h-[20px] flex flex-col items-start gap-3 overflow-x-auto whitespace-pre-wrap break-words\">\n<div class=\"markdown prose w-full break-words dark:prose-invert light\">\n<p>Experimente los ricos y arom\u00e1ticos sabores del ghee de mantequilla Ali Baba. Este tarro de 800 g ofrece mantequilla clarificada de alta calidad, tambi\u00e9n conocida como ghee, famosa por su rico sabor y versatilidad. Ali Baba Butter Ghee se elabora y envasa cuidadosamente para garantizar una calidad y frescura \u00f3ptimas. Elaborado con mantequilla pura cocida a fuego lento hasta alcanzar la perfecci\u00f3n, este ghee es un alimento b\u00e1sico en la cocina india y de Oriente Medio. Se utiliza para cocinar, fre\u00edr y saltear, a\u00f1adiendo un profundo sabor a nuez a sus platos. El Ali Baba Butter Ghee tambi\u00e9n se utiliza en la elaboraci\u00f3n de dulces y postres. Con su rico aroma y suave textura, Ali Baba Butter Ghee realza el sabor de sus creaciones culinarias. Tanto si cocina en casa como si es un chef profesional, el Ali Baba Butter Ghee es un ingrediente esencial que aporta sabor y tradici\u00f3n a sus recetas. Experimente el aut\u00e9ntico sabor de esta apreciada grasa para cocinar y realce sus platos con los exquisitos sabores del Ali Baba Butter Ghee.<\/p>\n<\/div>\n<\/div>\n<\/div>\n<\/div>\n<\/div>\n<\/div>","protected":false},"excerpt":{"rendered":"<p>Experimente los ricos y arom\u00e1ticos sabores del ghee de mantequilla Ali Baba. Este tarro de 800 g ofrece mantequilla clarificada de alta calidad, tambi\u00e9n conocida como ghee, famosa por su rico sabor y versatilidad. Ali Baba Butter Ghee se elabora y envasa cuidadosamente para garantizar una calidad y frescura \u00f3ptimas. Elaborado a partir de mantequilla pura cocida a fuego lento hasta...<\/p>","protected":false},"featured_media":2451,"comment_status":"open","ping_status":"closed","template":"","meta":{"_kad_blocks_custom_css":"","_kad_blocks_head_custom_js":"","_kad_blocks_body_custom_js":"","_kad_blocks_footer_custom_js":"","_kadence_starter_templates_imported_post":false,"_kad_post_transparent":"","_kad_post_title":"","_kad_post_layout":"","_kad_post_sidebar_id":"","_kad_post_content_style":"","_kad_post_vertical_padding":"","_kad_post_feature":"","_kad_post_feature_position":"","_kad_post_header":false,"_kad_post_footer":false,"_kad_post_classname":""},"product_brand":[],"product_cat":[61],"product_tag":[],"class_list":{"0":"post-3255","1":"product","2":"type-product","3":"status-publish","4":"has-post-thumbnail","6":"product_cat-dairy-productsghee","8":"first","9":"outofstock","10":"shipping-taxable","11":"purchasable","12":"product-type-simple","13":"entry","14":"content-bg","15":"loop-entry"},"taxonomy_info":{"product_cat":[{"value":61,"label":"Dairy Products(ghee)"}]},"featured_image_src_large":["https:\/\/sultanspices.es\/wp-content\/uploads\/2023\/08\/Butter-Ghee-1kg.jpg",600,600,false],"author_info":[],"comment_info":0,"jetpack_sharing_enabled":true,"_links":{"self":[{"href":"https:\/\/sultanspices.es\/es\/wp-json\/wp\/v2\/product\/3255","targetHints":{"allow":["GET"]}}],"collection":[{"href":"https:\/\/sultanspices.es\/es\/wp-json\/wp\/v2\/product"}],"about":[{"href":"https:\/\/sultanspices.es\/es\/wp-json\/wp\/v2\/types\/product"}],"replies":[{"embeddable":true,"href":"https:\/\/sultanspices.es\/es\/wp-json\/wp\/v2\/comments?post=3255"}],"wp:featuredmedia":[{"embeddable":true,"href":"https:\/\/sultanspices.es\/es\/wp-json\/wp\/v2\/media\/2451"}],"wp:attachment":[{"href":"https:\/\/sultanspices.es\/es\/wp-json\/wp\/v2\/media?parent=3255"}],"wp:term":[{"taxonomy":"product_brand","embeddable":true,"href":"https:\/\/sultanspices.es\/es\/wp-json\/wp\/v2\/product_brand?post=3255"},{"taxonomy":"product_cat","embeddable":true,"href":"https:\/\/sultanspices.es\/es\/wp-json\/wp\/v2\/product_cat?post=3255"},{"taxonomy":"product_tag","embeddable":true,"href":"https:\/\/sultanspices.es\/es\/wp-json\/wp\/v2\/product_tag?post=3255"}],"curies":[{"name":"wp","href":"https:\/\/api.w.org\/{rel}","templated":true}]}}