{"id":3252,"date":"2023-09-22T21:37:54","date_gmt":"2023-09-22T19:37:54","guid":{"rendered":"https:\/\/sultanspices.es\/?post_type=product&#038;p=3252"},"modified":"2026-02-23T12:40:44","modified_gmt":"2026-02-23T11:40:44","slug":"aashirvaad-multigrain-aata-5kg","status":"publish","type":"product","link":"https:\/\/sultanspices.es\/es\/producto\/aashirvaad-multigrain-aata-5kg\/","title":{"rendered":"FARINA AASHIRVAAD MULTICEREALES 5KG"},"content":{"rendered":"<div class=\"group w-full text-token-text-primary border-b border-black\/10 dark:border-gray-900\/50 bg-gray-50 dark:bg-[#444654]\">\n<div class=\"flex p-4 gap-4 text-base md:gap-6 md:max-w-2xl lg:max-w-[38rem] xl:max-w-3xl md:py-6 lg:px-0 m-auto\">\n<div class=\"relative flex w-[calc(100%-50px)] flex-col gap-1 md:gap-3 lg:w-[calc(100%-115px)]\">\n<div class=\"flex flex-grow flex-col gap-3\">\n<div class=\"min-h-[20px] flex flex-col items-start gap-3 overflow-x-auto whitespace-pre-wrap break-words\">\n<div class=\"markdown prose w-full break-words dark:prose-invert light\">\n<p>Descubra los beneficios de Aashirvaad Multigrain Aata. Este paquete de 5 kg ofrece una mezcla de cereales de alta calidad, cuidadosamente seleccionados y envasados para garantizar una frescura \u00f3ptima. Aashirvaad Multigrain Aata es una opci\u00f3n nutritiva que combina los beneficios de varios cereales, como el trigo, la avena y el ma\u00edz, entre otros. Es un ingrediente vers\u00e1til para preparar toda una gama de platos, desde suaves rotis y chapatis hasta saludables parathas y nutritivas tortitas. Con su exclusiva mezcla de cereales, Aashirvaad Multigrain Aata aporta sabor y beneficios para la salud a sus comidas. Tanto si es un cocinero casero preocupado por su salud como un entusiasta de la cocina, eleve el nivel de sus platos con los nutritivos sabores de Aashirvaad Multigrain Aata. Experimente la riqueza de los multicereales y disfrute de la satisfacci\u00f3n de servir comidas sanas a sus seres queridos.<\/p>\n<\/div>\n<\/div>\n<\/div>\n<\/div>\n<\/div>\n<\/div>","protected":false},"excerpt":{"rendered":"<p>Descubra los beneficios de Aashirvaad Multigrain Aata. Este paquete de 5 kg ofrece una mezcla de cereales de alta calidad, cuidadosamente seleccionados y envasados para garantizar una frescura \u00f3ptima. Aashirvaad Multigrain Aata es una opci\u00f3n nutritiva que combina los beneficios de varios cereales, como el trigo, la avena y el ma\u00edz, entre otros. Es un ingrediente vers\u00e1til para elaborar una gran variedad de platos,...<\/p>","protected":false},"featured_media":2458,"comment_status":"open","ping_status":"closed","template":"","meta":{"_kad_blocks_custom_css":"","_kad_blocks_head_custom_js":"","_kad_blocks_body_custom_js":"","_kad_blocks_footer_custom_js":"","_kadence_starter_templates_imported_post":false,"_kad_post_transparent":"","_kad_post_title":"","_kad_post_layout":"","_kad_post_sidebar_id":"","_kad_post_content_style":"","_kad_post_vertical_padding":"","_kad_post_feature":"","_kad_post_feature_position":"","_kad_post_header":false,"_kad_post_footer":false,"_kad_post_classname":""},"product_brand":[],"product_cat":[52],"product_tag":[],"class_list":{"0":"post-3252","1":"product","2":"type-product","3":"status-publish","4":"has-post-thumbnail","6":"product_cat-flour","8":"first","9":"outofstock","10":"shipping-taxable","11":"purchasable","12":"product-type-simple","13":"entry","14":"content-bg","15":"loop-entry"},"taxonomy_info":{"product_cat":[{"value":52,"label":"Flour"}]},"featured_image_src_large":["https:\/\/sultanspices.es\/wp-content\/uploads\/2023\/08\/Ashirvaad-multigrains-1024x1024.jpg",1024,1024,true],"author_info":[],"comment_info":0,"jetpack_sharing_enabled":true,"_links":{"self":[{"href":"https:\/\/sultanspices.es\/es\/wp-json\/wp\/v2\/product\/3252","targetHints":{"allow":["GET"]}}],"collection":[{"href":"https:\/\/sultanspices.es\/es\/wp-json\/wp\/v2\/product"}],"about":[{"href":"https:\/\/sultanspices.es\/es\/wp-json\/wp\/v2\/types\/product"}],"replies":[{"embeddable":true,"href":"https:\/\/sultanspices.es\/es\/wp-json\/wp\/v2\/comments?post=3252"}],"wp:featuredmedia":[{"embeddable":true,"href":"https:\/\/sultanspices.es\/es\/wp-json\/wp\/v2\/media\/2458"}],"wp:attachment":[{"href":"https:\/\/sultanspices.es\/es\/wp-json\/wp\/v2\/media?parent=3252"}],"wp:term":[{"taxonomy":"product_brand","embeddable":true,"href":"https:\/\/sultanspices.es\/es\/wp-json\/wp\/v2\/product_brand?post=3252"},{"taxonomy":"product_cat","embeddable":true,"href":"https:\/\/sultanspices.es\/es\/wp-json\/wp\/v2\/product_cat?post=3252"},{"taxonomy":"product_tag","embeddable":true,"href":"https:\/\/sultanspices.es\/es\/wp-json\/wp\/v2\/product_tag?post=3252"}],"curies":[{"name":"wp","href":"https:\/\/api.w.org\/{rel}","templated":true}]}}