{"id":3251,"date":"2023-09-22T21:37:54","date_gmt":"2023-09-22T19:37:54","guid":{"rendered":"https:\/\/sultanspices.es\/?post_type=product&#038;p=3251"},"modified":"2025-07-19T11:13:58","modified_gmt":"2025-07-19T09:13:58","slug":"harina-chakki-gold-aata-10kg","status":"publish","type":"product","link":"https:\/\/sultanspices.es\/es\/producto\/laila-chakki-oro-aata-10kg\/","title":{"rendered":"HARINA LAILA CHAKKI ORO 10KG"},"content":{"rendered":"<div class=\"group w-full text-token-text-primary border-b border-black\/10 dark:border-gray-900\/50 bg-gray-50 dark:bg-[#444654]\">\n<div class=\"flex p-4 gap-4 text-base md:gap-6 md:max-w-2xl lg:max-w-[38rem] xl:max-w-3xl md:py-6 lg:px-0 m-auto\">\n<div class=\"relative flex w-[calc(100%-50px)] flex-col gap-1 md:gap-3 lg:w-[calc(100%-115px)]\">\n<div class=\"flex flex-grow flex-col gap-3\">\n<div class=\"min-h-[20px] flex flex-col items-start gap-3 overflow-x-auto whitespace-pre-wrap break-words\">\n<div class=\"markdown prose w-full break-words dark:prose-invert light\">\n<p>Mejore su cocina con Laila Chakki Gold Aata de primera calidad. Este paquete de 10 kg ofrece harina de trigo integral de alta calidad, cuidadosamente molida y envasada para garantizar una frescura \u00f3ptima. Laila Chakki Gold Aata se elabora con los mejores granos de trigo, proporcionando el sabor y la textura aut\u00e9nticos que se esperan de una harina de primera calidad. Es un ingrediente vers\u00e1til para elaborar diversos platos, desde esponjosos rotis y suaves naans hasta sabrosas parathas y deliciosos dulces. Con su calidad constante y su fina textura, Laila Chakki Gold Aata garantiza excelentes resultados en todas sus creaciones culinarias. Tanto si es un cocinero casero como un chef profesional, Laila Chakki Gold Aata es un ingrediente imprescindible en su cocina. Experimente la satisfacci\u00f3n de utilizar aata de primera calidad y disfrute de los ricos sabores y nutrientes que aporta a sus comidas.<\/p>\n<\/div>\n<\/div>\n<\/div>\n<\/div>\n<\/div>\n<\/div>","protected":false},"excerpt":{"rendered":"<p>Mejore su cocina con Laila Chakki Gold Aata de primera calidad. Este paquete de 10 kg ofrece harina de trigo integral de alta calidad, cuidadosamente molida y envasada para garantizar una frescura \u00f3ptima. Laila Chakki Gold Aata se elabora con los mejores granos de trigo, proporcionando el sabor y la textura aut\u00e9nticos que se esperan de una harina de primera calidad. Es un ingrediente vers\u00e1til para...<\/p>","protected":false},"featured_media":2456,"comment_status":"open","ping_status":"closed","template":"","meta":{"_kad_blocks_custom_css":"","_kad_blocks_head_custom_js":"","_kad_blocks_body_custom_js":"","_kad_blocks_footer_custom_js":"","_kadence_starter_templates_imported_post":false,"_kad_post_transparent":"","_kad_post_title":"","_kad_post_layout":"","_kad_post_sidebar_id":"","_kad_post_content_style":"","_kad_post_vertical_padding":"","_kad_post_feature":"","_kad_post_feature_position":"","_kad_post_header":false,"_kad_post_footer":false,"_kad_post_classname":""},"product_brand":[],"product_cat":[52],"product_tag":[],"class_list":{"0":"post-3251","1":"product","2":"type-product","3":"status-publish","4":"has-post-thumbnail","6":"product_cat-flour","8":"first","9":"outofstock","10":"shipping-taxable","11":"purchasable","12":"product-type-simple","13":"entry","14":"content-bg","15":"loop-entry"},"taxonomy_info":{"product_cat":[{"value":52,"label":"Flour"}]},"featured_image_src_large":["https:\/\/sultanspices.es\/wp-content\/uploads\/2023\/08\/Laila-GOld-10kg.jpg",600,600,false],"author_info":[],"comment_info":0,"jetpack_sharing_enabled":true,"_links":{"self":[{"href":"https:\/\/sultanspices.es\/es\/wp-json\/wp\/v2\/product\/3251","targetHints":{"allow":["GET"]}}],"collection":[{"href":"https:\/\/sultanspices.es\/es\/wp-json\/wp\/v2\/product"}],"about":[{"href":"https:\/\/sultanspices.es\/es\/wp-json\/wp\/v2\/types\/product"}],"replies":[{"embeddable":true,"href":"https:\/\/sultanspices.es\/es\/wp-json\/wp\/v2\/comments?post=3251"}],"wp:featuredmedia":[{"embeddable":true,"href":"https:\/\/sultanspices.es\/es\/wp-json\/wp\/v2\/media\/2456"}],"wp:attachment":[{"href":"https:\/\/sultanspices.es\/es\/wp-json\/wp\/v2\/media?parent=3251"}],"wp:term":[{"taxonomy":"product_brand","embeddable":true,"href":"https:\/\/sultanspices.es\/es\/wp-json\/wp\/v2\/product_brand?post=3251"},{"taxonomy":"product_cat","embeddable":true,"href":"https:\/\/sultanspices.es\/es\/wp-json\/wp\/v2\/product_cat?post=3251"},{"taxonomy":"product_tag","embeddable":true,"href":"https:\/\/sultanspices.es\/es\/wp-json\/wp\/v2\/product_tag?post=3251"}],"curies":[{"name":"wp","href":"https:\/\/api.w.org\/{rel}","templated":true}]}}