{"id":3250,"date":"2023-09-22T21:37:54","date_gmt":"2023-09-22T19:37:54","guid":{"rendered":"https:\/\/sultanspices.es\/?post_type=product&#038;p=3250"},"modified":"2026-04-27T10:45:50","modified_gmt":"2026-04-27T08:45:50","slug":"haldiram-soan-papdi-500g","status":"publish","type":"product","link":"https:\/\/sultanspices.es\/es\/producto\/haldiram-soan-papdi-500g\/","title":{"rendered":"HALDI'S SWEET SOAN PAPDI 500G"},"content":{"rendered":"<div class=\"group w-full text-token-text-primary border-b border-black\/10 dark:border-gray-900\/50 bg-gray-50 dark:bg-[#444654]\">\n<div class=\"flex p-4 gap-4 text-base md:gap-6 md:max-w-2xl lg:max-w-[38rem] xl:max-w-3xl md:py-6 lg:px-0 m-auto\">\n<div class=\"relative flex w-[calc(100%-50px)] flex-col gap-1 md:gap-3 lg:w-[calc(100%-115px)]\">\n<div class=\"flex flex-grow flex-col gap-3\">\n<div class=\"min-h-[20px] flex flex-col items-start gap-3 overflow-x-auto whitespace-pre-wrap break-words\">\n<div class=\"markdown prose w-full break-words dark:prose-invert light\">\n<p>Del\u00e9itese con la deliciosa dulzura de Haldiram Soan Papdi. Este paquete de 500 g ofrece el famoso postre indio, cuidadosamente elaborado y envasado para garantizar una frescura \u00f3ptima. Haldiram Soan Papdi es una delicia tradicional elaborada con harina fina de gram\u00edneas, ghee y az\u00facar, que crea delicadas capas de dulzor que se deshacen en la boca. Es un postre muy apreciado en diversas ocasiones, desde festivales hasta reuniones especiales. Con su textura \u00fanica y su dulce aroma, Haldiram Soan Papdi es una delicia para el paladar. Ya sea para satisfacer sus antojos de dulce o para compartir momentos de alegr\u00eda con sus seres queridos, Haldiram Soan Papdi a\u00f1ade un toque de dulzura tradicional a cada bocado. Experimente los aut\u00e9nticos sabores de este querido postre y saboree los momentos de puro deleite que le brinda.<\/p>\n<\/div>\n<\/div>\n<\/div>\n<\/div>\n<\/div>\n<\/div>","protected":false},"excerpt":{"rendered":"<p>Del\u00e9itese con la deliciosa dulzura de Haldiram Soan Papdi. Este paquete de 500 g ofrece el famoso postre indio, cuidadosamente elaborado y envasado para garantizar una frescura \u00f3ptima. Haldiram Soan Papdi es una delicia tradicional elaborada con harina fina de gram\u00edneas, ghee y az\u00facar, que crea delicadas capas de dulzor que se deshacen en la boca. Es un postre muy apreciado...<\/p>","protected":false},"featured_media":2460,"comment_status":"open","ping_status":"closed","template":"","meta":{"_kad_blocks_custom_css":"","_kad_blocks_head_custom_js":"","_kad_blocks_body_custom_js":"","_kad_blocks_footer_custom_js":"","_kadence_starter_templates_imported_post":false,"_kad_post_transparent":"default","_kad_post_title":"","_kad_post_layout":"default","_kad_post_sidebar_id":"","_kad_post_content_style":"default","_kad_post_vertical_padding":"default","_kad_post_feature":"","_kad_post_feature_position":"","_kad_post_header":false,"_kad_post_footer":false,"_kad_post_classname":""},"product_brand":[],"product_cat":[51],"product_tag":[],"class_list":{"0":"post-3250","1":"product","2":"type-product","3":"status-publish","4":"has-post-thumbnail","6":"product_cat-desserts-sweets","8":"first","9":"outofstock","10":"shipping-taxable","11":"purchasable","12":"product-type-simple","13":"entry","14":"content-bg","15":"loop-entry"},"taxonomy_info":{"product_cat":[{"value":51,"label":"Desserts and Sweets"}]},"featured_image_src_large":["https:\/\/sultanspices.es\/wp-content\/uploads\/2023\/08\/SoanPapdi500g-1024x1024.jpg",1024,1024,true],"author_info":[],"comment_info":0,"jetpack_sharing_enabled":true,"_links":{"self":[{"href":"https:\/\/sultanspices.es\/es\/wp-json\/wp\/v2\/product\/3250","targetHints":{"allow":["GET"]}}],"collection":[{"href":"https:\/\/sultanspices.es\/es\/wp-json\/wp\/v2\/product"}],"about":[{"href":"https:\/\/sultanspices.es\/es\/wp-json\/wp\/v2\/types\/product"}],"replies":[{"embeddable":true,"href":"https:\/\/sultanspices.es\/es\/wp-json\/wp\/v2\/comments?post=3250"}],"wp:featuredmedia":[{"embeddable":true,"href":"https:\/\/sultanspices.es\/es\/wp-json\/wp\/v2\/media\/2460"}],"wp:attachment":[{"href":"https:\/\/sultanspices.es\/es\/wp-json\/wp\/v2\/media?parent=3250"}],"wp:term":[{"taxonomy":"product_brand","embeddable":true,"href":"https:\/\/sultanspices.es\/es\/wp-json\/wp\/v2\/product_brand?post=3250"},{"taxonomy":"product_cat","embeddable":true,"href":"https:\/\/sultanspices.es\/es\/wp-json\/wp\/v2\/product_cat?post=3250"},{"taxonomy":"product_tag","embeddable":true,"href":"https:\/\/sultanspices.es\/es\/wp-json\/wp\/v2\/product_tag?post=3250"}],"curies":[{"name":"wp","href":"https:\/\/api.w.org\/{rel}","templated":true}]}}