{"id":3248,"date":"2023-09-22T21:37:54","date_gmt":"2023-09-22T19:37:54","guid":{"rendered":"https:\/\/sultanspices.es\/?post_type=product&#038;p=3248"},"modified":"2025-07-19T10:59:53","modified_gmt":"2025-07-19T08:59:53","slug":"metro-agarbatti","status":"publish","type":"product","link":"https:\/\/sultanspices.es\/es\/producto\/metro-agarbatti\/","title":{"rendered":"METRO AGARBATTI"},"content":{"rendered":"<div class=\"group w-full text-token-text-primary border-b border-black\/10 dark:border-gray-900\/50 bg-gray-50 dark:bg-[#444654]\">\n<div class=\"flex p-4 gap-4 text-base md:gap-6 md:max-w-2xl lg:max-w-[38rem] xl:max-w-3xl md:py-6 lg:px-0 m-auto\">\n<div class=\"relative flex w-[calc(100%-50px)] flex-col gap-1 md:gap-3 lg:w-[calc(100%-115px)]\">\n<div class=\"flex flex-grow flex-col gap-3\">\n<div class=\"min-h-[20px] flex flex-col items-start gap-3 overflow-x-auto whitespace-pre-wrap break-words\">\n<div class=\"markdown prose w-full break-words dark:prose-invert light\">\n<p>Experimente un ambiente relajante y arom\u00e1tico con Metro Agarbatti. Elaboradas con esmero, estas varitas de incienso est\u00e1n dise\u00f1adas para crear una atm\u00f3sfera tranquila en tu espacio. Metro Agarbatti ofrece una gama de fragancias cautivadoras que elevan tus sentidos y proporcionan una sensaci\u00f3n de calma. Ya sea para meditar, relajarse o mejorar el ambiente de su hogar, Metro Agarbatti a\u00f1ade un toque de serenidad a su entorno. Elija entre una variedad de esencias que se adaptan a sus preferencias y sum\u00e9rjase en el encantador mundo de los aromas con Metro Agarbatti.<\/p>\n<\/div>\n<\/div>\n<\/div>\n<\/div>\n<\/div>\n<\/div>","protected":false},"excerpt":{"rendered":"<p>Experimente un ambiente relajante y arom\u00e1tico con Metro Agarbatti. Elaboradas con esmero, estas varitas de incienso est\u00e1n dise\u00f1adas para crear una atm\u00f3sfera tranquila en tu espacio. Metro Agarbatti ofrece una gama de fragancias cautivadoras que elevan tus sentidos y proporcionan una sensaci\u00f3n de calma. Ya sea para meditar, relajarse o mejorar el ambiente de su hogar, Metro...<\/p>","protected":false},"featured_media":2462,"comment_status":"open","ping_status":"closed","template":"","meta":{"_kad_blocks_custom_css":"","_kad_blocks_head_custom_js":"","_kad_blocks_body_custom_js":"","_kad_blocks_footer_custom_js":"","_kadence_starter_templates_imported_post":false,"_kad_post_transparent":"","_kad_post_title":"","_kad_post_layout":"","_kad_post_sidebar_id":"","_kad_post_content_style":"","_kad_post_vertical_padding":"","_kad_post_feature":"","_kad_post_feature_position":"","_kad_post_header":false,"_kad_post_footer":false,"_kad_post_classname":""},"product_brand":[],"product_cat":[64],"product_tag":[],"class_list":{"0":"post-3248","1":"product","2":"type-product","3":"status-publish","4":"has-post-thumbnail","6":"product_cat-fragrances","8":"first","9":"outofstock","10":"shipping-taxable","11":"purchasable","12":"product-type-simple","13":"entry","14":"content-bg","15":"loop-entry"},"taxonomy_info":{"product_cat":[{"value":64,"label":"Fragrances"}]},"featured_image_src_large":["https:\/\/sultanspices.es\/wp-content\/uploads\/2023\/08\/metroAgarbatti-1024x1024.jpg",1024,1024,true],"author_info":[],"comment_info":0,"jetpack_sharing_enabled":true,"_links":{"self":[{"href":"https:\/\/sultanspices.es\/es\/wp-json\/wp\/v2\/product\/3248","targetHints":{"allow":["GET"]}}],"collection":[{"href":"https:\/\/sultanspices.es\/es\/wp-json\/wp\/v2\/product"}],"about":[{"href":"https:\/\/sultanspices.es\/es\/wp-json\/wp\/v2\/types\/product"}],"replies":[{"embeddable":true,"href":"https:\/\/sultanspices.es\/es\/wp-json\/wp\/v2\/comments?post=3248"}],"wp:featuredmedia":[{"embeddable":true,"href":"https:\/\/sultanspices.es\/es\/wp-json\/wp\/v2\/media\/2462"}],"wp:attachment":[{"href":"https:\/\/sultanspices.es\/es\/wp-json\/wp\/v2\/media?parent=3248"}],"wp:term":[{"taxonomy":"product_brand","embeddable":true,"href":"https:\/\/sultanspices.es\/es\/wp-json\/wp\/v2\/product_brand?post=3248"},{"taxonomy":"product_cat","embeddable":true,"href":"https:\/\/sultanspices.es\/es\/wp-json\/wp\/v2\/product_cat?post=3248"},{"taxonomy":"product_tag","embeddable":true,"href":"https:\/\/sultanspices.es\/es\/wp-json\/wp\/v2\/product_tag?post=3248"}],"curies":[{"name":"wp","href":"https:\/\/api.w.org\/{rel}","templated":true}]}}