{"id":3223,"date":"2023-09-22T21:37:51","date_gmt":"2023-09-22T19:37:51","guid":{"rendered":"https:\/\/sultanspices.es\/?post_type=product&#038;p=3223"},"modified":"2026-02-23T12:40:50","modified_gmt":"2026-02-23T11:40:50","slug":"kewra-water-ali-baba-190ml","status":"publish","type":"product","link":"https:\/\/sultanspices.es\/es\/producto\/kewra-agua-ali-baba-190ml\/","title":{"rendered":"AGUA KEWRA ALI BABA 190ML"},"content":{"rendered":"<div class=\"flex-1 overflow-hidden\">\n<div class=\"react-scroll-to-bottom--css-pgoyk-79elbk h-full\">\n<div class=\"react-scroll-to-bottom--css-pgoyk-1n7m0yu\">\n<div class=\"flex flex-col pb-9 text-sm\">\n<div class=\"w-full text-token-text-primary\" data-testid=\"conversation-turn-123\">\n<div class=\"px-4 py-2 justify-center text-base md:gap-6 m-auto\">\n<div class=\"flex flex-1 text-base mx-auto gap-3 md:px-5 lg:px-1 xl:px-5 md:max-w-3xl lg:max-w-[40rem] xl:max-w-[48rem] group final-completion\">\n<div class=\"relative flex w-full flex-col agent-turn\">\n<div class=\"flex-col gap-1 md:gap-3\">\n<div class=\"flex flex-grow flex-col max-w-full\">\n<div class=\"min-h-[20px] text-message flex flex-col items-start gap-3 whitespace-pre-wrap break-words [.text-message+&amp;]:mt-5 overflow-x-auto\" data-message-author-role=\"assistant\" data-message-id=\"3749305d-7971-436d-acda-bcd96e0b56fa\">\n<div class=\"markdown prose w-full break-words dark:prose-invert dark\">\n<p>Eleve sus creaciones culinarias con el ex\u00f3tico aroma del Agua de Kewra Ali Baba 190ml, ahora disponible en Sultan Spices &amp; Supermarket. Esta agua de kewra de primera calidad ofrece una esencia floral \u00fanica que a\u00f1ade un toque de sofisticaci\u00f3n tanto a platos dulces como salados.<\/p>\n<p>El Agua de Kewra Ali Baba se elabora meticulosamente a partir de las mejores flores de kewra, capturando su delicada fragancia y sabor en cada gota. Tanto si hornea postres, prepara biryanis o aromatiza bebidas, un chorrito de agua de kewra a\u00f1ade una dimensi\u00f3n sutil pero encantadora a sus creaciones.<\/p>\n<p>Con su pr\u00e1ctico envase de 190 ml, el Agua de Kewra Ali Baba es perfecta tanto para cocineros caseros como para chefs profesionales. Eleve su cocina con el ex\u00f3tico aroma del agua de kewra y deleite sus sentidos con la belleza atemporal de esta esencia floral.<\/p>\n<p>Experimente la versatilidad culinaria del Agua de Kewra Ali Baba 190ml, ya disponible en Sultan Spices &amp; Supermarket. Transforme sus platos en obras maestras culinarias y deleite su paladar con el encantador sabor del agua de kewra.<\/p>\n<\/div>\n<\/div>\n<\/div>\n<\/div>\n<\/div>\n<\/div>\n<\/div>\n<\/div>\n<\/div>\n<\/div>\n<\/div>\n<\/div>","protected":false},"excerpt":{"rendered":"<p>Eleve sus creaciones culinarias con el ex\u00f3tico aroma del Agua de Kewra Ali Baba 190ml, ahora disponible en Sultan Spices &amp; Supermarket. Esta agua de kewra de primera calidad ofrece una esencia floral \u00fanica que a\u00f1ade un toque de sofisticaci\u00f3n tanto a los platos dulces como a los salados. Ali Baba Kewra Water se elabora meticulosamente a partir de las mejores flores de kewra,...<\/p>","protected":false},"featured_media":4093,"comment_status":"open","ping_status":"closed","template":"","meta":{"_kad_blocks_custom_css":"","_kad_blocks_head_custom_js":"","_kad_blocks_body_custom_js":"","_kad_blocks_footer_custom_js":"","_kadence_starter_templates_imported_post":false,"_kad_post_transparent":"default","_kad_post_title":"","_kad_post_layout":"default","_kad_post_sidebar_id":"","_kad_post_content_style":"default","_kad_post_vertical_padding":"default","_kad_post_feature":"","_kad_post_feature_position":"","_kad_post_header":false,"_kad_post_footer":false,"_kad_post_classname":""},"product_brand":[],"product_cat":[64],"product_tag":[],"class_list":{"0":"post-3223","1":"product","2":"type-product","3":"status-publish","4":"has-post-thumbnail","6":"product_cat-fragrances","8":"first","9":"instock","10":"shipping-taxable","11":"purchasable","12":"product-type-simple","13":"entry","14":"content-bg","15":"loop-entry"},"taxonomy_info":{"product_cat":[{"value":64,"label":"Fragrances"}]},"featured_image_src_large":["https:\/\/sultanspices.es\/wp-content\/uploads\/2023\/11\/ProductsPIX-58-1024x1024.png",1024,1024,true],"author_info":[],"comment_info":0,"jetpack_sharing_enabled":true,"_links":{"self":[{"href":"https:\/\/sultanspices.es\/es\/wp-json\/wp\/v2\/product\/3223","targetHints":{"allow":["GET"]}}],"collection":[{"href":"https:\/\/sultanspices.es\/es\/wp-json\/wp\/v2\/product"}],"about":[{"href":"https:\/\/sultanspices.es\/es\/wp-json\/wp\/v2\/types\/product"}],"replies":[{"embeddable":true,"href":"https:\/\/sultanspices.es\/es\/wp-json\/wp\/v2\/comments?post=3223"}],"wp:featuredmedia":[{"embeddable":true,"href":"https:\/\/sultanspices.es\/es\/wp-json\/wp\/v2\/media\/4093"}],"wp:attachment":[{"href":"https:\/\/sultanspices.es\/es\/wp-json\/wp\/v2\/media?parent=3223"}],"wp:term":[{"taxonomy":"product_brand","embeddable":true,"href":"https:\/\/sultanspices.es\/es\/wp-json\/wp\/v2\/product_brand?post=3223"},{"taxonomy":"product_cat","embeddable":true,"href":"https:\/\/sultanspices.es\/es\/wp-json\/wp\/v2\/product_cat?post=3223"},{"taxonomy":"product_tag","embeddable":true,"href":"https:\/\/sultanspices.es\/es\/wp-json\/wp\/v2\/product_tag?post=3223"}],"curies":[{"name":"wp","href":"https:\/\/api.w.org\/{rel}","templated":true}]}}