{"id":3220,"date":"2023-09-22T21:37:51","date_gmt":"2023-09-22T19:37:51","guid":{"rendered":"https:\/\/sultanspices.es\/?post_type=product&#038;p=3220"},"modified":"2026-03-28T09:36:59","modified_gmt":"2026-03-28T08:36:59","slug":"jeera-pwd-ali-baba-400g","status":"publish","type":"product","link":"https:\/\/sultanspices.es\/es\/producto\/jeera-pwd-ali-baba-400g\/","title":{"rendered":"CUMIN(JEERA) PWD ALI BABA 400G"},"content":{"rendered":"<div class=\"flex-1 overflow-hidden\">\n<div class=\"react-scroll-to-bottom--css-yfihu-79elbk h-full\">\n<div class=\"react-scroll-to-bottom--css-yfihu-1n7m0yu\">\n<div class=\"flex flex-col pb-9 text-sm\">\n<div class=\"w-full text-token-text-primary\" data-testid=\"conversation-turn-131\">\n<div class=\"px-4 py-2 justify-center text-base md:gap-6 m-auto\">\n<div class=\"flex flex-1 text-base mx-auto gap-3 md:px-5 lg:px-1 xl:px-5 md:max-w-3xl lg:max-w-[40rem] xl:max-w-[48rem] group final-completion\">\n<div class=\"relative flex w-full flex-col agent-turn\">\n<div class=\"flex-col gap-1 md:gap-3\">\n<div class=\"flex flex-grow flex-col max-w-full\">\n<div class=\"min-h-[20px] text-message flex flex-col items-start gap-3 whitespace-pre-wrap break-words [.text-message+&amp;]:mt-5 overflow-x-auto\" data-message-author-role=\"assistant\" data-message-id=\"a19a50e1-af4a-4090-88ae-b74bb3b54d08\">\n<div class=\"markdown prose w-full break-words dark:prose-invert dark\">\n<p>Aumente el sabor de sus platos con Ali Baba Jeera en polvo 400 g, ahora en Sultan Spices &amp; Supermarket. Este comino en polvo molido de primera calidad a\u00f1ade un sabor rico y arom\u00e1tico a sus creaciones culinarias, realzando su sabor y aroma.<\/p>\n<p>Ali Baba Jeera Powder se muele meticulosamente a partir de semillas de comino de alta calidad, lo que garantiza su frescura y una \u00f3ptima retenci\u00f3n del sabor. Con su caracter\u00edstico sabor terroso y ligeramente a nuez, el comino en polvo es una especia vers\u00e1til que se utiliza en diversas cocinas de todo el mundo.<\/p>\n<p>Tanto si prepara curry indio, platos de Oriente Medio o cocina mexicana, Ali Baba Jeera en polvo a\u00f1ade profundidad y complejidad a su cocina. Su pr\u00e1ctico envase de 400 g le garantiza un amplio suministro para todas sus aventuras culinarias.<\/p>\n<p>Experimente la versatilidad culinaria de Ali Baba Jeera Polvo 400g, disponible ahora en Sultan Spices &amp; Supermarket. Realce el sabor de sus platos con la riqueza arom\u00e1tica del comino en polvo y deleite su paladar con cada bocado.<\/p>\n<\/div>\n<\/div>\n<\/div>\n<\/div>\n<\/div>\n<\/div>\n<\/div>\n<\/div>\n<\/div>\n<\/div>\n<\/div>\n<\/div>","protected":false},"excerpt":{"rendered":"<p>Aumente el sabor de sus platos con Ali Baba Jeera en polvo 400 g, ahora en Sultan Spices &amp; Supermarket. Este polvo de comino molido de primera calidad a\u00f1ade un sabor rico y arom\u00e1tico a sus creaciones culinarias, realzando su sabor y aroma. Ali Baba Jeera en polvo se muele meticulosamente a partir de semillas de comino de alta calidad, lo que garantiza su frescura y un sabor \u00f3ptimo....<\/p>","protected":false},"featured_media":3629,"comment_status":"open","ping_status":"closed","template":"","meta":{"_kad_blocks_custom_css":"","_kad_blocks_head_custom_js":"","_kad_blocks_body_custom_js":"","_kad_blocks_footer_custom_js":"","_kadence_starter_templates_imported_post":false,"_kad_post_transparent":"default","_kad_post_title":"","_kad_post_layout":"default","_kad_post_sidebar_id":"","_kad_post_content_style":"default","_kad_post_vertical_padding":"default","_kad_post_feature":"","_kad_post_feature_position":"","_kad_post_header":false,"_kad_post_footer":false,"_kad_post_classname":""},"product_brand":[],"product_cat":[50],"product_tag":[],"class_list":{"0":"post-3220","1":"product","2":"type-product","3":"status-publish","4":"has-post-thumbnail","6":"product_cat-spices","8":"first","9":"instock","10":"shipping-taxable","11":"purchasable","12":"product-type-simple","13":"entry","14":"content-bg","15":"loop-entry"},"taxonomy_info":{"product_cat":[{"value":50,"label":"Spices"}]},"featured_image_src_large":["https:\/\/sultanspices.es\/wp-content\/uploads\/2023\/09\/ProductsPIX-2023-11-04T170957.760-1024x1024.png",1024,1024,true],"author_info":[],"comment_info":0,"jetpack_sharing_enabled":true,"_links":{"self":[{"href":"https:\/\/sultanspices.es\/es\/wp-json\/wp\/v2\/product\/3220","targetHints":{"allow":["GET"]}}],"collection":[{"href":"https:\/\/sultanspices.es\/es\/wp-json\/wp\/v2\/product"}],"about":[{"href":"https:\/\/sultanspices.es\/es\/wp-json\/wp\/v2\/types\/product"}],"replies":[{"embeddable":true,"href":"https:\/\/sultanspices.es\/es\/wp-json\/wp\/v2\/comments?post=3220"}],"wp:featuredmedia":[{"embeddable":true,"href":"https:\/\/sultanspices.es\/es\/wp-json\/wp\/v2\/media\/3629"}],"wp:attachment":[{"href":"https:\/\/sultanspices.es\/es\/wp-json\/wp\/v2\/media?parent=3220"}],"wp:term":[{"taxonomy":"product_brand","embeddable":true,"href":"https:\/\/sultanspices.es\/es\/wp-json\/wp\/v2\/product_brand?post=3220"},{"taxonomy":"product_cat","embeddable":true,"href":"https:\/\/sultanspices.es\/es\/wp-json\/wp\/v2\/product_cat?post=3220"},{"taxonomy":"product_tag","embeddable":true,"href":"https:\/\/sultanspices.es\/es\/wp-json\/wp\/v2\/product_tag?post=3220"}],"curies":[{"name":"wp","href":"https:\/\/api.w.org\/{rel}","templated":true}]}}