{"id":3208,"date":"2023-09-22T21:37:48","date_gmt":"2023-09-22T19:37:48","guid":{"rendered":"https:\/\/sultanspices.es\/?post_type=product&#038;p=3208"},"modified":"2026-02-23T12:41:28","modified_gmt":"2026-02-23T11:41:28","slug":"vital-tea-15-kg","status":"publish","type":"product","link":"https:\/\/sultanspices.es\/es\/producto\/vital-tea-15-kg\/","title":{"rendered":"VITAL TE 1,5 KG"},"content":{"rendered":"<p>Descubra el vigorizante sabor de Vital Tea con este paquete de 1,5Kg, perfecto para los entusiastas del t\u00e9. Elaborado a partir de una mezcla cuidadosamente seleccionada de hojas de t\u00e9 de primera calidad, Vital Tea ofrece una experiencia rica y sabrosa con cada sorbo. Ya sea caliente o helado, este t\u00e9 proporciona un refrescante y energizante comienzo del d\u00eda. Disponible para su compra online en Espa\u00f1a, del\u00e9itese con las bondades arom\u00e1ticas de Vital Tea y eleve su experiencia de consumo de t\u00e9.<\/p>","protected":false},"excerpt":{"rendered":"<p>Descubra el vigorizante sabor del T\u00e9 Vital con este paquete de 1,5Kg, perfecto para los entusiastas del t\u00e9. Elaborado a partir de una mezcla cuidadosamente seleccionada de hojas de t\u00e9 de primera calidad, Vital Tea ofrece una experiencia rica y sabrosa con cada sorbo. Ya sea caliente o helado, este t\u00e9 proporciona un refrescante y energizante comienzo del d\u00eda. Disponible en l\u00ednea...<\/p>","protected":false},"featured_media":2099,"comment_status":"closed","ping_status":"closed","template":"","meta":{"_kad_blocks_custom_css":"","_kad_blocks_head_custom_js":"","_kad_blocks_body_custom_js":"","_kad_blocks_footer_custom_js":"","_kadence_starter_templates_imported_post":false,"_kad_post_transparent":"","_kad_post_title":"","_kad_post_layout":"","_kad_post_sidebar_id":"","_kad_post_content_style":"","_kad_post_vertical_padding":"","_kad_post_feature":"","_kad_post_feature_position":"","_kad_post_header":false,"_kad_post_footer":false,"_kad_post_classname":""},"product_brand":[],"product_cat":[57],"product_tag":[],"class_list":{"0":"post-3208","1":"product","2":"type-product","3":"status-publish","4":"has-post-thumbnail","6":"product_cat-tea-chai-pati","8":"first","9":"outofstock","10":"sold-individually","11":"shipping-taxable","12":"purchasable","13":"product-type-simple","14":"entry","15":"content-bg","16":"loop-entry"},"taxonomy_info":{"product_cat":[{"value":57,"label":"Tea (Chai Pati)"}]},"featured_image_src_large":["https:\/\/sultanspices.es\/wp-content\/uploads\/2023\/07\/Screenshot-from-2023-07-08-14-31-06.png",366,556,false],"author_info":[],"comment_info":0,"jetpack_sharing_enabled":true,"_links":{"self":[{"href":"https:\/\/sultanspices.es\/es\/wp-json\/wp\/v2\/product\/3208","targetHints":{"allow":["GET"]}}],"collection":[{"href":"https:\/\/sultanspices.es\/es\/wp-json\/wp\/v2\/product"}],"about":[{"href":"https:\/\/sultanspices.es\/es\/wp-json\/wp\/v2\/types\/product"}],"replies":[{"embeddable":true,"href":"https:\/\/sultanspices.es\/es\/wp-json\/wp\/v2\/comments?post=3208"}],"wp:featuredmedia":[{"embeddable":true,"href":"https:\/\/sultanspices.es\/es\/wp-json\/wp\/v2\/media\/2099"}],"wp:attachment":[{"href":"https:\/\/sultanspices.es\/es\/wp-json\/wp\/v2\/media?parent=3208"}],"wp:term":[{"taxonomy":"product_brand","embeddable":true,"href":"https:\/\/sultanspices.es\/es\/wp-json\/wp\/v2\/product_brand?post=3208"},{"taxonomy":"product_cat","embeddable":true,"href":"https:\/\/sultanspices.es\/es\/wp-json\/wp\/v2\/product_cat?post=3208"},{"taxonomy":"product_tag","embeddable":true,"href":"https:\/\/sultanspices.es\/es\/wp-json\/wp\/v2\/product_tag?post=3208"}],"curies":[{"name":"wp","href":"https:\/\/api.w.org\/{rel}","templated":true}]}}