{"id":3202,"date":"2023-09-22T21:37:47","date_gmt":"2023-09-22T19:37:47","guid":{"rendered":"https:\/\/sultanspices.es\/?post_type=product&#038;p=3202"},"modified":"2026-02-23T12:41:26","modified_gmt":"2026-02-23T11:41:26","slug":"trs-tamarind-paste-400-g","status":"publish","type":"product","link":"https:\/\/sultanspices.es\/es\/producto\/trs-tamarind-paste-400-g\/","title":{"rendered":"PASTA DE TAMARINDO 400 G"},"content":{"rendered":"<div class=\"group w-full text-gray-800 dark:text-gray-100 border-b border-black\/10 dark:border-gray-900\/50 bg-gray-50 dark:bg-[#444654]\">\n<div class=\"flex p-4 gap-4 text-base md:gap-6 md:max-w-2xl lg:max-w-[38rem] xl:max-w-3xl md:py-6 lg:px-0 m-auto\">\n<div class=\"relative flex w-[calc(100%-50px)] flex-col gap-1 md:gap-3 lg:w-[calc(100%-115px)]\">\n<div class=\"flex flex-grow flex-col gap-3\">\n<div class=\"min-h-[20px] flex items-start overflow-x-auto whitespace-pre-wrap break-words flex-col gap-4\">\n<div class=\"markdown prose w-full break-words dark:prose-invert light\">\n<p>Experimente el sabor \u00e1cido y picante de la pasta de tamarindo TRS con este envase de 400 g. Elaborada a partir de pulpa de tamarindo cuidadosamente seleccionada, esta pasta a\u00f1ade una acidez distintiva a sus platos. Tanto si la utiliza en chutneys, currys o adobos, la Pasta de Tamarindo TRS aporta un toque delicioso a sus creaciones culinarias. Es un ingrediente vers\u00e1til que realza el sabor de platos salados y dulces. Disponible para su compra online en Espa\u00f1a, eleve su cocina con el aut\u00e9ntico sabor de la Pasta de Tamarindo TRS.<\/p>\n<p>Palabras clave: TRS Pasta de Tamarindo, paquete de 400g, comprar online, Espa\u00f1a, sabor \u00e1cido, picante, pulpa de tamarindo, acidez distintiva, chutneys, currys, marinadas, ingrediente vers\u00e1til, sabor aut\u00e9ntico, creaciones culinarias.<\/p>\n<\/div>\n<\/div>\n<\/div>\n<\/div>\n<\/div>\n<\/div>","protected":false},"excerpt":{"rendered":"<p>Experimente el sabor \u00e1cido y picante de la pasta de tamarindo TRS con este envase de 400 g. Elaborada a partir de pulpa de tamarindo cuidadosamente seleccionada, esta pasta a\u00f1ade una acidez distintiva a sus platos. Ya se utilice en chutneys, currys o adobos, la Pasta de Tamarindo TRS aporta un toque delicioso a sus creaciones culinarias. Es un ingrediente vers\u00e1til que realza...<\/p>","protected":false},"featured_media":2104,"comment_status":"closed","ping_status":"closed","template":"","meta":{"_kad_blocks_custom_css":"","_kad_blocks_head_custom_js":"","_kad_blocks_body_custom_js":"","_kad_blocks_footer_custom_js":"","_kadence_starter_templates_imported_post":false,"_kad_post_transparent":"","_kad_post_title":"","_kad_post_layout":"","_kad_post_sidebar_id":"","_kad_post_content_style":"","_kad_post_vertical_padding":"","_kad_post_feature":"","_kad_post_feature_position":"","_kad_post_header":false,"_kad_post_footer":false,"_kad_post_classname":""},"product_brand":[],"product_cat":[55],"product_tag":[],"class_list":{"0":"post-3202","1":"product","2":"type-product","3":"status-publish","4":"has-post-thumbnail","6":"product_cat-pastes","8":"first","9":"outofstock","10":"sold-individually","11":"shipping-taxable","12":"purchasable","13":"product-type-simple","14":"entry","15":"content-bg","16":"loop-entry"},"taxonomy_info":{"product_cat":[{"value":55,"label":"Pastes, Pickles &amp; Sauces"}]},"featured_image_src_large":["https:\/\/sultanspices.es\/wp-content\/uploads\/2023\/07\/tamarindpaste400g.jpeg",208,242,false],"author_info":[],"comment_info":0,"jetpack_sharing_enabled":true,"_links":{"self":[{"href":"https:\/\/sultanspices.es\/es\/wp-json\/wp\/v2\/product\/3202","targetHints":{"allow":["GET"]}}],"collection":[{"href":"https:\/\/sultanspices.es\/es\/wp-json\/wp\/v2\/product"}],"about":[{"href":"https:\/\/sultanspices.es\/es\/wp-json\/wp\/v2\/types\/product"}],"replies":[{"embeddable":true,"href":"https:\/\/sultanspices.es\/es\/wp-json\/wp\/v2\/comments?post=3202"}],"wp:featuredmedia":[{"embeddable":true,"href":"https:\/\/sultanspices.es\/es\/wp-json\/wp\/v2\/media\/2104"}],"wp:attachment":[{"href":"https:\/\/sultanspices.es\/es\/wp-json\/wp\/v2\/media?parent=3202"}],"wp:term":[{"taxonomy":"product_brand","embeddable":true,"href":"https:\/\/sultanspices.es\/es\/wp-json\/wp\/v2\/product_brand?post=3202"},{"taxonomy":"product_cat","embeddable":true,"href":"https:\/\/sultanspices.es\/es\/wp-json\/wp\/v2\/product_cat?post=3202"},{"taxonomy":"product_tag","embeddable":true,"href":"https:\/\/sultanspices.es\/es\/wp-json\/wp\/v2\/product_tag?post=3202"}],"curies":[{"name":"wp","href":"https:\/\/api.w.org\/{rel}","templated":true}]}}