{"id":3198,"date":"2023-09-22T21:37:47","date_gmt":"2023-09-22T19:37:47","guid":{"rendered":"https:\/\/sultanspices.es\/?post_type=product&#038;p=3198"},"modified":"2026-02-23T12:41:26","modified_gmt":"2026-02-23T11:41:26","slug":"trs-star-aniseeds-50-g","status":"publish","type":"product","link":"https:\/\/sultanspices.es\/es\/producto\/trs-estrella-anis-50-g\/","title":{"rendered":"AN\u00cdS ESTRELLADO TRS 50 G"},"content":{"rendered":"<div class=\"group w-full text-gray-800 dark:text-gray-100 border-b border-black\/10 dark:border-gray-900\/50 bg-gray-50 dark:bg-[#444654]\">\n<div class=\"flex p-4 gap-4 text-base md:gap-6 md:max-w-2xl lg:max-w-[38rem] xl:max-w-3xl md:py-6 lg:px-0 m-auto\">\n<div class=\"relative flex w-[calc(100%-50px)] flex-col gap-1 md:gap-3 lg:w-[calc(100%-115px)]\">\n<div class=\"flex flex-grow flex-col gap-3\">\n<div class=\"min-h-[20px] flex items-start overflow-x-auto whitespace-pre-wrap break-words flex-col gap-4\">\n<div class=\"markdown prose w-full break-words dark:prose-invert light\">\n<p>Experimente el sabor \u00fanico y arom\u00e1tico de los anises estrellados TRS con este paquete de 50 g. Conocidas por su caracter\u00edstica forma de estrella, estas semillas de an\u00eds son un ingrediente clave en muchos platos indios y asi\u00e1ticos. Los anises estrellados TRS aportan un sabor c\u00e1lido y licoroso al curry, las sopas y los adobos. Tambi\u00e9n se suelen utilizar en mezclas de especias e infusiones. Con su rico aroma e intenso sabor, el An\u00eds Estrellado TRS eleva el sabor de sus creaciones culinarias. Disponibles para su compra online en Espa\u00f1a, lleve la ex\u00f3tica esencia de los Anisetes Estrellas TRS a su cocina.<\/p>\n<p>Palabras clave: An\u00eds Estrellado TRS, paquete de 50g, comprar online, Espa\u00f1a, sabor \u00fanico, arom\u00e1tico, forma distintiva, platos indios y asi\u00e1ticos, sabor c\u00e1lido, parecido al regaliz, currys, sopas, adobos, mezclas de especias, infusiones, rico aroma, sabor intenso, creaciones culinarias.<\/p>\n<\/div>\n<\/div>\n<\/div>\n<\/div>\n<\/div>\n<\/div>","protected":false},"excerpt":{"rendered":"<p>Experimente el sabor \u00fanico y arom\u00e1tico de los anises estrellados TRS con este paquete de 50 g. Conocidas por su caracter\u00edstica forma de estrella, estas semillas de an\u00eds son un ingrediente clave en muchos platos indios y asi\u00e1ticos. Los anises estrellados TRS aportan un sabor c\u00e1lido y a regaliz al curry, las sopas y los adobos. Tambi\u00e9n se utilizan en mezclas de especias y...<\/p>","protected":false},"featured_media":2109,"comment_status":"closed","ping_status":"closed","template":"","meta":{"_kad_blocks_custom_css":"","_kad_blocks_head_custom_js":"","_kad_blocks_body_custom_js":"","_kad_blocks_footer_custom_js":"","_kadence_starter_templates_imported_post":false,"_kad_post_transparent":"","_kad_post_title":"","_kad_post_layout":"","_kad_post_sidebar_id":"","_kad_post_content_style":"","_kad_post_vertical_padding":"","_kad_post_feature":"","_kad_post_feature_position":"","_kad_post_header":false,"_kad_post_footer":false,"_kad_post_classname":""},"product_brand":[],"product_cat":[50],"product_tag":[],"class_list":{"0":"post-3198","1":"product","2":"type-product","3":"status-publish","4":"has-post-thumbnail","6":"product_cat-spices","8":"first","9":"outofstock","10":"sold-individually","11":"shipping-taxable","12":"purchasable","13":"product-type-simple","14":"entry","15":"content-bg","16":"loop-entry"},"taxonomy_info":{"product_cat":[{"value":50,"label":"Spices"}]},"featured_image_src_large":["https:\/\/sultanspices.es\/wp-content\/uploads\/2023\/07\/StarAniseeds50g.webp",500,500,false],"author_info":[],"comment_info":0,"jetpack_sharing_enabled":true,"_links":{"self":[{"href":"https:\/\/sultanspices.es\/es\/wp-json\/wp\/v2\/product\/3198","targetHints":{"allow":["GET"]}}],"collection":[{"href":"https:\/\/sultanspices.es\/es\/wp-json\/wp\/v2\/product"}],"about":[{"href":"https:\/\/sultanspices.es\/es\/wp-json\/wp\/v2\/types\/product"}],"replies":[{"embeddable":true,"href":"https:\/\/sultanspices.es\/es\/wp-json\/wp\/v2\/comments?post=3198"}],"wp:featuredmedia":[{"embeddable":true,"href":"https:\/\/sultanspices.es\/es\/wp-json\/wp\/v2\/media\/2109"}],"wp:attachment":[{"href":"https:\/\/sultanspices.es\/es\/wp-json\/wp\/v2\/media?parent=3198"}],"wp:term":[{"taxonomy":"product_brand","embeddable":true,"href":"https:\/\/sultanspices.es\/es\/wp-json\/wp\/v2\/product_brand?post=3198"},{"taxonomy":"product_cat","embeddable":true,"href":"https:\/\/sultanspices.es\/es\/wp-json\/wp\/v2\/product_cat?post=3198"},{"taxonomy":"product_tag","embeddable":true,"href":"https:\/\/sultanspices.es\/es\/wp-json\/wp\/v2\/product_tag?post=3198"}],"curies":[{"name":"wp","href":"https:\/\/api.w.org\/{rel}","templated":true}]}}