{"id":3197,"date":"2023-09-22T21:37:47","date_gmt":"2023-09-22T19:37:47","guid":{"rendered":"https:\/\/sultanspices.es\/?post_type=product&#038;p=3197"},"modified":"2026-02-23T12:41:26","modified_gmt":"2026-02-23T11:41:26","slug":"trs-soya-chunks-250-g","status":"publish","type":"product","link":"https:\/\/sultanspices.es\/es\/producto\/trs-soya-chunks-250-g\/","title":{"rendered":"TRS DE SOJA EN TROZOS 250 G"},"content":{"rendered":"<div class=\"group w-full text-gray-800 dark:text-gray-100 border-b border-black\/10 dark:border-gray-900\/50 bg-gray-50 dark:bg-[#444654]\">\n<div class=\"flex p-4 gap-4 text-base md:gap-6 md:max-w-2xl lg:max-w-[38rem] xl:max-w-3xl md:py-6 lg:px-0 m-auto\">\n<div class=\"relative flex w-[calc(100%-50px)] flex-col gap-1 md:gap-3 lg:w-[calc(100%-115px)]\">\n<div class=\"flex flex-grow flex-col gap-3\">\n<div class=\"min-h-[20px] flex items-start overflow-x-auto whitespace-pre-wrap break-words flex-col gap-4\">\n<div class=\"markdown prose w-full break-words dark:prose-invert light\">\n<p>Descubra la versatilidad y los beneficios nutricionales de los trozos de soja TRS con este envase de 250 g. Elaborados con harina de soja desgrasada, estos trozos ricos en prote\u00ednas texturizadas son un popular sustituto de la carne en las dietas vegetarianas y veganas. Los trozos de soja TRS son una gran fuente de prote\u00ednas vegetales y pueden utilizarse en una gran variedad de recetas, como curry, salteados y kebabs. Con su textura parecida a la carne y su capacidad para absorber sabores, proporcionan un complemento satisfactorio y nutritivo a sus comidas. Disponibles para su compra online en Espa\u00f1a, eleve el nivel de su cocina con las bondades de los trozos de soja TRS.<\/p>\n<p>Palabras clave: TRS Soja en trozos, paquete de 250g, comprar online, Espa\u00f1a, prote\u00edna texturizada, vegetariano, vegano, prote\u00edna de origen vegetal, sustituto de la carne, vers\u00e1til, curry, salteados, kebabs, textura similar a la carne, nutritivo, satisfactorio, eleva tu cocina.<\/p>\n<\/div>\n<\/div>\n<\/div>\n<\/div>\n<\/div>\n<\/div>","protected":false},"excerpt":{"rendered":"<p>Descubra la versatilidad y los beneficios nutricionales de los trozos de soja TRS con este envase de 250 g. Elaborados con harina de soja desgrasada, estos trozos ricos en prote\u00ednas texturizadas son un popular sustituto de la carne en las dietas vegetarianas y veganas. Los trozos de soja TRS son una gran fuente de prote\u00ednas vegetales y pueden utilizarse en una gran variedad de recetas, como curry, salteados,...<\/p>","protected":false},"featured_media":2114,"comment_status":"closed","ping_status":"closed","template":"","meta":{"_kad_blocks_custom_css":"","_kad_blocks_head_custom_js":"","_kad_blocks_body_custom_js":"","_kad_blocks_footer_custom_js":"","_kadence_starter_templates_imported_post":false,"_kad_post_transparent":"","_kad_post_title":"","_kad_post_layout":"","_kad_post_sidebar_id":"","_kad_post_content_style":"","_kad_post_vertical_padding":"","_kad_post_feature":"","_kad_post_feature_position":"","_kad_post_header":false,"_kad_post_footer":false,"_kad_post_classname":""},"product_brand":[],"product_cat":[50],"product_tag":[],"class_list":{"0":"post-3197","1":"product","2":"type-product","3":"status-publish","4":"has-post-thumbnail","6":"product_cat-spices","8":"first","9":"outofstock","10":"sold-individually","11":"shipping-taxable","12":"purchasable","13":"product-type-simple","14":"entry","15":"content-bg","16":"loop-entry"},"taxonomy_info":{"product_cat":[{"value":50,"label":"Spices"}]},"featured_image_src_large":["https:\/\/sultanspices.es\/wp-content\/uploads\/2023\/07\/TRSSoyaChunks.jpeg",254,198,false],"author_info":[],"comment_info":0,"jetpack_sharing_enabled":true,"_links":{"self":[{"href":"https:\/\/sultanspices.es\/es\/wp-json\/wp\/v2\/product\/3197","targetHints":{"allow":["GET"]}}],"collection":[{"href":"https:\/\/sultanspices.es\/es\/wp-json\/wp\/v2\/product"}],"about":[{"href":"https:\/\/sultanspices.es\/es\/wp-json\/wp\/v2\/types\/product"}],"replies":[{"embeddable":true,"href":"https:\/\/sultanspices.es\/es\/wp-json\/wp\/v2\/comments?post=3197"}],"wp:featuredmedia":[{"embeddable":true,"href":"https:\/\/sultanspices.es\/es\/wp-json\/wp\/v2\/media\/2114"}],"wp:attachment":[{"href":"https:\/\/sultanspices.es\/es\/wp-json\/wp\/v2\/media?parent=3197"}],"wp:term":[{"taxonomy":"product_brand","embeddable":true,"href":"https:\/\/sultanspices.es\/es\/wp-json\/wp\/v2\/product_brand?post=3197"},{"taxonomy":"product_cat","embeddable":true,"href":"https:\/\/sultanspices.es\/es\/wp-json\/wp\/v2\/product_cat?post=3197"},{"taxonomy":"product_tag","embeddable":true,"href":"https:\/\/sultanspices.es\/es\/wp-json\/wp\/v2\/product_tag?post=3197"}],"curies":[{"name":"wp","href":"https:\/\/api.w.org\/{rel}","templated":true}]}}