{"id":3182,"date":"2023-09-22T21:37:47","date_gmt":"2023-09-22T19:37:47","guid":{"rendered":"https:\/\/sultanspices.es\/?post_type=product&#038;p=3182"},"modified":"2026-04-14T10:31:45","modified_gmt":"2026-04-14T08:31:45","slug":"trs-madras-curry-powder-100-g","status":"publish","type":"product","link":"https:\/\/sultanspices.es\/es\/producto\/trs-madras-curry-polvo-100-g\/","title":{"rendered":"CURRY PWD SUAVE TRS 100G"},"content":{"rendered":"<div class=\"group w-full text-gray-800 dark:text-gray-100 border-b border-black\/10 dark:border-gray-900\/50 bg-gray-50 dark:bg-[#444654]\">\n<div class=\"flex p-4 gap-4 text-base md:gap-6 md:max-w-2xl lg:max-w-[38rem] xl:max-w-3xl md:py-6 lg:px-0 m-auto\">\n<div class=\"relative flex w-[calc(100%-50px)] flex-col gap-1 md:gap-3 lg:w-[calc(100%-115px)]\">\n<div class=\"flex flex-grow flex-col gap-3\">\n<div class=\"min-h-[20px] flex items-start overflow-x-auto whitespace-pre-wrap break-words flex-col gap-4\">\n<div class=\"markdown prose w-full break-words dark:prose-invert light\">\n<p>A\u00f1ada un aut\u00e9ntico sabor de Madr\u00e1s a sus platos con el curry en polvo Madr\u00e1s de TRS. Este envase de 100 g ofrece una mezcla de especias arom\u00e1ticas que capturan los sabores de la cocina del sur de la India. El curry en polvo de Madr\u00e1s TRS es perfecto para crear sabrosos currys, salteados y adobos. Proporciona un equilibrio de calor, sabor y notas arom\u00e1ticas, dando a sus platos un sabor delicioso y distintivo. Disponible para su compra online en Espa\u00f1a, eleve su cocina con los vibrantes sabores del Curry en Polvo de Madr\u00e1s TRS.<\/p>\n<p>Palabras clave: TRS Madras Curry en Polvo, envase de 100g, comprar online, Espa\u00f1a, sabor aut\u00e9ntico, Madras, especias arom\u00e1ticas, cocina del sur de la India, sabrosos currys, salteados, marinados, equilibrio de picante, acidez, notas arom\u00e1ticas, sabor distintivo, eleva tu cocina, sabores vibrantes.<\/p>\n<\/div>\n<\/div>\n<\/div>\n<\/div>\n<\/div>\n<\/div>","protected":false},"excerpt":{"rendered":"<p>A\u00f1ada un aut\u00e9ntico sabor de Madr\u00e1s a sus platos con el curry en polvo Madr\u00e1s de TRS. Este envase de 100 g ofrece una mezcla de especias arom\u00e1ticas que capturan los sabores de la cocina del sur de la India. El curry en polvo de Madr\u00e1s TRS es perfecto para crear sabrosos currys, salteados y adobos. Proporciona un equilibrio de calor, sabor y notas arom\u00e1ticas,...<\/p>","protected":false},"featured_media":2125,"comment_status":"closed","ping_status":"closed","template":"","meta":{"_kad_blocks_custom_css":"","_kad_blocks_head_custom_js":"","_kad_blocks_body_custom_js":"","_kad_blocks_footer_custom_js":"","_kadence_starter_templates_imported_post":false,"_kad_post_transparent":"","_kad_post_title":"","_kad_post_layout":"","_kad_post_sidebar_id":"","_kad_post_content_style":"","_kad_post_vertical_padding":"","_kad_post_feature":"","_kad_post_feature_position":"","_kad_post_header":false,"_kad_post_footer":false,"_kad_post_classname":""},"product_brand":[],"product_cat":[50],"product_tag":[],"class_list":{"0":"post-3182","1":"product","2":"type-product","3":"status-publish","4":"has-post-thumbnail","6":"product_cat-spices","8":"first","9":"instock","10":"sold-individually","11":"shipping-taxable","12":"purchasable","13":"product-type-simple","14":"entry","15":"content-bg","16":"loop-entry"},"taxonomy_info":{"product_cat":[{"value":50,"label":"Spices"}]},"featured_image_src_large":["https:\/\/sultanspices.es\/wp-content\/uploads\/2023\/07\/MildMadras100g.jpeg",225,225,false],"author_info":[],"comment_info":0,"jetpack_sharing_enabled":true,"_links":{"self":[{"href":"https:\/\/sultanspices.es\/es\/wp-json\/wp\/v2\/product\/3182","targetHints":{"allow":["GET"]}}],"collection":[{"href":"https:\/\/sultanspices.es\/es\/wp-json\/wp\/v2\/product"}],"about":[{"href":"https:\/\/sultanspices.es\/es\/wp-json\/wp\/v2\/types\/product"}],"replies":[{"embeddable":true,"href":"https:\/\/sultanspices.es\/es\/wp-json\/wp\/v2\/comments?post=3182"}],"wp:featuredmedia":[{"embeddable":true,"href":"https:\/\/sultanspices.es\/es\/wp-json\/wp\/v2\/media\/2125"}],"wp:attachment":[{"href":"https:\/\/sultanspices.es\/es\/wp-json\/wp\/v2\/media?parent=3182"}],"wp:term":[{"taxonomy":"product_brand","embeddable":true,"href":"https:\/\/sultanspices.es\/es\/wp-json\/wp\/v2\/product_brand?post=3182"},{"taxonomy":"product_cat","embeddable":true,"href":"https:\/\/sultanspices.es\/es\/wp-json\/wp\/v2\/product_cat?post=3182"},{"taxonomy":"product_tag","embeddable":true,"href":"https:\/\/sultanspices.es\/es\/wp-json\/wp\/v2\/product_tag?post=3182"}],"curies":[{"name":"wp","href":"https:\/\/api.w.org\/{rel}","templated":true}]}}