{"id":3165,"date":"2023-09-22T21:37:43","date_gmt":"2023-09-22T19:37:43","guid":{"rendered":"https:\/\/sultanspices.es\/?post_type=product&#038;p=3165"},"modified":"2026-02-23T12:41:25","modified_gmt":"2026-02-23T11:41:25","slug":"trs-dehusked-roasted-chana-mahableshwari-daria-gota-300g","status":"publish","type":"product","link":"https:\/\/sultanspices.es\/es\/producto\/trs-dehusked-asado-chana-mahableshwari-daria-gota-300g\/","title":{"rendered":"TRS DEHUSKED ROASTED CHANA - MAHABLESHWARI DARIA GOTA 300G"},"content":{"rendered":"<div class=\"group w-full text-gray-800 dark:text-gray-100 border-b border-black\/10 dark:border-gray-900\/50 bg-gray-50 dark:bg-[#444654]\">\n<div class=\"flex p-4 gap-4 text-base md:gap-6 md:max-w-2xl lg:max-w-[38rem] xl:max-w-3xl md:py-6 lg:px-0 m-auto\">\n<div class=\"relative flex w-[calc(100%-50px)] flex-col gap-1 md:gap-3 lg:w-[calc(100%-115px)]\">\n<div class=\"flex flex-grow flex-col gap-3\">\n<div class=\"min-h-[20px] flex items-start overflow-x-auto whitespace-pre-wrap break-words flex-col gap-4\">\n<div class=\"markdown prose w-full break-words dark:prose-invert light\">\n<p>Disfrute del crujido saludable de TRS Dehusked Roasted Chana, tambi\u00e9n conocido como Mahableshwari Daria Gota, con este paquete de 300 g. Elaborados con garbanzos descascarillados y tostados, estos sabrosos y nutritivos aperitivos son perfectos para picar sobre la marcha. TRS Dehusked Roasted Chana proporciona una opci\u00f3n rica en prote\u00ednas y fibra para sus necesidades de aperitivos. Ya sea como tentempi\u00e9 independiente o a\u00f1adido a chaats y mezclas de frutos secos, ofrece una experiencia satisfactoria y saludable. Disponible para su compra online en Espa\u00f1a, saboree las bondades de TRS Dehusked Roasted Chana - Mahableshwari Daria Gota.<\/p>\n<p>Palabras clave: TRS Dehusked Roasted Chana, Mahableshwari Daria Gota, envase de 300g, comprar online, Espa\u00f1a, sabrosos aperitivos, garbanzos descascarillados, tostados, ricos en prote\u00ednas, repletos de fibra, picar sobre la marcha, aperitivo independiente, chaats, mezclas de frutos secos, satisfactorio, saludable, saborear la bondad.<\/p>\n<\/div>\n<\/div>\n<\/div>\n<\/div>\n<\/div>\n<\/div>","protected":false},"excerpt":{"rendered":"<p>Disfrute del crujiente sabor de los garbanzos tostados descascarillados TRS, tambi\u00e9n conocidos como Mahableshwari Daria Gota, con este paquete de 300 g. Elaborados con garbanzos descascarillados y tostados, estos sabrosos y nutritivos aperitivos son perfectos para picar sobre la marcha. TRS Dehusked Roasted Chana proporciona una opci\u00f3n rica en prote\u00ednas y fibra para sus necesidades de aperitivos. Ya sea como...<\/p>","protected":false},"featured_media":2130,"comment_status":"closed","ping_status":"closed","template":"","meta":{"_kad_blocks_custom_css":"","_kad_blocks_head_custom_js":"","_kad_blocks_body_custom_js":"","_kad_blocks_footer_custom_js":"","_kadence_starter_templates_imported_post":false,"_kad_post_transparent":"","_kad_post_title":"","_kad_post_layout":"","_kad_post_sidebar_id":"","_kad_post_content_style":"","_kad_post_vertical_padding":"","_kad_post_feature":"","_kad_post_feature_position":"","_kad_post_header":false,"_kad_post_footer":false,"_kad_post_classname":""},"product_brand":[],"product_cat":[47],"product_tag":[],"class_list":{"0":"post-3165","1":"product","2":"type-product","3":"status-publish","4":"has-post-thumbnail","6":"product_cat-lentils","8":"first","9":"outofstock","10":"sold-individually","11":"shipping-taxable","12":"purchasable","13":"product-type-simple","14":"entry","15":"content-bg","16":"loop-entry"},"taxonomy_info":{"product_cat":[{"value":47,"label":"Lentils"}]},"featured_image_src_large":["https:\/\/sultanspices.es\/wp-content\/uploads\/2023\/07\/TRS-300g-Mahableshwari-Daria-Gota-9016994-2.jpg",1024,800,false],"author_info":[],"comment_info":0,"jetpack_sharing_enabled":true,"_links":{"self":[{"href":"https:\/\/sultanspices.es\/es\/wp-json\/wp\/v2\/product\/3165","targetHints":{"allow":["GET"]}}],"collection":[{"href":"https:\/\/sultanspices.es\/es\/wp-json\/wp\/v2\/product"}],"about":[{"href":"https:\/\/sultanspices.es\/es\/wp-json\/wp\/v2\/types\/product"}],"replies":[{"embeddable":true,"href":"https:\/\/sultanspices.es\/es\/wp-json\/wp\/v2\/comments?post=3165"}],"wp:featuredmedia":[{"embeddable":true,"href":"https:\/\/sultanspices.es\/es\/wp-json\/wp\/v2\/media\/2130"}],"wp:attachment":[{"href":"https:\/\/sultanspices.es\/es\/wp-json\/wp\/v2\/media?parent=3165"}],"wp:term":[{"taxonomy":"product_brand","embeddable":true,"href":"https:\/\/sultanspices.es\/es\/wp-json\/wp\/v2\/product_brand?post=3165"},{"taxonomy":"product_cat","embeddable":true,"href":"https:\/\/sultanspices.es\/es\/wp-json\/wp\/v2\/product_cat?post=3165"},{"taxonomy":"product_tag","embeddable":true,"href":"https:\/\/sultanspices.es\/es\/wp-json\/wp\/v2\/product_tag?post=3165"}],"curies":[{"name":"wp","href":"https:\/\/api.w.org\/{rel}","templated":true}]}}