{"id":3164,"date":"2023-09-22T21:37:43","date_gmt":"2023-09-22T19:37:43","guid":{"rendered":"https:\/\/sultanspices.es\/?post_type=product&#038;p=3164"},"modified":"2025-07-19T10:59:47","modified_gmt":"2025-07-19T08:59:47","slug":"trs-dalchini-50-g","status":"publish","type":"product","link":"https:\/\/sultanspices.es\/es\/producto\/trs-dalchini-50-g\/","title":{"rendered":"TRS DALCHINI 50 G"},"content":{"rendered":"<div class=\"group w-full text-gray-800 dark:text-gray-100 border-b border-black\/10 dark:border-gray-900\/50 bg-gray-50 dark:bg-[#444654]\">\n<div class=\"flex p-4 gap-4 text-base md:gap-6 md:max-w-2xl lg:max-w-[38rem] xl:max-w-3xl md:py-6 lg:px-0 m-auto\">\n<div class=\"relative flex w-[calc(100%-50px)] flex-col gap-1 md:gap-3 lg:w-[calc(100%-115px)]\">\n<div class=\"flex flex-grow flex-col gap-3\">\n<div class=\"min-h-[20px] flex items-start overflow-x-auto whitespace-pre-wrap break-words flex-col gap-4\">\n<div class=\"markdown prose w-full break-words dark:prose-invert light\">\n<p>Realce el sabor de sus platos con Dalchini (canela) TRS con este paquete de 50 g. Dalchini, conocida por su sabor c\u00e1lido y dulce, es una especia vers\u00e1til muy utilizada tanto en recetas dulces como saladas. La Dalchini TRS a\u00f1ade un aroma delicioso y un toque de dulzor al curry, los postres, las bebidas y los productos horneados. Tambi\u00e9n se valora por sus posibles beneficios para la salud. Disponible para su compra online en Espa\u00f1a, eleve sus creaciones culinarias con el arom\u00e1tico y sabroso TRS Dalchini.<\/p>\n<p>Palabras clave: TRS Dalchini, Canela, paquete de 50g, comprar online, Espa\u00f1a, sabor c\u00e1lido, sabor dulce, especia vers\u00e1til, curry, postres, bebidas, productos horneados, aroma, toque de dulzura, beneficios potenciales para la salud, eleva tus creaciones culinarias, arom\u00e1tico y sabroso.<\/p>\n<\/div>\n<\/div>\n<\/div>\n<\/div>\n<\/div>\n<\/div>","protected":false},"excerpt":{"rendered":"<p>Realce el sabor de sus platos con Dalchini (canela) TRS con este paquete de 50 g. Dalchini, conocida por su sabor c\u00e1lido y dulce, es una especia vers\u00e1til muy utilizada tanto en recetas dulces como saladas. TRS Dalchini a\u00f1ade un aroma delicioso y un toque de dulzor al curry, los postres, las bebidas y los productos horneados. Tambi\u00e9n es...<\/p>","protected":false},"featured_media":2136,"comment_status":"closed","ping_status":"closed","template":"","meta":{"_kad_blocks_custom_css":"","_kad_blocks_head_custom_js":"","_kad_blocks_body_custom_js":"","_kad_blocks_footer_custom_js":"","_kadence_starter_templates_imported_post":false,"_kad_post_transparent":"","_kad_post_title":"","_kad_post_layout":"","_kad_post_sidebar_id":"","_kad_post_content_style":"","_kad_post_vertical_padding":"","_kad_post_feature":"","_kad_post_feature_position":"","_kad_post_header":false,"_kad_post_footer":false,"_kad_post_classname":""},"product_brand":[],"product_cat":[50],"product_tag":[],"class_list":{"0":"post-3164","1":"product","2":"type-product","3":"status-publish","4":"has-post-thumbnail","6":"product_cat-spices","8":"first","9":"outofstock","10":"sold-individually","11":"shipping-taxable","12":"purchasable","13":"product-type-simple","14":"entry","15":"content-bg","16":"loop-entry"},"taxonomy_info":{"product_cat":[{"value":50,"label":"Spices"}]},"featured_image_src_large":["https:\/\/sultanspices.es\/wp-content\/uploads\/2023\/07\/TRSCinamonSticks50g.webp",500,500,false],"author_info":[],"comment_info":0,"jetpack_sharing_enabled":true,"_links":{"self":[{"href":"https:\/\/sultanspices.es\/es\/wp-json\/wp\/v2\/product\/3164","targetHints":{"allow":["GET"]}}],"collection":[{"href":"https:\/\/sultanspices.es\/es\/wp-json\/wp\/v2\/product"}],"about":[{"href":"https:\/\/sultanspices.es\/es\/wp-json\/wp\/v2\/types\/product"}],"replies":[{"embeddable":true,"href":"https:\/\/sultanspices.es\/es\/wp-json\/wp\/v2\/comments?post=3164"}],"wp:featuredmedia":[{"embeddable":true,"href":"https:\/\/sultanspices.es\/es\/wp-json\/wp\/v2\/media\/2136"}],"wp:attachment":[{"href":"https:\/\/sultanspices.es\/es\/wp-json\/wp\/v2\/media?parent=3164"}],"wp:term":[{"taxonomy":"product_brand","embeddable":true,"href":"https:\/\/sultanspices.es\/es\/wp-json\/wp\/v2\/product_brand?post=3164"},{"taxonomy":"product_cat","embeddable":true,"href":"https:\/\/sultanspices.es\/es\/wp-json\/wp\/v2\/product_cat?post=3164"},{"taxonomy":"product_tag","embeddable":true,"href":"https:\/\/sultanspices.es\/es\/wp-json\/wp\/v2\/product_tag?post=3164"}],"curies":[{"name":"wp","href":"https:\/\/api.w.org\/{rel}","templated":true}]}}