{"id":3151,"date":"2023-09-22T21:37:42","date_gmt":"2023-09-22T19:37:42","guid":{"rendered":"https:\/\/sultanspices.es\/?post_type=product&#038;p=3151"},"modified":"2026-02-23T12:41:24","modified_gmt":"2026-02-23T11:41:24","slug":"trs-black-salt-100-g","status":"publish","type":"product","link":"https:\/\/sultanspices.es\/es\/producto\/trs-negro-sal-100-g-2\/","title":{"rendered":"TRS SAL NEGRA 100 G"},"content":{"rendered":"<div class=\"group w-full text-gray-800 dark:text-gray-100 border-b border-black\/10 dark:border-gray-900\/50 bg-gray-50 dark:bg-[#444654]\">\n<div class=\"flex p-4 gap-4 text-base md:gap-6 md:max-w-2xl lg:max-w-[38rem] xl:max-w-3xl md:py-6 lg:px-0 m-auto\">\n<div class=\"relative flex w-[calc(100%-50px)] flex-col gap-1 md:gap-3 lg:w-[calc(100%-115px)]\">\n<div class=\"flex flex-grow flex-col gap-3\">\n<div class=\"min-h-[20px] flex items-start overflow-x-auto whitespace-pre-wrap break-words flex-col gap-4\">\n<div class=\"markdown prose w-full break-words dark:prose-invert light\">\n<p>Experimente el sabor \u00fanico y distintivo de la Sal Negra TRS con este paquete de 100g. Tambi\u00e9n conocida como Kala Namak, la sal negra TRS es una sal especial utilizada en la cocina india. Ofrece un sabor ligeramente sulfuroso y \u00e1cido que a\u00f1ade profundidad a los chaats, chutneys y aperitivos salados. La sal negra TRS tambi\u00e9n es un ingrediente popular en la cocina ayurv\u00e9dica y vegana. Disponible para su compra online en Espa\u00f1a, eleve sus creaciones culinarias con el aut\u00e9ntico sabor de la Sal Negra TRS.<\/p>\n<p>Palabras clave: TRS Sal Negra, Kala Namak, paquete de 100g, comprar online, Espa\u00f1a, sabor \u00fanico, sabor distintivo, cocina india, sulfurosa, \u00e1cida, chaats, chutneys, aperitivos salados, cocina ayurv\u00e9dica, cocina vegana, eleva tus creaciones culinarias, sabor aut\u00e9ntico.<\/p>\n<\/div>\n<\/div>\n<\/div>\n<\/div>\n<\/div>\n<\/div>","protected":false},"excerpt":{"rendered":"<p>Experimente el sabor \u00fanico y distintivo de la Sal Negra TRS con este paquete de 100g. Tambi\u00e9n conocida como Kala Namak, la sal negra TRS es una sal especial utilizada en la cocina india. Ofrece un sabor ligeramente sulfuroso y \u00e1cido, a\u00f1adiendo profundidad a chaats, chutneys y aperitivos salados. La sal negra TRS tambi\u00e9n es un ingrediente popular en...<\/p>","protected":false},"featured_media":2156,"comment_status":"closed","ping_status":"closed","template":"","meta":{"_kad_blocks_custom_css":"","_kad_blocks_head_custom_js":"","_kad_blocks_body_custom_js":"","_kad_blocks_footer_custom_js":"","_kadence_starter_templates_imported_post":false,"_kad_post_transparent":"","_kad_post_title":"","_kad_post_layout":"","_kad_post_sidebar_id":"","_kad_post_content_style":"","_kad_post_vertical_padding":"","_kad_post_feature":"","_kad_post_feature_position":"","_kad_post_header":false,"_kad_post_footer":false,"_kad_post_classname":""},"product_brand":[],"product_cat":[50],"product_tag":[],"class_list":{"0":"post-3151","1":"product","2":"type-product","3":"status-publish","4":"has-post-thumbnail","6":"product_cat-spices","8":"first","9":"outofstock","10":"sold-individually","11":"shipping-taxable","12":"purchasable","13":"product-type-simple","14":"entry","15":"content-bg","16":"loop-entry"},"taxonomy_info":{"product_cat":[{"value":50,"label":"Spices"}]},"featured_image_src_large":["https:\/\/sultanspices.es\/wp-content\/uploads\/2023\/07\/TRSBlackSalt100g.jpg",700,700,false],"author_info":[],"comment_info":0,"jetpack_sharing_enabled":true,"_links":{"self":[{"href":"https:\/\/sultanspices.es\/es\/wp-json\/wp\/v2\/product\/3151","targetHints":{"allow":["GET"]}}],"collection":[{"href":"https:\/\/sultanspices.es\/es\/wp-json\/wp\/v2\/product"}],"about":[{"href":"https:\/\/sultanspices.es\/es\/wp-json\/wp\/v2\/types\/product"}],"replies":[{"embeddable":true,"href":"https:\/\/sultanspices.es\/es\/wp-json\/wp\/v2\/comments?post=3151"}],"wp:featuredmedia":[{"embeddable":true,"href":"https:\/\/sultanspices.es\/es\/wp-json\/wp\/v2\/media\/2156"}],"wp:attachment":[{"href":"https:\/\/sultanspices.es\/es\/wp-json\/wp\/v2\/media?parent=3151"}],"wp:term":[{"taxonomy":"product_brand","embeddable":true,"href":"https:\/\/sultanspices.es\/es\/wp-json\/wp\/v2\/product_brand?post=3151"},{"taxonomy":"product_cat","embeddable":true,"href":"https:\/\/sultanspices.es\/es\/wp-json\/wp\/v2\/product_cat?post=3151"},{"taxonomy":"product_tag","embeddable":true,"href":"https:\/\/sultanspices.es\/es\/wp-json\/wp\/v2\/product_tag?post=3151"}],"curies":[{"name":"wp","href":"https:\/\/api.w.org\/{rel}","templated":true}]}}