{"id":3140,"date":"2023-09-22T21:37:39","date_gmt":"2023-09-22T19:37:39","guid":{"rendered":"https:\/\/sultanspices.es\/?post_type=product&#038;p=3140"},"modified":"2026-02-23T12:41:24","modified_gmt":"2026-02-23T11:41:24","slug":"trs-jeera-powder-400g","status":"publish","type":"product","link":"https:\/\/sultanspices.es\/es\/producto\/trs-jeera-polvo-400g\/","title":{"rendered":"TRS JEERA EN POLVO 400G"},"content":{"rendered":"<div class=\"group w-full text-gray-800 dark:text-gray-100 border-b border-black\/10 dark:border-gray-900\/50 bg-gray-50 dark:bg-[#444654]\">\n<div class=\"flex p-4 gap-4 text-base md:gap-6 md:max-w-2xl lg:max-w-[38rem] xl:max-w-3xl md:py-6 lg:px-0 m-auto\">\n<div class=\"relative flex w-[calc(100%-50px)] flex-col gap-1 md:gap-3 lg:w-[calc(100%-115px)]\">\n<div class=\"flex flex-grow flex-col gap-3\">\n<div class=\"min-h-[20px] flex items-start overflow-x-auto whitespace-pre-wrap break-words flex-col gap-4\">\n<div class=\"markdown prose w-full break-words dark:prose-invert light\">\n<p>Realce el sabor de sus platos con el comino en polvo TRS Jeera. Este paquete de 400 g ofrece comino en polvo finamente molido que a\u00f1ade un sabor distintivo y arom\u00e1tico a sus recetas. El comino en polvo TRS es perfecto para condimentar currys, dals, arroces y mezclas de especias. Conocido por su sabor terroso y c\u00e1lido, el comino es una especia vers\u00e1til utilizada en cocinas de todo el mundo. Mejore sus creaciones culinarias con el aut\u00e9ntico sabor del comino en polvo TRS Jeera. Disponible para su compra en l\u00ednea, a\u00f1ada un toque de sabor a sus comidas con TRS.<\/p>\n<p>Palabras clave: TRS Jeera en polvo, comino en polvo, paquete de 400g, comprar online, sabor distintivo, especia arom\u00e1tica, finamente molido, condimentos, curry, dals, platos de arroz, mezclas de especias, sabor terroso, sabor c\u00e1lido, elevar su cocina, sabor aut\u00e9ntico, comprar online.<\/p>\n<\/div>\n<\/div>\n<\/div>\n<\/div>\n<\/div>\n<\/div>","protected":false},"excerpt":{"rendered":"<p>Realce el sabor de sus platos con el comino en polvo TRS Jeera. Este paquete de 400 g ofrece comino en polvo finamente molido que a\u00f1ade un sabor distintivo y arom\u00e1tico a sus recetas. El comino en polvo TRS es perfecto para condimentar currys, dals, arroces y mezclas de especias. Conocido por su sabor terroso y c\u00e1lido, el comino es una especia vers\u00e1til...<\/p>","protected":false},"featured_media":2180,"comment_status":"closed","ping_status":"closed","template":"","meta":{"_kad_blocks_custom_css":"","_kad_blocks_head_custom_js":"","_kad_blocks_body_custom_js":"","_kad_blocks_footer_custom_js":"","_kadence_starter_templates_imported_post":false,"_kad_post_transparent":"","_kad_post_title":"","_kad_post_layout":"","_kad_post_sidebar_id":"","_kad_post_content_style":"","_kad_post_vertical_padding":"","_kad_post_feature":"","_kad_post_feature_position":"","_kad_post_header":false,"_kad_post_footer":false,"_kad_post_classname":""},"product_brand":[],"product_cat":[50],"product_tag":[],"class_list":{"0":"post-3140","1":"product","2":"type-product","3":"status-publish","4":"has-post-thumbnail","6":"product_cat-spices","8":"first","9":"instock","10":"sale","11":"sold-individually","12":"shipping-taxable","13":"purchasable","14":"product-type-simple","15":"entry","16":"content-bg","17":"loop-entry"},"taxonomy_info":{"product_cat":[{"value":50,"label":"Spices"}]},"featured_image_src_large":["https:\/\/sultanspices.es\/wp-content\/uploads\/2023\/07\/TRSGroundCumin400g.webp",600,600,false],"author_info":[],"comment_info":0,"jetpack_sharing_enabled":true,"_links":{"self":[{"href":"https:\/\/sultanspices.es\/es\/wp-json\/wp\/v2\/product\/3140","targetHints":{"allow":["GET"]}}],"collection":[{"href":"https:\/\/sultanspices.es\/es\/wp-json\/wp\/v2\/product"}],"about":[{"href":"https:\/\/sultanspices.es\/es\/wp-json\/wp\/v2\/types\/product"}],"replies":[{"embeddable":true,"href":"https:\/\/sultanspices.es\/es\/wp-json\/wp\/v2\/comments?post=3140"}],"wp:featuredmedia":[{"embeddable":true,"href":"https:\/\/sultanspices.es\/es\/wp-json\/wp\/v2\/media\/2180"}],"wp:attachment":[{"href":"https:\/\/sultanspices.es\/es\/wp-json\/wp\/v2\/media?parent=3140"}],"wp:term":[{"taxonomy":"product_brand","embeddable":true,"href":"https:\/\/sultanspices.es\/es\/wp-json\/wp\/v2\/product_brand?post=3140"},{"taxonomy":"product_cat","embeddable":true,"href":"https:\/\/sultanspices.es\/es\/wp-json\/wp\/v2\/product_cat?post=3140"},{"taxonomy":"product_tag","embeddable":true,"href":"https:\/\/sultanspices.es\/es\/wp-json\/wp\/v2\/product_tag?post=3140"}],"curies":[{"name":"wp","href":"https:\/\/api.w.org\/{rel}","templated":true}]}}