{"id":3123,"date":"2023-09-22T21:37:38","date_gmt":"2023-09-22T19:37:38","guid":{"rendered":"https:\/\/sultanspices.es\/?post_type=product&#038;p=3123"},"modified":"2025-07-19T10:59:43","modified_gmt":"2025-07-19T08:59:43","slug":"schani-mango-chutney-sweet-5kg","status":"publish","type":"product","link":"https:\/\/sultanspices.es\/es\/producto\/schani-mango-chutney-dulce-5kg\/","title":{"rendered":"SCHANI MANGO CHUTNEY DULCE 5KG"},"content":{"rendered":"<div class=\"group w-full text-gray-800 dark:text-gray-100 border-b border-black\/10 dark:border-gray-900\/50 bg-gray-50 dark:bg-[#444654]\">\n<div class=\"flex p-4 gap-4 text-base md:gap-6 md:max-w-2xl lg:max-w-[38rem] xl:max-w-3xl md:py-6 lg:px-0 m-auto\">\n<div class=\"relative flex w-[calc(100%-50px)] flex-col gap-1 md:gap-3 lg:w-[calc(100%-115px)]\">\n<div class=\"flex flex-grow flex-col gap-3\">\n<div class=\"min-h-[20px] flex items-start overflow-x-auto whitespace-pre-wrap break-words flex-col gap-4\">\n<div class=\"markdown prose w-full break-words dark:prose-invert light\">\n<p>Experimente los deliciosos y dulces sabores del Chutney de Mango Schani. Este envase de 5 kg ofrece un generoso suministro de chutney de mango suave y afrutado, perfecto para a\u00f1adir un toque \u00e1cido y dulce a sus comidas. El Chutney de Mango Schani se elabora con mangos maduros cuidadosamente seleccionados, mezclados con especias y condimentos para crear un condimento perfectamente equilibrado. Combina bien con una gran variedad de platos, como curry, s\u00e1ndwiches y aperitivos. Mejore sus creaciones culinarias con el aut\u00e9ntico sabor del Chutney de Mango Schani. Disponible para su compra en l\u00ednea, disfrute del delicioso sabor de este dulce chutney.<\/p>\n<p>Palabras clave: Schani Mango Chutney Dulce, paquete de 5kg, compra online, sabores deliciosos, sabor dulce, textura suave, chutney afrutado, toque \u00e1cido, mangos maduros, condimento equilibrado, currys, s\u00e1ndwiches, aperitivos, eleva tu cocina, sabor aut\u00e9ntico, bondad que hace agua la boca, compra online, compra online.<\/p>\n<\/div>\n<\/div>\n<\/div>\n<\/div>\n<\/div>\n<\/div>","protected":false},"excerpt":{"rendered":"<p>Experimente los deliciosos y dulces sabores del Chutney de Mango Schani. Este envase de 5 kg ofrece un generoso suministro de chutney de mango suave y afrutado, perfecto para a\u00f1adir un toque \u00e1cido y dulce a sus comidas. Schani Mango Chutney se elabora con mangos maduros cuidadosamente seleccionados, mezclados con especias y condimentos para crear un condimento perfectamente equilibrado....<\/p>","protected":false},"featured_media":2186,"comment_status":"closed","ping_status":"closed","template":"","meta":{"_kad_blocks_custom_css":"","_kad_blocks_head_custom_js":"","_kad_blocks_body_custom_js":"","_kad_blocks_footer_custom_js":"","_kadence_starter_templates_imported_post":false,"_kad_post_transparent":"","_kad_post_title":"","_kad_post_layout":"","_kad_post_sidebar_id":"","_kad_post_content_style":"","_kad_post_vertical_padding":"","_kad_post_feature":"","_kad_post_feature_position":"","_kad_post_header":false,"_kad_post_footer":false,"_kad_post_classname":""},"product_brand":[],"product_cat":[55],"product_tag":[],"class_list":{"0":"post-3123","1":"product","2":"type-product","3":"status-publish","4":"has-post-thumbnail","6":"product_cat-pastes","8":"first","9":"outofstock","10":"sold-individually","11":"shipping-taxable","12":"purchasable","13":"product-type-simple","14":"entry","15":"content-bg","16":"loop-entry"},"taxonomy_info":{"product_cat":[{"value":55,"label":"Pastes, Pickles &amp; Sauces"}]},"featured_image_src_large":["https:\/\/sultanspices.es\/wp-content\/uploads\/2023\/07\/5kgSchanimango-1024x1024.webp",1024,1024,true],"author_info":[],"comment_info":0,"jetpack_sharing_enabled":true,"_links":{"self":[{"href":"https:\/\/sultanspices.es\/es\/wp-json\/wp\/v2\/product\/3123","targetHints":{"allow":["GET"]}}],"collection":[{"href":"https:\/\/sultanspices.es\/es\/wp-json\/wp\/v2\/product"}],"about":[{"href":"https:\/\/sultanspices.es\/es\/wp-json\/wp\/v2\/types\/product"}],"replies":[{"embeddable":true,"href":"https:\/\/sultanspices.es\/es\/wp-json\/wp\/v2\/comments?post=3123"}],"wp:featuredmedia":[{"embeddable":true,"href":"https:\/\/sultanspices.es\/es\/wp-json\/wp\/v2\/media\/2186"}],"wp:attachment":[{"href":"https:\/\/sultanspices.es\/es\/wp-json\/wp\/v2\/media?parent=3123"}],"wp:term":[{"taxonomy":"product_brand","embeddable":true,"href":"https:\/\/sultanspices.es\/es\/wp-json\/wp\/v2\/product_brand?post=3123"},{"taxonomy":"product_cat","embeddable":true,"href":"https:\/\/sultanspices.es\/es\/wp-json\/wp\/v2\/product_cat?post=3123"},{"taxonomy":"product_tag","embeddable":true,"href":"https:\/\/sultanspices.es\/es\/wp-json\/wp\/v2\/product_tag?post=3123"}],"curies":[{"name":"wp","href":"https:\/\/api.w.org\/{rel}","templated":true}]}}