{"id":3118,"date":"2023-09-22T21:37:35","date_gmt":"2023-09-22T19:37:35","guid":{"rendered":"https:\/\/sultanspices.es\/?post_type=product&#038;p=3118"},"modified":"2026-02-23T12:41:12","modified_gmt":"2026-02-23T11:41:12","slug":"red-lentils-masoor-dal-2kg-hf","status":"publish","type":"product","link":"https:\/\/sultanspices.es\/es\/producto\/red-lentils-masoor-dal-2kg-hf\/","title":{"rendered":"LENTEJAS ROJAS MASOOR DAL 2KG HF"},"content":{"rendered":"<div class=\"group w-full text-gray-800 dark:text-gray-100 border-b border-black\/10 dark:border-gray-900\/50 bg-gray-50 dark:bg-[#444654]\">\n<div class=\"flex p-4 gap-4 text-base md:gap-6 md:max-w-2xl lg:max-w-[38rem] xl:max-w-3xl md:py-6 lg:px-0 m-auto\">\n<div class=\"relative flex w-[calc(100%-50px)] flex-col gap-1 md:gap-3 lg:w-[calc(100%-115px)]\">\n<div class=\"flex flex-grow flex-col gap-3\">\n<div class=\"min-h-[20px] flex items-start overflow-x-auto whitespace-pre-wrap break-words flex-col gap-4\">\n<div class=\"markdown prose w-full break-words dark:prose-invert light\">\n<p>Saboree el rico sabor y las bondades nutritivas de las lentejas rojas HF (Masoor Dal). Este paquete de 2 kg ofrece lentejas rojas de alta calidad que son perfectas para a\u00f1adir a sus recetas de dal favoritas. Las lentejas rojas HF son conocidas por su r\u00e1pida cocci\u00f3n y tierna textura, lo que las convierte en una opci\u00f3n vers\u00e1til y pr\u00e1ctica para las comidas diarias. Son una gran fuente de prote\u00ednas vegetales, fibra y nutrientes esenciales. Mejore sus creaciones culinarias con las sanas y deliciosas Lentejas Rojas HF. Disponibles para su compra en l\u00ednea, disfrute de los beneficios nutritivos de este alimento b\u00e1sico en la cocina.<\/p>\n<p>Palabras clave: Lentejas rojas, Masoor Dal, paquete de 2 kg, HF, rico sabor, bondad nutricional, lentejas de alta calidad, cocci\u00f3n r\u00e1pida, textura tierna, ingrediente vers\u00e1til, opci\u00f3n conveniente, prote\u00edna de origen vegetal, rica en fibra, nutrientes esenciales, eleve su cocina, sana y deliciosa, compra en l\u00ednea, beneficios nutritivos, comprar en l\u00ednea.<\/p>\n<\/div>\n<\/div>\n<\/div>\n<\/div>\n<\/div>\n<\/div>","protected":false},"excerpt":{"rendered":"<p>Saboree el rico sabor y las bondades nutritivas de las lentejas rojas HF (Masoor Dal). Este paquete de 2 kg ofrece lentejas rojas de alta calidad que son perfectas para a\u00f1adir a sus recetas de dal favoritas. Las lentejas rojas HF son conocidas por su r\u00e1pida cocci\u00f3n y tierna textura, lo que las convierte en una opci\u00f3n vers\u00e1til y pr\u00e1ctica para las comidas diarias. Son...<\/p>","protected":false},"featured_media":0,"comment_status":"closed","ping_status":"closed","template":"","meta":{"_kad_blocks_custom_css":"","_kad_blocks_head_custom_js":"","_kad_blocks_body_custom_js":"","_kad_blocks_footer_custom_js":"","_kadence_starter_templates_imported_post":false,"_kad_post_transparent":"","_kad_post_title":"","_kad_post_layout":"","_kad_post_sidebar_id":"","_kad_post_content_style":"","_kad_post_vertical_padding":"","_kad_post_feature":"","_kad_post_feature_position":"","_kad_post_header":false,"_kad_post_footer":false,"_kad_post_classname":""},"product_brand":[],"product_cat":[47],"product_tag":[],"class_list":{"0":"post-3118","1":"product","2":"type-product","3":"status-publish","5":"product_cat-lentils","7":"first","8":"outofstock","9":"sold-individually","10":"shipping-taxable","11":"purchasable","12":"product-type-simple","13":"entry","14":"content-bg","15":"loop-entry"},"taxonomy_info":{"product_cat":[{"value":47,"label":"Lentils"}]},"featured_image_src_large":false,"author_info":[],"comment_info":0,"jetpack_sharing_enabled":true,"_links":{"self":[{"href":"https:\/\/sultanspices.es\/es\/wp-json\/wp\/v2\/product\/3118","targetHints":{"allow":["GET"]}}],"collection":[{"href":"https:\/\/sultanspices.es\/es\/wp-json\/wp\/v2\/product"}],"about":[{"href":"https:\/\/sultanspices.es\/es\/wp-json\/wp\/v2\/types\/product"}],"replies":[{"embeddable":true,"href":"https:\/\/sultanspices.es\/es\/wp-json\/wp\/v2\/comments?post=3118"}],"wp:attachment":[{"href":"https:\/\/sultanspices.es\/es\/wp-json\/wp\/v2\/media?parent=3118"}],"wp:term":[{"taxonomy":"product_brand","embeddable":true,"href":"https:\/\/sultanspices.es\/es\/wp-json\/wp\/v2\/product_brand?post=3118"},{"taxonomy":"product_cat","embeddable":true,"href":"https:\/\/sultanspices.es\/es\/wp-json\/wp\/v2\/product_cat?post=3118"},{"taxonomy":"product_tag","embeddable":true,"href":"https:\/\/sultanspices.es\/es\/wp-json\/wp\/v2\/product_tag?post=3118"}],"curies":[{"name":"wp","href":"https:\/\/api.w.org\/{rel}","templated":true}]}}