{"id":3113,"date":"2023-09-22T21:37:35","date_gmt":"2023-09-22T19:37:35","guid":{"rendered":"https:\/\/sultanspices.es\/?post_type=product&#038;p=3113"},"modified":"2026-02-23T12:41:12","modified_gmt":"2026-02-23T11:41:12","slug":"pure-mustard-oil-250-g-trs","status":"publish","type":"product","link":"https:\/\/sultanspices.es\/es\/producto\/pure-mustard-oil-250-g-trs\/","title":{"rendered":"ACEITE DE MOSTAZA PURO 250 G TRS"},"content":{"rendered":"<div class=\"group w-full text-gray-800 dark:text-gray-100 border-b border-black\/10 dark:border-gray-900\/50 bg-gray-50 dark:bg-[#444654]\">\n<div class=\"flex p-4 gap-4 text-base md:gap-6 md:max-w-2xl lg:max-w-[38rem] xl:max-w-3xl md:py-6 lg:px-0 m-auto\">\n<div class=\"relative flex w-[calc(100%-50px)] flex-col gap-1 md:gap-3 lg:w-[calc(100%-115px)]\">\n<div class=\"flex flex-grow flex-col gap-3\">\n<div class=\"min-h-[20px] flex items-start overflow-x-auto whitespace-pre-wrap break-words flex-col gap-4\">\n<div class=\"markdown prose w-full break-words dark:prose-invert light\">\n<p>Experimente los aut\u00e9nticos sabores del aceite puro de mostaza TRS. Este frasco de 250 g contiene aceite de mostaza puro y de alta calidad, conocido por su caracter\u00edstico sabor y aroma picantes. El aceite de mostaza TRS se elabora a partir de semillas de mostaza cuidadosamente seleccionadas, lo que garantiza la mejor calidad y sabor. Es perfecto para realzar el sabor de sus platos, especialmente en la cocina india y del sur de Asia. Con sus beneficios naturales para la salud y su rico perfil de sabor, el aceite puro de mostaza TRS es un ingrediente vers\u00e1til en su cocina. Disponible para su compra en l\u00ednea, mejore su cocina con el aut\u00e9ntico sabor del aceite de mostaza TRS.<\/p>\n<p>Palabras clave: TRS Aceite Puro de Mostaza, frasco de 250g, comprar online, sabores aut\u00e9nticos, sabor acre, aroma distintivo, puro y de alta calidad, semillas de mostaza, la mejor calidad, potenciador del sabor, cocina india, cocina del sur de Asia, beneficios naturales para la salud, ingrediente vers\u00e1til, eleve su cocina, sabor aut\u00e9ntico, compra online, comprar online.<\/p>\n<\/div>\n<\/div>\n<\/div>\n<\/div>\n<\/div>\n<\/div>","protected":false},"excerpt":{"rendered":"<p>Experimente los aut\u00e9nticos sabores del aceite puro de mostaza TRS. Este frasco de 250 g contiene aceite de mostaza puro y de alta calidad, conocido por su caracter\u00edstico sabor y aroma picantes. El Aceite de Mostaza TRS se elabora a partir de semillas de mostaza cuidadosamente seleccionadas, lo que garantiza la mejor calidad y sabor. Es perfecto para realzar el sabor de sus platos, especialmente en...<\/p>","protected":false},"featured_media":2195,"comment_status":"closed","ping_status":"closed","template":"","meta":{"_kad_blocks_custom_css":"","_kad_blocks_head_custom_js":"","_kad_blocks_body_custom_js":"","_kad_blocks_footer_custom_js":"","_kadence_starter_templates_imported_post":false,"_kad_post_transparent":"","_kad_post_title":"","_kad_post_layout":"","_kad_post_sidebar_id":"","_kad_post_content_style":"","_kad_post_vertical_padding":"","_kad_post_feature":"","_kad_post_feature_position":"","_kad_post_header":false,"_kad_post_footer":false,"_kad_post_classname":""},"product_brand":[],"product_cat":[62],"product_tag":[],"class_list":{"0":"post-3113","1":"product","2":"type-product","3":"status-publish","4":"has-post-thumbnail","6":"product_cat-oils","8":"first","9":"outofstock","10":"sold-individually","11":"shipping-taxable","12":"purchasable","13":"product-type-simple","14":"entry","15":"content-bg","16":"loop-entry"},"taxonomy_info":{"product_cat":[{"value":62,"label":"Oils"}]},"featured_image_src_large":["https:\/\/sultanspices.es\/wp-content\/uploads\/2023\/07\/TRS_Pure_Mustard_Oil_-_250ml_512x512.webp",512,512,false],"author_info":[],"comment_info":0,"jetpack_sharing_enabled":true,"_links":{"self":[{"href":"https:\/\/sultanspices.es\/es\/wp-json\/wp\/v2\/product\/3113","targetHints":{"allow":["GET"]}}],"collection":[{"href":"https:\/\/sultanspices.es\/es\/wp-json\/wp\/v2\/product"}],"about":[{"href":"https:\/\/sultanspices.es\/es\/wp-json\/wp\/v2\/types\/product"}],"replies":[{"embeddable":true,"href":"https:\/\/sultanspices.es\/es\/wp-json\/wp\/v2\/comments?post=3113"}],"wp:featuredmedia":[{"embeddable":true,"href":"https:\/\/sultanspices.es\/es\/wp-json\/wp\/v2\/media\/2195"}],"wp:attachment":[{"href":"https:\/\/sultanspices.es\/es\/wp-json\/wp\/v2\/media?parent=3113"}],"wp:term":[{"taxonomy":"product_brand","embeddable":true,"href":"https:\/\/sultanspices.es\/es\/wp-json\/wp\/v2\/product_brand?post=3113"},{"taxonomy":"product_cat","embeddable":true,"href":"https:\/\/sultanspices.es\/es\/wp-json\/wp\/v2\/product_cat?post=3113"},{"taxonomy":"product_tag","embeddable":true,"href":"https:\/\/sultanspices.es\/es\/wp-json\/wp\/v2\/product_tag?post=3113"}],"curies":[{"name":"wp","href":"https:\/\/api.w.org\/{rel}","templated":true}]}}