{"id":3112,"date":"2023-09-22T21:37:35","date_gmt":"2023-09-22T19:37:35","guid":{"rendered":"https:\/\/sultanspices.es\/?post_type=product&#038;p=3112"},"modified":"2026-02-23T12:41:10","modified_gmt":"2026-02-23T11:41:10","slug":"pg-tea-loose-15kg","status":"publish","type":"product","link":"https:\/\/sultanspices.es\/es\/producto\/pg-tea-suelto-15kg\/","title":{"rendered":"PG TIPS T\u00c9 A GRANEL 1,5KG"},"content":{"rendered":"<div class=\"group w-full text-gray-800 dark:text-gray-100 border-b border-black\/10 dark:border-gray-900\/50 bg-gray-50 dark:bg-[#444654]\">\n<div class=\"flex p-4 gap-4 text-base md:gap-6 md:max-w-2xl lg:max-w-[38rem] xl:max-w-3xl md:py-6 lg:px-0 m-auto\">\n<div class=\"relative flex w-[calc(100%-50px)] flex-col gap-1 md:gap-3 lg:w-[calc(100%-115px)]\">\n<div class=\"flex flex-grow flex-col gap-3\">\n<div class=\"min-h-[20px] flex items-start overflow-x-auto whitespace-pre-wrap break-words flex-col gap-4\">\n<div class=\"markdown prose w-full break-words dark:prose-invert light\">\n<p>Del\u00e9itese con los ricos y arom\u00e1ticos sabores de PG Tips Loose Tea. Este paquete de 1,5 kg ofrece una mezcla premium de hojas de t\u00e9 de alta calidad, cuidadosamente seleccionadas por su sabor excepcional. PG Tips Loose Tea ofrece una infusi\u00f3n robusta y satisfactoria, perfecta para disfrutar en cualquier momento del d\u00eda. Tanto si lo prefiere fuerte como con un chorrito de leche, este t\u00e9 a granel proporciona una deliciosa experiencia. Eleve su ritual del t\u00e9 con el aut\u00e9ntico sabor de PG Tips Loose Tea. Disponible para su compra en l\u00ednea, saboree las bondades de este cl\u00e1sico t\u00e9 brit\u00e1nico.<\/p>\n<p>Palabras clave: PG Tips Loose Tea, paquete de 1,5kg, compra online, sabores ricos y arom\u00e1ticos, mezcla premium, hojas de t\u00e9 de alta calidad, infusi\u00f3n robusta, sabor satisfactorio, t\u00e9 fuerte, t\u00e9 con leche, experiencia deliciosa, eleva tu ritual del t\u00e9, sabor aut\u00e9ntico, t\u00e9 brit\u00e1nico cl\u00e1sico, compra online, saborea la bondad, compra online.<\/p>\n<\/div>\n<\/div>\n<\/div>\n<\/div>\n<\/div>\n<\/div>","protected":false},"excerpt":{"rendered":"<p>Del\u00e9itese con los ricos y arom\u00e1ticos sabores de PG Tips Loose Tea. Este paquete de 1,5 kg ofrece una mezcla premium de hojas de t\u00e9 de alta calidad, cuidadosamente seleccionadas por su sabor excepcional. PG Tips Loose Tea ofrece una infusi\u00f3n robusta y satisfactoria, perfecta para disfrutar en cualquier momento del d\u00eda. Tanto si lo prefiere fuerte como...<\/p>","protected":false},"featured_media":2211,"comment_status":"closed","ping_status":"closed","template":"","meta":{"_kad_blocks_custom_css":"","_kad_blocks_head_custom_js":"","_kad_blocks_body_custom_js":"","_kad_blocks_footer_custom_js":"","_kadence_starter_templates_imported_post":false,"_kad_post_transparent":"","_kad_post_title":"","_kad_post_layout":"","_kad_post_sidebar_id":"","_kad_post_content_style":"","_kad_post_vertical_padding":"","_kad_post_feature":"","_kad_post_feature_position":"","_kad_post_header":false,"_kad_post_footer":false,"_kad_post_classname":""},"product_brand":[],"product_cat":[57],"product_tag":[],"class_list":{"0":"post-3112","1":"product","2":"type-product","3":"status-publish","4":"has-post-thumbnail","6":"product_cat-tea-chai-pati","8":"first","9":"instock","10":"sold-individually","11":"shipping-taxable","12":"purchasable","13":"product-type-simple","14":"entry","15":"content-bg","16":"loop-entry"},"taxonomy_info":{"product_cat":[{"value":57,"label":"Tea (Chai Pati)"}]},"featured_image_src_large":["https:\/\/sultanspices.es\/wp-content\/uploads\/2023\/07\/PGLOoseTea15k.jpg",500,500,false],"author_info":[],"comment_info":0,"jetpack_sharing_enabled":true,"_links":{"self":[{"href":"https:\/\/sultanspices.es\/es\/wp-json\/wp\/v2\/product\/3112","targetHints":{"allow":["GET"]}}],"collection":[{"href":"https:\/\/sultanspices.es\/es\/wp-json\/wp\/v2\/product"}],"about":[{"href":"https:\/\/sultanspices.es\/es\/wp-json\/wp\/v2\/types\/product"}],"replies":[{"embeddable":true,"href":"https:\/\/sultanspices.es\/es\/wp-json\/wp\/v2\/comments?post=3112"}],"wp:featuredmedia":[{"embeddable":true,"href":"https:\/\/sultanspices.es\/es\/wp-json\/wp\/v2\/media\/2211"}],"wp:attachment":[{"href":"https:\/\/sultanspices.es\/es\/wp-json\/wp\/v2\/media?parent=3112"}],"wp:term":[{"taxonomy":"product_brand","embeddable":true,"href":"https:\/\/sultanspices.es\/es\/wp-json\/wp\/v2\/product_brand?post=3112"},{"taxonomy":"product_cat","embeddable":true,"href":"https:\/\/sultanspices.es\/es\/wp-json\/wp\/v2\/product_cat?post=3112"},{"taxonomy":"product_tag","embeddable":true,"href":"https:\/\/sultanspices.es\/es\/wp-json\/wp\/v2\/product_tag?post=3112"}],"curies":[{"name":"wp","href":"https:\/\/api.w.org\/{rel}","templated":true}]}}