{"id":3110,"date":"2023-09-22T21:37:35","date_gmt":"2023-09-22T19:37:35","guid":{"rendered":"https:\/\/sultanspices.es\/?post_type=product&#038;p=3110"},"modified":"2026-03-31T12:39:20","modified_gmt":"2026-03-31T10:39:20","slug":"pataks-vindaloo-curry-paste-2-3kg","status":"publish","type":"product","link":"https:\/\/sultanspices.es\/es\/producto\/pataks-vindaloo-pasta-de-curry-2-3kg-2\/","title":{"rendered":"PATAK PASTE VINDALOO CURRY PASTE 2.3KG"},"content":{"rendered":"<div class=\"group w-full text-gray-800 dark:text-gray-100 border-b border-black\/10 dark:border-gray-900\/50 bg-gray-50 dark:bg-[#444654]\">\n<div class=\"flex p-4 gap-4 text-base md:gap-6 md:max-w-2xl lg:max-w-[38rem] xl:max-w-3xl md:py-6 lg:px-0 m-auto\">\n<div class=\"relative flex w-[calc(100%-50px)] flex-col gap-1 md:gap-3 lg:w-[calc(100%-115px)]\">\n<div class=\"flex flex-grow flex-col gap-3\">\n<div class=\"min-h-[20px] flex items-start overflow-x-auto whitespace-pre-wrap break-words flex-col gap-4\">\n<div class=\"markdown prose w-full break-words dark:prose-invert light\">\n<p>Experimente los sabores picantes y atrevidos de la pasta de curry Vindaloo de Patak. Esta tarrina de 2,3 kg ofrece una pasta de curry picante y \u00e1cida, perfecta para crear aut\u00e9nticos platos Vindaloo. La pasta de curry Vindaloo de Patak's se elabora con una mezcla de especias e ingredientes cuidadosamente seleccionados, como chile rojo, ajo y vinagre, para ofrecer un perfil de sabor intenso y robusto. A\u00f1ade profundidad y picante a sus preparaciones de curry, convirti\u00e9ndola en una de las favoritas de los entusiastas de las especias. Mejore sus creaciones culinarias con el aut\u00e9ntico sabor de la pasta de curry Vindaloo de Patak. Disponible para su compra en l\u00ednea, saboree el picante y el sabor de esta cl\u00e1sica pasta de curry india.<\/p>\n<p>Palabras clave: Patak's Vindaloo Curry Paste, tarrina de 2,3kg, compra online, sabores ardientes y atrevidos, aut\u00e9ntico Vindaloo, pasta de curry picante, especias seleccionadas, perfil de sabor intenso, chile rojo, ajo, vinagre, profundidad y picor, preparaciones de curry, entusiastas de las especias, eleva tu cocina, sabor aut\u00e9ntico, pasta de curry cl\u00e1sica de la India, compra online, saborea el picante, compra online.<\/p>\n<\/div>\n<\/div>\n<\/div>\n<\/div>\n<\/div>\n<\/div>","protected":false},"excerpt":{"rendered":"<p>Experimente los sabores picantes y atrevidos de la pasta de curry Vindaloo de Patak. Esta tarrina de 2,3 kg ofrece una pasta de curry picante y \u00e1cida, perfecta para crear aut\u00e9nticos platos Vindaloo. La pasta de curry Vindaloo de Patak's se elabora con una mezcla de especias e ingredientes cuidadosamente seleccionados, como chile rojo, ajo y vinagre, para ofrecer un sabor intenso y robusto....<\/p>","protected":false},"featured_media":2212,"comment_status":"closed","ping_status":"closed","template":"","meta":{"_kad_blocks_custom_css":"","_kad_blocks_head_custom_js":"","_kad_blocks_body_custom_js":"","_kad_blocks_footer_custom_js":"","_kadence_starter_templates_imported_post":false,"_kad_post_transparent":"","_kad_post_title":"","_kad_post_layout":"","_kad_post_sidebar_id":"","_kad_post_content_style":"","_kad_post_vertical_padding":"","_kad_post_feature":"","_kad_post_feature_position":"","_kad_post_header":false,"_kad_post_footer":false,"_kad_post_classname":""},"product_brand":[],"product_cat":[55],"product_tag":[],"class_list":{"0":"post-3110","1":"product","2":"type-product","3":"status-publish","4":"has-post-thumbnail","6":"product_cat-pastes","8":"first","9":"instock","10":"sold-individually","11":"shipping-taxable","12":"purchasable","13":"product-type-simple","14":"entry","15":"content-bg","16":"loop-entry"},"taxonomy_info":{"product_cat":[{"value":55,"label":"Pastes, Pickles &amp; Sauces"}]},"featured_image_src_large":["https:\/\/sultanspices.es\/wp-content\/uploads\/2023\/07\/Pataksvindalloo-769x1024.jpeg",769,1024,true],"author_info":[],"comment_info":0,"jetpack_sharing_enabled":true,"_links":{"self":[{"href":"https:\/\/sultanspices.es\/es\/wp-json\/wp\/v2\/product\/3110","targetHints":{"allow":["GET"]}}],"collection":[{"href":"https:\/\/sultanspices.es\/es\/wp-json\/wp\/v2\/product"}],"about":[{"href":"https:\/\/sultanspices.es\/es\/wp-json\/wp\/v2\/types\/product"}],"replies":[{"embeddable":true,"href":"https:\/\/sultanspices.es\/es\/wp-json\/wp\/v2\/comments?post=3110"}],"wp:featuredmedia":[{"embeddable":true,"href":"https:\/\/sultanspices.es\/es\/wp-json\/wp\/v2\/media\/2212"}],"wp:attachment":[{"href":"https:\/\/sultanspices.es\/es\/wp-json\/wp\/v2\/media?parent=3110"}],"wp:term":[{"taxonomy":"product_brand","embeddable":true,"href":"https:\/\/sultanspices.es\/es\/wp-json\/wp\/v2\/product_brand?post=3110"},{"taxonomy":"product_cat","embeddable":true,"href":"https:\/\/sultanspices.es\/es\/wp-json\/wp\/v2\/product_cat?post=3110"},{"taxonomy":"product_tag","embeddable":true,"href":"https:\/\/sultanspices.es\/es\/wp-json\/wp\/v2\/product_tag?post=3110"}],"curies":[{"name":"wp","href":"https:\/\/api.w.org\/{rel}","templated":true}]}}