{"id":3108,"date":"2023-09-22T21:37:35","date_gmt":"2023-09-22T19:37:35","guid":{"rendered":"https:\/\/sultanspices.es\/?post_type=product&#038;p=3108"},"modified":"2026-02-23T12:41:09","modified_gmt":"2026-02-23T11:41:09","slug":"pataks-tandoori-marinade-paste-2-5kg","status":"publish","type":"product","link":"https:\/\/sultanspices.es\/es\/producto\/pataks-tandoori-pasta-de-granada-2-5kg\/","title":{"rendered":"PASTA PATAK TANDOORI 2580"},"content":{"rendered":"<div class=\"group w-full text-gray-800 dark:text-gray-100 border-b border-black\/10 dark:border-gray-900\/50 bg-gray-50 dark:bg-[#444654]\">\n<div class=\"flex p-4 gap-4 text-base md:gap-6 md:max-w-2xl lg:max-w-[38rem] xl:max-w-3xl md:py-6 lg:px-0 m-auto\">\n<div class=\"relative flex w-[calc(100%-50px)] flex-col gap-1 md:gap-3 lg:w-[calc(100%-115px)]\">\n<div class=\"flex flex-grow flex-col gap-3\">\n<div class=\"min-h-[20px] flex items-start overflow-x-auto whitespace-pre-wrap break-words flex-col gap-4\">\n<div class=\"markdown prose w-full break-words dark:prose-invert light\">\n<p>Impregne sus platos con los sabores atrevidos y aut\u00e9nticos de la pasta para marinar Tandoori de Patak. Esta tarrina de 2,5 kg ofrece una pasta vers\u00e1til y sabrosa, perfecta para marinar carnes y verduras. Patak's Tandoori Marinade Paste se elabora con una mezcla de especias tradicionales, como cilantro, comino, piment\u00f3n y jengibre, para crear un adobo arom\u00e1tico y picante. A\u00f1ade un sabor rico y ahumado a sus creaciones a la parrilla o asadas, que recuerda a la aut\u00e9ntica experiencia tandoori. Mejore su cocina con el aut\u00e9ntico sabor de la pasta Patak's Tandoori Marinade. Disponible para su compra en l\u00ednea, saboree la esencia de la cocina tandoori en su propia cocina.<\/p>\n<p>Palabras clave: Patak's Tandoori Marinade Paste, tarrina de 2,5kg, compra online, sabores atrevidos y aut\u00e9nticos, pasta vers\u00e1til, marinar carnes y verduras, especias tradicionales, cilantro, comino, piment\u00f3n, jengibre, marinado arom\u00e1tico, sabor rico y ahumado, platos a la parrilla o asados, aut\u00e9ntica experiencia tandoori, eleva tu cocina, sabor aut\u00e9ntico, cocina tandoori, compra online, saborea la esencia, compra online.<\/p>\n<\/div>\n<\/div>\n<\/div>\n<\/div>\n<\/div>\n<\/div>","protected":false},"excerpt":{"rendered":"<p>Impregne sus platos con los sabores atrevidos y aut\u00e9nticos de la pasta para marinar Tandoori de Patak. Esta tarrina de 2,5 kg ofrece una pasta vers\u00e1til y sabrosa, perfecta para marinar carnes y verduras. Patak's Tandoori Marinade Paste se elabora con una mezcla de especias tradicionales, como cilantro, comino, piment\u00f3n y jengibre, para crear un adobo arom\u00e1tico y picante. Es...<\/p>","protected":false},"featured_media":2214,"comment_status":"closed","ping_status":"closed","template":"","meta":{"_kad_blocks_custom_css":"","_kad_blocks_head_custom_js":"","_kad_blocks_body_custom_js":"","_kad_blocks_footer_custom_js":"","_kadence_starter_templates_imported_post":false,"_kad_post_transparent":"","_kad_post_title":"","_kad_post_layout":"","_kad_post_sidebar_id":"","_kad_post_content_style":"","_kad_post_vertical_padding":"","_kad_post_feature":"","_kad_post_feature_position":"","_kad_post_header":false,"_kad_post_footer":false,"_kad_post_classname":""},"product_brand":[],"product_cat":[55],"product_tag":[],"class_list":{"0":"post-3108","1":"product","2":"type-product","3":"status-publish","4":"has-post-thumbnail","6":"product_cat-pastes","8":"first","9":"outofstock","10":"sold-individually","11":"shipping-taxable","12":"purchasable","13":"product-type-simple","14":"entry","15":"content-bg","16":"loop-entry"},"taxonomy_info":{"product_cat":[{"value":55,"label":"Pastes, Pickles &amp; Sauces"}]},"featured_image_src_large":["https:\/\/sultanspices.es\/wp-content\/uploads\/2023\/07\/Pataks-Marinade-Tandoori-Paste-2_5kg-Marinades.jpg",800,800,false],"author_info":[],"comment_info":0,"jetpack_sharing_enabled":true,"_links":{"self":[{"href":"https:\/\/sultanspices.es\/es\/wp-json\/wp\/v2\/product\/3108","targetHints":{"allow":["GET"]}}],"collection":[{"href":"https:\/\/sultanspices.es\/es\/wp-json\/wp\/v2\/product"}],"about":[{"href":"https:\/\/sultanspices.es\/es\/wp-json\/wp\/v2\/types\/product"}],"replies":[{"embeddable":true,"href":"https:\/\/sultanspices.es\/es\/wp-json\/wp\/v2\/comments?post=3108"}],"wp:featuredmedia":[{"embeddable":true,"href":"https:\/\/sultanspices.es\/es\/wp-json\/wp\/v2\/media\/2214"}],"wp:attachment":[{"href":"https:\/\/sultanspices.es\/es\/wp-json\/wp\/v2\/media?parent=3108"}],"wp:term":[{"taxonomy":"product_brand","embeddable":true,"href":"https:\/\/sultanspices.es\/es\/wp-json\/wp\/v2\/product_brand?post=3108"},{"taxonomy":"product_cat","embeddable":true,"href":"https:\/\/sultanspices.es\/es\/wp-json\/wp\/v2\/product_cat?post=3108"},{"taxonomy":"product_tag","embeddable":true,"href":"https:\/\/sultanspices.es\/es\/wp-json\/wp\/v2\/product_tag?post=3108"}],"curies":[{"name":"wp","href":"https:\/\/api.w.org\/{rel}","templated":true}]}}